{"id":10187,"date":"2024-06-12T08:07:58","date_gmt":"2024-06-12T12:07:58","guid":{"rendered":"https:\/\/academiaphilashes.com\/?page_id=10187"},"modified":"2024-10-23T12:10:24","modified_gmt":"2024-10-23T16:10:24","slug":"extension-craft-master","status":"publish","type":"page","link":"https:\/\/academiaphilashes.com\/en\/servicios\/extension-craft-master\/","title":{"rendered":"Extensi\u00f3n Craft Master"},"content":{"rendered":"\t\t<div data-elementor-type=\"wp-page\" data-elementor-id=\"10187\" class=\"elementor elementor-10187\" data-elementor-post-type=\"page\">\n\t\t\t\t<div data-particle_enable=\"false\" data-particle-mobile-disabled=\"false\" class=\"elementor-element elementor-element-1aae351 e-con-full e-flex e-con e-parent\" data-id=\"1aae351\" data-element_type=\"container\" data-e-type=\"container\" data-settings=\"{&quot;background_background&quot;:&quot;gradient&quot;}\">\n\t\t<div data-particle_enable=\"false\" data-particle-mobile-disabled=\"false\" class=\"elementor-element elementor-element-4393430 e-con-full e-flex e-con e-child\" data-id=\"4393430\" data-element_type=\"container\" data-e-type=\"container\" data-settings=\"{&quot;background_background&quot;:&quot;classic&quot;}\">\n\t\t\t\t<div class=\"elementor-element elementor-element-b04dda0 elementor-widget-divider--view-line elementor-widget elementor-widget-divider\" data-id=\"b04dda0\" data-element_type=\"widget\" data-e-type=\"widget\" data-widget_type=\"divider.default\">\n\t\t\t\t<div class=\"elementor-widget-container\">\n\t\t\t\t\t\t\t<div class=\"elementor-divider\">\n\t\t\t<span class=\"elementor-divider-separator\">\n\t\t\t\t\t\t<\/span>\n\t\t<\/div>\n\t\t\t\t\t\t<\/div>\n\t\t\t\t<\/div>\n\t\t\t\t<div class=\"elementor-element elementor-element-21fc8bc elementor-widget__width-initial elementor-widget elementor-widget-text-editor\" data-id=\"21fc8bc\" data-element_type=\"widget\" data-e-type=\"widget\" data-widget_type=\"text-editor.default\">\n\t\t\t\t<div class=\"elementor-widget-container\">\n\t\t\t\t\t\t\t\t\t<p>CraftMaster es la plataforma educativa en l\u00ednea m\u00e1s grande del mundo en la industria de la belleza, con m\u00e1s de 300 cursos en l\u00ednea diferentes impartidos por artistas expertos de todo el mundo.<\/p><p>\u00danase a los m\u00e1s de 56 mil estudiantes que est\u00e1n dominando nuevas habilidades, adquiere tu renovaci\u00f3n de la Extensi\u00f3n de forma r\u00e1pida y segura.<\/p>\t\t\t\t\t\t\t\t<\/div>\n\t\t\t\t<\/div>\n\t\t\t\t<div class=\"elementor-element elementor-element-676ba1d elementor-widget elementor-widget-spacer\" data-id=\"676ba1d\" data-element_type=\"widget\" data-e-type=\"widget\" data-widget_type=\"spacer.default\">\n\t\t\t\t<div class=\"elementor-widget-container\">\n\t\t\t\t\t\t\t<div class=\"elementor-spacer\">\n\t\t\t<div class=\"elementor-spacer-inner\"><\/div>\n\t\t<\/div>\n\t\t\t\t\t\t<\/div>\n\t\t\t\t<\/div>\n\t\t\t\t<div class=\"elementor-element elementor-element-5cb33c6 elementor-widget-tablet__width-initial elementor-widget elementor-widget-ucaddon_woocommerce_product_grid\" data-id=\"5cb33c6\" data-element_type=\"widget\" data-e-type=\"widget\" data-widget_type=\"ucaddon_woocommerce_product_grid.default\">\n\t\t\t\t<div class=\"elementor-widget-container\">\n\t\t\t\t\t\n<!-- start WooCommerce Product Grid -->\n\t\t<link id='font-awesome-css' href='https:\/\/academiaphilashes.com\/wp-content\/plugins\/unlimited-elements-for-elementor-premium\/assets_libraries\/font-awesome6\/fontawesome-all.min.css' type='text\/css' rel='stylesheet' >\n\t\t<link id='font-awesome-4-shim-css' href='https:\/\/academiaphilashes.com\/wp-content\/plugins\/unlimited-elements-for-elementor-premium\/assets_libraries\/font-awesome6\/fontawesome-v4-shims.min.css' type='text\/css' rel='stylesheet' >\n\n<style>\/* widget: WooCommerce Product Grid *\/\n\n\n\n#uc_woocommerce_product_grid_elementor_5cb33c6 * {\n\t-webkit-box-sizing: border-box;\n\t-moz-box-sizing: border-box;\n\tbox-sizing: border-box;\n    \n}\n\n#uc_woocommerce_product_grid_elementor_5cb33c6 .ue_woocommerce_product_label-custom-field{\n\tz-index: 100;\n}\n\n#uc_woocommerce_product_grid_elementor_5cb33c6 .uc_post_grid_style_one_item{\n\ttransition: all.3s;\n}\n\n#uc_woocommerce_product_grid_elementor_5cb33c6 span.add-to-cart__loader{\n  \tposition: absolute;\n  \tright: 0;\n  \ttop: 50%;\n  \ttransform: translate(0, -50%);\n  \tline-height: 1em;\n}\n#uc_woocommerce_product_grid_elementor_5cb33c6 .add_to_cart_button.loading span.add-to-cart__loader{\n\tdisplay: inline-block !important;\n}\n\n#uc_woocommerce_product_grid_elementor_5cb33c6 .uc-grid-count-buttons{\n\tdisplay: flex;\n}\n\n#uc_woocommerce_product_grid_elementor_5cb33c6 .uc-grid-count-buttons button{\n\tdisplay: flex;\n    align-items:center;\n    justify-content:center;\n    flex-grow:0;\n    flex-shrink:0;\n    line-height:1em;\n}\n\n#uc_woocommerce_product_grid_elementor_5cb33c6 .uc-grid-count-buttons button:disabled{\n\topacity:0.5;\n}\n\n#uc_woocommerce_product_grid_elementor_5cb33c6 .uc-grid-count-buttons button svg{\n\theight:1em;\n    width:1em;\n}\n\n#uc_woocommerce_product_grid_elementor_5cb33c6 input.uc-grid-count-buttons__number{\n  text-align:center;\n  flex-grow:1;\n}\n\n\n#uc_woocommerce_product_grid_elementor_5cb33c6 \n{\n  margin:0 auto;\n  position:relative;  \n}\n\n.uc_post_grid_style_one .uc_post_grid_style_one_item {\n\tcolor: #111;\n\tfont-size: 16px;\n\toverflow: hidden;\n  \tposition: relative;\n}\n#uc_woocommerce_product_grid_elementor_5cb33c6 .uc_post_grid_style_one_image {\n\twidth: 100%;\n\toverflow: hidden;\n\tdisplay: block;\n  \tposition: relative;\n}\n#uc_woocommerce_product_grid_elementor_5cb33c6 .uc_post_image {\n    position:relative;\n\tdisplay: block;\n\ttransition: all 0.25s ease-in-out;\n    overflow:hidden;\n}\n\n#uc_woocommerce_product_grid_elementor_5cb33c6 .uc_post_image--second{\n  \twidth: 100%;\n    height: 100%;\n    object-fit: cover;\n\tposition: absolute;\n  \ttop: 0;\n  \tright: 0;\n  \t  \t\t  \t\t\ttransform: translate(100%, 0);\n  \t\t    \n  \t \n  \ttransition: all .3s;\n}\n\n#uc_woocommerce_product_grid_elementor_5cb33c6 .uc_post_grid_style_one_image:hover .uc_post_image--second{  \n  \t\t\ttransform: translate(0, 0);\n  \t}\n\n#uc_woocommerce_product_grid_elementor_5cb33c6  .uc_post_image img\n{\n  width:100%;\n  display: block;\n  transition:0.3s;\n}\n\n\n\n\n.uc_post_grid_style_one .uc_title {\n    font-size: 21px;\n}\n.uc_post_grid_style_one .uc_title a {\n\n\ttext-decoration: none;\n}\n#uc_woocommerce_product_grid_elementor_5cb33c6 .uc_post_grid_style_one_button > a, \n#uc_woocommerce_product_grid_elementor_5cb33c6 .uc-button-addcart,\n#uc_woocommerce_product_grid_elementor_5cb33c6 .added_to_cart{\n\tdisplay: block;\n\ttext-align: center;\n    text-decoration: none;\n    text-transform: none;\n\ttransition: all 0.25s ease-in-out;\n}\n\n#uc_woocommerce_product_grid_elementor_5cb33c6 .uc-button-addcart.added\n{\n  display:none;\n}\n\n#uc_woocommerce_product_grid_elementor_5cb33c6.uc_post_grid_style_one .uc_post_grid_style_one_wrap {\n\t\n    display: grid;\n}\n\n    #uc_woocommerce_product_grid_elementor_5cb33c6.uc_post_grid_style_one .uc_content{\n      flex-grow: 1;\n      display: flex;\n      flex-flow: column nowrap;\n    }\n    #uc_woocommerce_product_grid_elementor_5cb33c6 .ue_grid_item_bottom\n    {\n      margin-top:auto;\n    }\n.uc_post_grid_style_one .uc_post_grid_style_one_item {\n\tflex-direction:column;\n    display:flex;\n}\n\n\n\n\n\n\n@media (max-width:1023px){\n\t#uc_woocommerce_product_grid_elementor_5cb33c6.uc_post_grid_style_one .uc_post_grid_style_one_wrap {\n\t\tgrid-template-columns: repeat(1, 1fr);\n\t}\n}\n@media (max-width:639px){\n\t#uc_woocommerce_product_grid_elementor_5cb33c6.uc_post_grid_style_one .uc_post_grid_style_one_wrap {\n\t\tgrid-template-columns: repeat(1, 1fr);\n\t}\n}\n\n\n\n\n#uc_woocommerce_product_grid_elementor_5cb33c6 .ue_category_label\n{\n  display:block;\n  text-decoration:none;\n}\n\n\/* hide default arrows in input type number *\/\n\/* Chrome, Safari, Edge, Opera *\/\n#uc_woocommerce_product_grid_elementor_5cb33c6 input.uc-grid-count-buttons__number::-webkit-outer-spin-button,\n#uc_woocommerce_product_grid_elementor_5cb33c6 input.uc-grid-count-buttons__number::-webkit-inner-spin-button{\n\t-webkit-appearance: none;\n  \tmargin: 0;\n}\n\n\/* Firefox *\/\n#uc_woocommerce_product_grid_elementor_5cb33c6 input.uc-grid-count-buttons__number[type=number]{\n\t-moz-appearance: textfield;\n}\n\/* end hide default arrows in input type number *\/\n\n.uc_regular_price\n{\n  text-decoration:line-through !important;\n}\n\ndel{\n  display: block;\n  color: #000;\n  opacity: .5;\n  font-size: 26px;\n  font-weight: 400;\n  text-decoration:line-through !important;\n}\n\nins{\n  color: #000;\n  font-size: 36px;\n  font-weight: 400;\n  text-decoration: none;\n}\n\n#uc_woocommerce_product_grid_elementor_5cb33c6 .ue_woocommerce_product_carousel_sale_label\n{\n  display:inline-block;\n  position:absolute;\n  z-index: 1;\n  left:10px;\n  top:10px;\n}\n\n#uc_woocommerce_product_grid_elementor_5cb33c6 .ue_woocommerce_product_grid_out_of_stock_label{\n  \t    position: absolute;\n  \t  \twidth: fit-content;\n  \tleft:10px;\n  \ttop:10px;\n  \tz-index: 1;\n}\n\n#uc_woocommerce_product_grid_elementor_5cb33c6 .ue-inner-btn-wrapper\n{\n  display:flex;\n  align-items:center;\n  justify-content:center;\n  position: relative;\n}\n\n<\/style>\n\n<div class=\"uc_post_grid_style_one woocommerce_product_grid  \" id=\"uc_woocommerce_product_grid_elementor_5cb33c6\"   style=\"direction:ltr;text-align:center;\" data-button-type=\"Array\">\n\t\t<div class=\"uc_post_grid_style_one_wrap uc-items-wrapper ue-woo-grid\">\n\t\t\t\n          <div class=\"uc_post_grid_style_one_item ue-item\" id=\"uc_woocommerce_product_grid_elementor_5cb33c6_item1\">\n  \n  \t\n \n        \t\n\t   \n  \n     <div>\n   <a class=\"uc_post_grid_style_one_image\" href=\"https:\/\/academiaphilashes.com\/en\/product\/extension-de-curso-craft-master\/\">\n     \n     \t\n        <div class=\"uc_post_image\">\n          \t\n          \n     \t\t               <img decoding=\"async\" src=\"https:\/\/academiaphilashes.com\/wp-content\/uploads\/2024\/10\/03-img_craft-master-app.webp\">\n            \t\n                                   \t  \t            \t\t\n                                   \t\n          \n     \n     <\/div>\n     \n               \n   <\/a>\n   <\/div>  \n  \n  <div class=\"uc_content padding\">\n    \n         \n                  <div class=\"uc_title\"><a href=\"https:\/\/academiaphilashes.com\/en\/product\/extension-de-curso-craft-master\/\">Extensi\u00f3n de Curso Craft Master<\/a><\/div>            \n        \n    \n             \n      <div class=\"ue_grid_item_bottom\">\n      \n       <div class=\"ue_grid_prices\">\n         \n                \n              <\/div>\n\t  \n      <div class=\"uc_post_grid_style_one_button\">\n        \n                \n                        <a class=\"ue-variable-btn\" href=\"https:\/\/academiaphilashes.com\/en\/product\/extension-de-curso-craft-master\/\">\n                <div class=\"ue-inner-btn-wrapper\">\n                   <span><i class=''><\/i><\/span><span>Comprar<\/span>\n                <\/div>\n              <\/a>\n            \n        \n              <\/div>\n    <\/div> \n  <\/div>\n<\/div>\n\n          \n\t\t<\/div>\n<\/div>\n\n\n\n  <div id=\"uc_woocommerce_product_grid_elementor_5cb33c6_empty_message\" class=\"ue-no-posts-found\"  style=\"display:none\" >No hay cursos disponibles<\/div>\n\n\n<!-- end WooCommerce Product Grid -->\t\t\t\t<\/div>\n\t\t\t\t<\/div>\n\t\t\t\t<\/div>\n\t\t\t\t<\/div>\n\t\t\t\t<\/div>\n\t\t","protected":false},"excerpt":{"rendered":"<p>CraftMaster es la plataforma educativa en l\u00ednea m\u00e1s grande del mundo en la industria de la belleza, con m\u00e1s de 300 cursos en l\u00ednea diferentes impartidos por artistas expertos de todo el mundo. \u00danase a los m\u00e1s de 56 mil estudiantes que est\u00e1n dominando nuevas habilidades, adquiere tu renovaci\u00f3n de la Extensi\u00f3n de forma r\u00e1pida [&hellip;]<\/p>\n","protected":false},"author":1,"featured_media":0,"parent":10959,"menu_order":0,"comment_status":"closed","ping_status":"closed","template":"","meta":{"footnotes":""},"class_list":["post-10187","page","type-page","status-publish","hentry"],"yoast_head":"<!-- This site is optimized with the Yoast SEO Premium plugin v27.2 (Yoast SEO v27.2) - https:\/\/yoast.com\/product\/yoast-seo-premium-wordpress\/ -->\n<title>Extensi\u00f3n Craft Master - Academia Philashes | By Karina Gonz\u00e1lez<\/title>\n<meta name=\"robots\" content=\"index, follow, max-snippet:-1, max-image-preview:large, max-video-preview:-1\" \/>\n<link rel=\"canonical\" href=\"https:\/\/academiaphilashes.com\/en\/servicios\/extension-craft-master\/\" \/>\n<meta property=\"og:locale\" content=\"en_US\" \/>\n<meta property=\"og:type\" content=\"article\" \/>\n<meta property=\"og:title\" content=\"Extensi\u00f3n Craft Master\" \/>\n<meta property=\"og:description\" content=\"CraftMaster es la plataforma educativa en l\u00ednea m\u00e1s grande del mundo en la industria de la belleza, con m\u00e1s de 300 cursos en l\u00ednea diferentes impartidos por artistas expertos de todo el mundo. \u00danase a los m\u00e1s de 56 mil estudiantes que est\u00e1n dominando nuevas habilidades, adquiere tu renovaci\u00f3n de la Extensi\u00f3n de forma r\u00e1pida [&hellip;]\" \/>\n<meta property=\"og:url\" content=\"https:\/\/academiaphilashes.com\/en\/servicios\/extension-craft-master\/\" \/>\n<meta property=\"og:site_name\" content=\"Academia Philashes | By Karina Gonz\u00e1lez\" \/>\n<meta property=\"article:modified_time\" content=\"2024-10-23T16:10:24+00:00\" \/>\n<meta property=\"og:image\" content=\"https:\/\/academiaphilashes.com\/wp-content\/uploads\/2024\/05\/extension_CraftMaster_2024-01.webp\" \/>\n<meta name=\"twitter:card\" content=\"summary_large_image\" \/>\n<meta name=\"twitter:label1\" content=\"Est. reading time\" \/>\n\t<meta name=\"twitter:data1\" content=\"1 minute\" \/>\n<script type=\"application\/ld+json\" class=\"yoast-schema-graph\">{\"@context\":\"https:\/\/schema.org\",\"@graph\":[{\"@type\":\"WebPage\",\"@id\":\"https:\/\/academiaphilashes.com\/en\/servicios\/extension-craft-master\/\",\"url\":\"https:\/\/academiaphilashes.com\/en\/servicios\/extension-craft-master\/\",\"name\":\"Extensi\u00f3n Craft Master - Academia Philashes | By Karina Gonz\u00e1lez\",\"isPartOf\":{\"@id\":\"https:\/\/academiaphilashes.com\/en\/#website\"},\"primaryImageOfPage\":{\"@id\":\"https:\/\/academiaphilashes.com\/en\/servicios\/extension-craft-master\/#primaryimage\"},\"image\":{\"@id\":\"https:\/\/academiaphilashes.com\/en\/servicios\/extension-craft-master\/#primaryimage\"},\"thumbnailUrl\":\"https:\/\/academiaphilashes.com\/wp-content\/uploads\/2024\/05\/extension_CraftMaster_2024-01.webp\",\"datePublished\":\"2024-06-12T12:07:58+00:00\",\"dateModified\":\"2024-10-23T16:10:24+00:00\",\"breadcrumb\":{\"@id\":\"https:\/\/academiaphilashes.com\/en\/servicios\/extension-craft-master\/#breadcrumb\"},\"inLanguage\":\"en-US\",\"potentialAction\":[{\"@type\":\"ReadAction\",\"target\":[\"https:\/\/academiaphilashes.com\/en\/servicios\/extension-craft-master\/\"]}]},{\"@type\":\"ImageObject\",\"inLanguage\":\"en-US\",\"@id\":\"https:\/\/academiaphilashes.com\/en\/servicios\/extension-craft-master\/#primaryimage\",\"url\":\"https:\/\/academiaphilashes.com\/wp-content\/uploads\/2024\/05\/extension_CraftMaster_2024-01.webp\",\"contentUrl\":\"https:\/\/academiaphilashes.com\/wp-content\/uploads\/2024\/05\/extension_CraftMaster_2024-01.webp\"},{\"@type\":\"BreadcrumbList\",\"@id\":\"https:\/\/academiaphilashes.com\/en\/servicios\/extension-craft-master\/#breadcrumb\",\"itemListElement\":[{\"@type\":\"ListItem\",\"position\":1,\"name\":\"Home\",\"item\":\"https:\/\/academiaphilashes.com\/\"},{\"@type\":\"ListItem\",\"position\":2,\"name\":\"Servicios\",\"item\":\"https:\/\/academiaphilashes.com\/servicios\/\"},{\"@type\":\"ListItem\",\"position\":3,\"name\":\"Extensi\u00f3n Craft Master\"}]},{\"@type\":\"WebSite\",\"@id\":\"https:\/\/academiaphilashes.com\/en\/#website\",\"url\":\"https:\/\/academiaphilashes.com\/en\/\",\"name\":\"Academia Philashes | By Karina Gonz\u00e1lez\",\"description\":\"Academia internacional de pesta\u00f1as con el mejor m\u00e9todo de ense\u00f1anza a nivel mundial.\",\"potentialAction\":[{\"@type\":\"SearchAction\",\"target\":{\"@type\":\"EntryPoint\",\"urlTemplate\":\"https:\/\/academiaphilashes.com\/en\/?s={search_term_string}\"},\"query-input\":{\"@type\":\"PropertyValueSpecification\",\"valueRequired\":true,\"valueName\":\"search_term_string\"}}],\"inLanguage\":\"en-US\"}]}<\/script>\n<!-- \/ Yoast SEO Premium plugin. -->","yoast_head_json":{"title":"Extensi\u00f3n Craft Master - Academia Philashes | By Karina Gonz\u00e1lez","robots":{"index":"index","follow":"follow","max-snippet":"max-snippet:-1","max-image-preview":"max-image-preview:large","max-video-preview":"max-video-preview:-1"},"canonical":"https:\/\/academiaphilashes.com\/en\/servicios\/extension-craft-master\/","og_locale":"en_US","og_type":"article","og_title":"Extensi\u00f3n Craft Master","og_description":"CraftMaster es la plataforma educativa en l\u00ednea m\u00e1s grande del mundo en la industria de la belleza, con m\u00e1s de 300 cursos en l\u00ednea diferentes impartidos por artistas expertos de todo el mundo. \u00danase a los m\u00e1s de 56 mil estudiantes que est\u00e1n dominando nuevas habilidades, adquiere tu renovaci\u00f3n de la Extensi\u00f3n de forma r\u00e1pida [&hellip;]","og_url":"https:\/\/academiaphilashes.com\/en\/servicios\/extension-craft-master\/","og_site_name":"Academia Philashes | By Karina Gonz\u00e1lez","article_modified_time":"2024-10-23T16:10:24+00:00","og_image":[{"url":"https:\/\/academiaphilashes.com\/wp-content\/uploads\/2024\/05\/extension_CraftMaster_2024-01.webp","type":"","width":"","height":""}],"twitter_card":"summary_large_image","twitter_misc":{"Est. reading time":"1 minute"},"schema":{"@context":"https:\/\/schema.org","@graph":[{"@type":"WebPage","@id":"https:\/\/academiaphilashes.com\/en\/servicios\/extension-craft-master\/","url":"https:\/\/academiaphilashes.com\/en\/servicios\/extension-craft-master\/","name":"Extensi\u00f3n Craft Master - Academia Philashes | By Karina Gonz\u00e1lez","isPartOf":{"@id":"https:\/\/academiaphilashes.com\/en\/#website"},"primaryImageOfPage":{"@id":"https:\/\/academiaphilashes.com\/en\/servicios\/extension-craft-master\/#primaryimage"},"image":{"@id":"https:\/\/academiaphilashes.com\/en\/servicios\/extension-craft-master\/#primaryimage"},"thumbnailUrl":"https:\/\/academiaphilashes.com\/wp-content\/uploads\/2024\/05\/extension_CraftMaster_2024-01.webp","datePublished":"2024-06-12T12:07:58+00:00","dateModified":"2024-10-23T16:10:24+00:00","breadcrumb":{"@id":"https:\/\/academiaphilashes.com\/en\/servicios\/extension-craft-master\/#breadcrumb"},"inLanguage":"en-US","potentialAction":[{"@type":"ReadAction","target":["https:\/\/academiaphilashes.com\/en\/servicios\/extension-craft-master\/"]}]},{"@type":"ImageObject","inLanguage":"en-US","@id":"https:\/\/academiaphilashes.com\/en\/servicios\/extension-craft-master\/#primaryimage","url":"https:\/\/academiaphilashes.com\/wp-content\/uploads\/2024\/05\/extension_CraftMaster_2024-01.webp","contentUrl":"https:\/\/academiaphilashes.com\/wp-content\/uploads\/2024\/05\/extension_CraftMaster_2024-01.webp"},{"@type":"BreadcrumbList","@id":"https:\/\/academiaphilashes.com\/en\/servicios\/extension-craft-master\/#breadcrumb","itemListElement":[{"@type":"ListItem","position":1,"name":"Home","item":"https:\/\/academiaphilashes.com\/"},{"@type":"ListItem","position":2,"name":"Servicios","item":"https:\/\/academiaphilashes.com\/servicios\/"},{"@type":"ListItem","position":3,"name":"Extensi\u00f3n Craft Master"}]},{"@type":"WebSite","@id":"https:\/\/academiaphilashes.com\/en\/#website","url":"https:\/\/academiaphilashes.com\/en\/","name":"Academia Philashes | By Karina Gonz\u00e1lez","description":"Academia internacional de pesta\u00f1as con el mejor m\u00e9todo de ense\u00f1anza a nivel mundial.","potentialAction":[{"@type":"SearchAction","target":{"@type":"EntryPoint","urlTemplate":"https:\/\/academiaphilashes.com\/en\/?s={search_term_string}"},"query-input":{"@type":"PropertyValueSpecification","valueRequired":true,"valueName":"search_term_string"}}],"inLanguage":"en-US"}]}},"jetpack_sharing_enabled":true,"_links":{"self":[{"href":"https:\/\/academiaphilashes.com\/en\/wp-json\/wp\/v2\/pages\/10187","targetHints":{"allow":["GET"]}}],"collection":[{"href":"https:\/\/academiaphilashes.com\/en\/wp-json\/wp\/v2\/pages"}],"about":[{"href":"https:\/\/academiaphilashes.com\/en\/wp-json\/wp\/v2\/types\/page"}],"author":[{"embeddable":true,"href":"https:\/\/academiaphilashes.com\/en\/wp-json\/wp\/v2\/users\/1"}],"replies":[{"embeddable":true,"href":"https:\/\/academiaphilashes.com\/en\/wp-json\/wp\/v2\/comments?post=10187"}],"version-history":[{"count":0,"href":"https:\/\/academiaphilashes.com\/en\/wp-json\/wp\/v2\/pages\/10187\/revisions"}],"up":[{"embeddable":true,"href":"https:\/\/academiaphilashes.com\/en\/wp-json\/wp\/v2\/pages\/10959"}],"wp:attachment":[{"href":"https:\/\/academiaphilashes.com\/en\/wp-json\/wp\/v2\/media?parent=10187"}],"curies":[{"name":"wp","href":"https:\/\/api.w.org\/{rel}","templated":true}]}}