{"id":10959,"date":"2024-10-08T11:51:46","date_gmt":"2024-10-08T15:51:46","guid":{"rendered":"https:\/\/academiaphilashes.com\/?page_id=10959"},"modified":"2024-10-10T15:59:11","modified_gmt":"2024-10-10T19:59:11","slug":"servicios","status":"publish","type":"page","link":"https:\/\/academiaphilashes.com\/en\/servicios\/","title":{"rendered":"Services"},"content":{"rendered":"<div data-elementor-type=\"wp-page\" data-elementor-id=\"10959\" class=\"elementor elementor-10959\" data-elementor-post-type=\"page\">\n\t\t\t\t<div data-particle_enable=\"false\" data-particle-mobile-disabled=\"false\" class=\"elementor-element elementor-element-0403ee0 e-con-full e-flex e-con e-parent\" data-id=\"0403ee0\" data-element_type=\"container\" data-e-type=\"container\" data-settings=\"{&quot;background_background&quot;:&quot;gradient&quot;}\">\n\t\t\t\t<\/div>\n\t\t\t\t<\/div>","protected":false},"excerpt":{"rendered":"","protected":false},"author":1,"featured_media":0,"parent":0,"menu_order":0,"comment_status":"closed","ping_status":"closed","template":"","meta":{"footnotes":""},"class_list":["post-10959","page","type-page","status-publish","hentry"],"yoast_head":"<!-- This site is optimized with the Yoast SEO Premium plugin v27.2 (Yoast SEO v27.2) - https:\/\/yoast.com\/product\/yoast-seo-premium-wordpress\/ -->\n<title>Servicios - Academia Philashes | By Karina Gonz\u00e1lez<\/title>\n<meta name=\"robots\" content=\"index, follow, max-snippet:-1, max-image-preview:large, max-video-preview:-1\" \/>\n<link rel=\"canonical\" href=\"https:\/\/academiaphilashes.com\/en\/servicios\/\" \/>\n<meta property=\"og:locale\" content=\"en_US\" \/>\n<meta property=\"og:type\" content=\"article\" \/>\n<meta property=\"og:title\" content=\"Servicios\" \/>\n<meta property=\"og:url\" content=\"https:\/\/academiaphilashes.com\/en\/servicios\/\" \/>\n<meta property=\"og:site_name\" content=\"Academia Philashes | By Karina Gonz\u00e1lez\" \/>\n<meta property=\"article:modified_time\" content=\"2024-10-10T19:59:11+00:00\" \/>\n<meta name=\"twitter:card\" content=\"summary_large_image\" \/>\n<script type=\"application\/ld+json\" class=\"yoast-schema-graph\">{\"@context\":\"https:\/\/schema.org\",\"@graph\":[{\"@type\":\"WebPage\",\"@id\":\"https:\/\/academiaphilashes.com\/en\/servicios\/\",\"url\":\"https:\/\/academiaphilashes.com\/en\/servicios\/\",\"name\":\"Servicios - Academia Philashes | By Karina Gonz\u00e1lez\",\"isPartOf\":{\"@id\":\"https:\/\/academiaphilashes.com\/en\/#website\"},\"datePublished\":\"2024-10-08T15:51:46+00:00\",\"dateModified\":\"2024-10-10T19:59:11+00:00\",\"breadcrumb\":{\"@id\":\"https:\/\/academiaphilashes.com\/en\/servicios\/#breadcrumb\"},\"inLanguage\":\"en-US\",\"potentialAction\":[{\"@type\":\"ReadAction\",\"target\":[\"https:\/\/academiaphilashes.com\/en\/servicios\/\"]}]},{\"@type\":\"BreadcrumbList\",\"@id\":\"https:\/\/academiaphilashes.com\/en\/servicios\/#breadcrumb\",\"itemListElement\":[{\"@type\":\"ListItem\",\"position\":1,\"name\":\"Home\",\"item\":\"https:\/\/academiaphilashes.com\/\"},{\"@type\":\"ListItem\",\"position\":2,\"name\":\"Servicios\"}]},{\"@type\":\"WebSite\",\"@id\":\"https:\/\/academiaphilashes.com\/en\/#website\",\"url\":\"https:\/\/academiaphilashes.com\/en\/\",\"name\":\"Academia Philashes | By Karina Gonz\u00e1lez\",\"description\":\"Academia internacional de pesta\u00f1as con el mejor m\u00e9todo de ense\u00f1anza a nivel mundial.\",\"potentialAction\":[{\"@type\":\"SearchAction\",\"target\":{\"@type\":\"EntryPoint\",\"urlTemplate\":\"https:\/\/academiaphilashes.com\/en\/?s={search_term_string}\"},\"query-input\":{\"@type\":\"PropertyValueSpecification\",\"valueRequired\":true,\"valueName\":\"search_term_string\"}}],\"inLanguage\":\"en-US\"}]}<\/script>\n<!-- \/ Yoast SEO Premium plugin. -->","yoast_head_json":{"title":"Servicios - Academia Philashes | By Karina Gonz\u00e1lez","robots":{"index":"index","follow":"follow","max-snippet":"max-snippet:-1","max-image-preview":"max-image-preview:large","max-video-preview":"max-video-preview:-1"},"canonical":"https:\/\/academiaphilashes.com\/en\/servicios\/","og_locale":"en_US","og_type":"article","og_title":"Servicios","og_url":"https:\/\/academiaphilashes.com\/en\/servicios\/","og_site_name":"Academia Philashes | By Karina Gonz\u00e1lez","article_modified_time":"2024-10-10T19:59:11+00:00","twitter_card":"summary_large_image","schema":{"@context":"https:\/\/schema.org","@graph":[{"@type":"WebPage","@id":"https:\/\/academiaphilashes.com\/en\/servicios\/","url":"https:\/\/academiaphilashes.com\/en\/servicios\/","name":"Servicios - Academia Philashes | By Karina Gonz\u00e1lez","isPartOf":{"@id":"https:\/\/academiaphilashes.com\/en\/#website"},"datePublished":"2024-10-08T15:51:46+00:00","dateModified":"2024-10-10T19:59:11+00:00","breadcrumb":{"@id":"https:\/\/academiaphilashes.com\/en\/servicios\/#breadcrumb"},"inLanguage":"en-US","potentialAction":[{"@type":"ReadAction","target":["https:\/\/academiaphilashes.com\/en\/servicios\/"]}]},{"@type":"BreadcrumbList","@id":"https:\/\/academiaphilashes.com\/en\/servicios\/#breadcrumb","itemListElement":[{"@type":"ListItem","position":1,"name":"Home","item":"https:\/\/academiaphilashes.com\/"},{"@type":"ListItem","position":2,"name":"Servicios"}]},{"@type":"WebSite","@id":"https:\/\/academiaphilashes.com\/en\/#website","url":"https:\/\/academiaphilashes.com\/en\/","name":"Academia Philashes | By Karina Gonz\u00e1lez","description":"Academia internacional de pesta\u00f1as con el mejor m\u00e9todo de ense\u00f1anza a nivel mundial.","potentialAction":[{"@type":"SearchAction","target":{"@type":"EntryPoint","urlTemplate":"https:\/\/academiaphilashes.com\/en\/?s={search_term_string}"},"query-input":{"@type":"PropertyValueSpecification","valueRequired":true,"valueName":"search_term_string"}}],"inLanguage":"en-US"}]}},"jetpack_sharing_enabled":true,"_links":{"self":[{"href":"https:\/\/academiaphilashes.com\/en\/wp-json\/wp\/v2\/pages\/10959","targetHints":{"allow":["GET"]}}],"collection":[{"href":"https:\/\/academiaphilashes.com\/en\/wp-json\/wp\/v2\/pages"}],"about":[{"href":"https:\/\/academiaphilashes.com\/en\/wp-json\/wp\/v2\/types\/page"}],"author":[{"embeddable":true,"href":"https:\/\/academiaphilashes.com\/en\/wp-json\/wp\/v2\/users\/1"}],"replies":[{"embeddable":true,"href":"https:\/\/academiaphilashes.com\/en\/wp-json\/wp\/v2\/comments?post=10959"}],"version-history":[{"count":0,"href":"https:\/\/academiaphilashes.com\/en\/wp-json\/wp\/v2\/pages\/10959\/revisions"}],"wp:attachment":[{"href":"https:\/\/academiaphilashes.com\/en\/wp-json\/wp\/v2\/media?parent=10959"}],"curies":[{"name":"wp","href":"https:\/\/api.w.org\/{rel}","templated":true}]}}