{"id":13381,"date":"2025-04-09T07:32:41","date_gmt":"2025-04-09T11:32:41","guid":{"rendered":"https:\/\/academiaphilashes.com\/?page_id=13381"},"modified":"2025-05-22T18:19:45","modified_gmt":"2025-05-22T22:19:45","slug":"guia-retencion-de-pestanas-2025","status":"publish","type":"page","link":"https:\/\/academiaphilashes.com\/en\/descargas\/guia-retencion-de-pestanas-2025\/","title":{"rendered":"Gu\u00eda Retenci\u00f3n de Pesta\u00f1as 2025"},"content":{"rendered":"<div data-elementor-type=\"wp-page\" data-elementor-id=\"13381\" class=\"elementor elementor-13381\" data-elementor-post-type=\"page\">\n\t\t\t\t<div data-particle_enable=\"false\" data-particle-mobile-disabled=\"false\" class=\"elementor-element elementor-element-868c9de e-con-full e-flex e-con e-parent\" data-id=\"868c9de\" data-element_type=\"container\" data-e-type=\"container\">\n\t\t<div data-particle_enable=\"false\" data-particle-mobile-disabled=\"false\" class=\"elementor-element elementor-element-f9f5856 e-con-full e-flex e-con e-child\" data-id=\"f9f5856\" data-element_type=\"container\" data-e-type=\"container\">\n\t\t<div data-particle_enable=\"false\" data-particle-mobile-disabled=\"false\" class=\"elementor-element elementor-element-e878a8f e-con-full e-flex e-con e-child\" data-id=\"e878a8f\" data-element_type=\"container\" data-e-type=\"container\">\n\t\t\t\t<div class=\"elementor-element elementor-element-43d5ad0 elementor-widget elementor-widget-image\" data-id=\"43d5ad0\" data-element_type=\"widget\" data-e-type=\"widget\" data-widget_type=\"image.default\">\n\t\t\t\t<div class=\"elementor-widget-container\">\n\t\t\t\t\t\t\t\t\t\t\t\t\t\t\t<img loading=\"lazy\" decoding=\"async\" width=\"1080\" height=\"1350\" src=\"https:\/\/academiaphilashes.com\/wp-content\/uploads\/2025\/04\/guide-bg_lashes-retention_01.webp\" class=\"attachment-full size-full wp-image-13401\" alt=\"\" srcset=\"https:\/\/academiaphilashes.com\/wp-content\/uploads\/2025\/04\/guide-bg_lashes-retention_01.webp 1080w, https:\/\/academiaphilashes.com\/wp-content\/uploads\/2025\/04\/guide-bg_lashes-retention_01-240x300.webp 240w, https:\/\/academiaphilashes.com\/wp-content\/uploads\/2025\/04\/guide-bg_lashes-retention_01-819x1024.webp 819w, https:\/\/academiaphilashes.com\/wp-content\/uploads\/2025\/04\/guide-bg_lashes-retention_01-768x960.webp 768w, https:\/\/academiaphilashes.com\/wp-content\/uploads\/2025\/04\/guide-bg_lashes-retention_01-10x12.webp 10w, https:\/\/academiaphilashes.com\/wp-content\/uploads\/2025\/04\/guide-bg_lashes-retention_01-600x750.webp 600w\" sizes=\"auto, (max-width: 1080px) 100vw, 1080px\" \/>\t\t\t\t\t\t\t\t\t\t\t\t\t\t\t<\/div>\n\t\t\t\t<\/div>\n\t\t\t\t<\/div>\n\t\t<div data-particle_enable=\"false\" data-particle-mobile-disabled=\"false\" class=\"elementor-element elementor-element-26bbbc3 e-con-full e-flex e-con e-child\" data-id=\"26bbbc3\" data-element_type=\"container\" data-e-type=\"container\">\n\t\t\t\t<div class=\"elementor-element elementor-element-63dd9fa elementor-widget-mobile__width-initial elementor-widget elementor-widget-heading\" data-id=\"63dd9fa\" data-element_type=\"widget\" data-e-type=\"widget\" data-widget_type=\"heading.default\">\n\t\t\t\t<div class=\"elementor-widget-container\">\n\t\t\t\t\t<h2 class=\"elementor-heading-title elementor-size-default\">Descarga mi nueva Gu\u00eda<\/h2>\t\t\t\t<\/div>\n\t\t\t\t<\/div>\n\t\t\t\t<div class=\"elementor-element elementor-element-aa3a1d0 elementor-widget-mobile__width-initial elementor-widget elementor-widget-text-editor\" data-id=\"aa3a1d0\" data-element_type=\"widget\" data-e-type=\"widget\" data-widget_type=\"text-editor.default\">\n\t\t\t\t<div class=\"elementor-widget-container\">\n\t\t\t\t\t\t\t\t\t<p>Suscr\u00edbete a mi comunidad para acceder este y a m\u00e1s valioso contenido exclusivo.<\/p><p><span style=\"text-decoration: underline;\"><strong>Haz clic para acceder a la gu\u00eda.<\/strong><\/span><\/p>\t\t\t\t\t\t\t\t<\/div>\n\t\t\t\t<\/div>\n\t\t\t\t<div class=\"elementor-element elementor-element-dae1374 elementor-align-center elementor-widget elementor-widget-button\" data-id=\"dae1374\" data-element_type=\"widget\" data-e-type=\"widget\" data-widget_type=\"button.default\">\n\t\t\t\t<div class=\"elementor-widget-container\">\n\t\t\t\t\t\t\t\t\t<div class=\"elementor-button-wrapper\">\n\t\t\t\t\t<a class=\"elementor-button elementor-button-link elementor-size-sm\" href=\"#elementor-action%3Aaction%3Dpopup%3Aopen%26settings%3DeyJpZCI6IjEzNjMwIiwidG9nZ2xlIjpmYWxzZX0%3D\" target=\"_blank\">\n\t\t\t\t\t\t<span class=\"elementor-button-content-wrapper\">\n\t\t\t\t\t\t\t\t\t<span class=\"elementor-button-text\">\u00a1Descargar AHORA!<\/span>\n\t\t\t\t\t<\/span>\n\t\t\t\t\t<\/a>\n\t\t\t\t<\/div>\n\t\t\t\t\t\t\t\t<\/div>\n\t\t\t\t<\/div>\n\t\t\t\t<\/div>\n\t\t\t\t<\/div>\n\t\t\t\t<\/div>\n\t\t\t\t<\/div>","protected":false},"excerpt":{"rendered":"<p>Descarga mi nueva Gu\u00eda Suscr\u00edbete a mi comunidad para acceder este y a m\u00e1s valioso contenido exclusivo. Haz clic para acceder a la gu\u00eda. \u00a1Descargar AHORA!<\/p>","protected":false},"author":1,"featured_media":0,"parent":13372,"menu_order":0,"comment_status":"closed","ping_status":"closed","template":"","meta":{"footnotes":""},"class_list":["post-13381","page","type-page","status-publish","hentry"],"yoast_head":"<!-- This site is optimized with the Yoast SEO Premium plugin v27.2 (Yoast SEO v27.2) - https:\/\/yoast.com\/product\/yoast-seo-premium-wordpress\/ -->\n<title>Gu\u00eda Retenci\u00f3n de Pesta\u00f1as 2025 - Academia Philashes | By Karina Gonz\u00e1lez<\/title>\n<meta name=\"robots\" content=\"index, follow, max-snippet:-1, max-image-preview:large, max-video-preview:-1\" \/>\n<link rel=\"canonical\" href=\"https:\/\/academiaphilashes.com\/en\/descargas\/guia-retencion-de-pestanas-2025\/\" \/>\n<meta property=\"og:locale\" content=\"en_US\" \/>\n<meta property=\"og:type\" content=\"article\" \/>\n<meta property=\"og:title\" content=\"Gu\u00eda Retenci\u00f3n de Pesta\u00f1as 2025\" \/>\n<meta property=\"og:description\" content=\"Descarga mi nueva Gu\u00eda Suscr\u00edbete a mi comunidad para acceder este y a m\u00e1s valioso contenido exclusivo. Haz clic para acceder a la gu\u00eda. \u00a1Descargar AHORA!\" \/>\n<meta property=\"og:url\" content=\"https:\/\/academiaphilashes.com\/en\/descargas\/guia-retencion-de-pestanas-2025\/\" \/>\n<meta property=\"og:site_name\" content=\"Academia Philashes | By Karina Gonz\u00e1lez\" \/>\n<meta property=\"article:modified_time\" content=\"2025-05-22T22:19:45+00:00\" \/>\n<meta property=\"og:image\" content=\"https:\/\/academiaphilashes.com\/wp-content\/uploads\/2025\/04\/guide-bg_lashes-retention_01.webp\" \/>\n\t<meta property=\"og:image:width\" content=\"1080\" \/>\n\t<meta property=\"og:image:height\" content=\"1350\" \/>\n\t<meta property=\"og:image:type\" content=\"image\/webp\" \/>\n<meta name=\"twitter:card\" content=\"summary_large_image\" \/>\n<meta name=\"twitter:label1\" content=\"Est. reading time\" \/>\n\t<meta name=\"twitter:data1\" content=\"1 minute\" \/>\n<script type=\"application\/ld+json\" class=\"yoast-schema-graph\">{\"@context\":\"https:\/\/schema.org\",\"@graph\":[{\"@type\":\"WebPage\",\"@id\":\"https:\/\/academiaphilashes.com\/en\/descargas\/guia-retencion-de-pestanas-2025\/\",\"url\":\"https:\/\/academiaphilashes.com\/en\/descargas\/guia-retencion-de-pestanas-2025\/\",\"name\":\"Gu\u00eda Retenci\u00f3n de Pesta\u00f1as 2025 - Academia Philashes | By Karina Gonz\u00e1lez\",\"isPartOf\":{\"@id\":\"https:\/\/academiaphilashes.com\/en\/#website\"},\"primaryImageOfPage\":{\"@id\":\"https:\/\/academiaphilashes.com\/en\/descargas\/guia-retencion-de-pestanas-2025\/#primaryimage\"},\"image\":{\"@id\":\"https:\/\/academiaphilashes.com\/en\/descargas\/guia-retencion-de-pestanas-2025\/#primaryimage\"},\"thumbnailUrl\":\"https:\/\/academiaphilashes.com\/wp-content\/uploads\/2025\/04\/guide-bg_lashes-retention_01.webp\",\"datePublished\":\"2025-04-09T11:32:41+00:00\",\"dateModified\":\"2025-05-22T22:19:45+00:00\",\"breadcrumb\":{\"@id\":\"https:\/\/academiaphilashes.com\/en\/descargas\/guia-retencion-de-pestanas-2025\/#breadcrumb\"},\"inLanguage\":\"en-US\",\"potentialAction\":[{\"@type\":\"ReadAction\",\"target\":[\"https:\/\/academiaphilashes.com\/en\/descargas\/guia-retencion-de-pestanas-2025\/\"]}]},{\"@type\":\"ImageObject\",\"inLanguage\":\"en-US\",\"@id\":\"https:\/\/academiaphilashes.com\/en\/descargas\/guia-retencion-de-pestanas-2025\/#primaryimage\",\"url\":\"https:\/\/academiaphilashes.com\/wp-content\/uploads\/2025\/04\/guide-bg_lashes-retention_01.webp\",\"contentUrl\":\"https:\/\/academiaphilashes.com\/wp-content\/uploads\/2025\/04\/guide-bg_lashes-retention_01.webp\"},{\"@type\":\"BreadcrumbList\",\"@id\":\"https:\/\/academiaphilashes.com\/en\/descargas\/guia-retencion-de-pestanas-2025\/#breadcrumb\",\"itemListElement\":[{\"@type\":\"ListItem\",\"position\":1,\"name\":\"Home\",\"item\":\"https:\/\/academiaphilashes.com\/\"},{\"@type\":\"ListItem\",\"position\":2,\"name\":\"Downloads\",\"item\":\"https:\/\/academiaphilashes.com\/downloads\/\"},{\"@type\":\"ListItem\",\"position\":3,\"name\":\"Gu\u00eda Retenci\u00f3n de Pesta\u00f1as 2025\"}]},{\"@type\":\"WebSite\",\"@id\":\"https:\/\/academiaphilashes.com\/en\/#website\",\"url\":\"https:\/\/academiaphilashes.com\/en\/\",\"name\":\"Academia Philashes | By Karina Gonz\u00e1lez\",\"description\":\"Academia internacional de pesta\u00f1as con el mejor m\u00e9todo de ense\u00f1anza a nivel mundial.\",\"potentialAction\":[{\"@type\":\"SearchAction\",\"target\":{\"@type\":\"EntryPoint\",\"urlTemplate\":\"https:\/\/academiaphilashes.com\/en\/?s={search_term_string}\"},\"query-input\":{\"@type\":\"PropertyValueSpecification\",\"valueRequired\":true,\"valueName\":\"search_term_string\"}}],\"inLanguage\":\"en-US\"}]}<\/script>\n<!-- \/ Yoast SEO Premium plugin. -->","yoast_head_json":{"title":"Gu\u00eda Retenci\u00f3n de Pesta\u00f1as 2025 - Academia Philashes | By Karina Gonz\u00e1lez","robots":{"index":"index","follow":"follow","max-snippet":"max-snippet:-1","max-image-preview":"max-image-preview:large","max-video-preview":"max-video-preview:-1"},"canonical":"https:\/\/academiaphilashes.com\/en\/descargas\/guia-retencion-de-pestanas-2025\/","og_locale":"en_US","og_type":"article","og_title":"Gu\u00eda Retenci\u00f3n de Pesta\u00f1as 2025","og_description":"Descarga mi nueva Gu\u00eda Suscr\u00edbete a mi comunidad para acceder este y a m\u00e1s valioso contenido exclusivo. Haz clic para acceder a la gu\u00eda. \u00a1Descargar AHORA!","og_url":"https:\/\/academiaphilashes.com\/en\/descargas\/guia-retencion-de-pestanas-2025\/","og_site_name":"Academia Philashes | By Karina Gonz\u00e1lez","article_modified_time":"2025-05-22T22:19:45+00:00","og_image":[{"width":1080,"height":1350,"url":"https:\/\/academiaphilashes.com\/wp-content\/uploads\/2025\/04\/guide-bg_lashes-retention_01.webp","type":"image\/webp"}],"twitter_card":"summary_large_image","twitter_misc":{"Est. reading time":"1 minute"},"schema":{"@context":"https:\/\/schema.org","@graph":[{"@type":"WebPage","@id":"https:\/\/academiaphilashes.com\/en\/descargas\/guia-retencion-de-pestanas-2025\/","url":"https:\/\/academiaphilashes.com\/en\/descargas\/guia-retencion-de-pestanas-2025\/","name":"Gu\u00eda Retenci\u00f3n de Pesta\u00f1as 2025 - Academia Philashes | By Karina Gonz\u00e1lez","isPartOf":{"@id":"https:\/\/academiaphilashes.com\/en\/#website"},"primaryImageOfPage":{"@id":"https:\/\/academiaphilashes.com\/en\/descargas\/guia-retencion-de-pestanas-2025\/#primaryimage"},"image":{"@id":"https:\/\/academiaphilashes.com\/en\/descargas\/guia-retencion-de-pestanas-2025\/#primaryimage"},"thumbnailUrl":"https:\/\/academiaphilashes.com\/wp-content\/uploads\/2025\/04\/guide-bg_lashes-retention_01.webp","datePublished":"2025-04-09T11:32:41+00:00","dateModified":"2025-05-22T22:19:45+00:00","breadcrumb":{"@id":"https:\/\/academiaphilashes.com\/en\/descargas\/guia-retencion-de-pestanas-2025\/#breadcrumb"},"inLanguage":"en-US","potentialAction":[{"@type":"ReadAction","target":["https:\/\/academiaphilashes.com\/en\/descargas\/guia-retencion-de-pestanas-2025\/"]}]},{"@type":"ImageObject","inLanguage":"en-US","@id":"https:\/\/academiaphilashes.com\/en\/descargas\/guia-retencion-de-pestanas-2025\/#primaryimage","url":"https:\/\/academiaphilashes.com\/wp-content\/uploads\/2025\/04\/guide-bg_lashes-retention_01.webp","contentUrl":"https:\/\/academiaphilashes.com\/wp-content\/uploads\/2025\/04\/guide-bg_lashes-retention_01.webp"},{"@type":"BreadcrumbList","@id":"https:\/\/academiaphilashes.com\/en\/descargas\/guia-retencion-de-pestanas-2025\/#breadcrumb","itemListElement":[{"@type":"ListItem","position":1,"name":"Home","item":"https:\/\/academiaphilashes.com\/"},{"@type":"ListItem","position":2,"name":"Downloads","item":"https:\/\/academiaphilashes.com\/downloads\/"},{"@type":"ListItem","position":3,"name":"Gu\u00eda Retenci\u00f3n de Pesta\u00f1as 2025"}]},{"@type":"WebSite","@id":"https:\/\/academiaphilashes.com\/en\/#website","url":"https:\/\/academiaphilashes.com\/en\/","name":"Academia Philashes | By Karina Gonz\u00e1lez","description":"Academia internacional de pesta\u00f1as con el mejor m\u00e9todo de ense\u00f1anza a nivel mundial.","potentialAction":[{"@type":"SearchAction","target":{"@type":"EntryPoint","urlTemplate":"https:\/\/academiaphilashes.com\/en\/?s={search_term_string}"},"query-input":{"@type":"PropertyValueSpecification","valueRequired":true,"valueName":"search_term_string"}}],"inLanguage":"en-US"}]}},"jetpack_sharing_enabled":true,"_links":{"self":[{"href":"https:\/\/academiaphilashes.com\/en\/wp-json\/wp\/v2\/pages\/13381","targetHints":{"allow":["GET"]}}],"collection":[{"href":"https:\/\/academiaphilashes.com\/en\/wp-json\/wp\/v2\/pages"}],"about":[{"href":"https:\/\/academiaphilashes.com\/en\/wp-json\/wp\/v2\/types\/page"}],"author":[{"embeddable":true,"href":"https:\/\/academiaphilashes.com\/en\/wp-json\/wp\/v2\/users\/1"}],"replies":[{"embeddable":true,"href":"https:\/\/academiaphilashes.com\/en\/wp-json\/wp\/v2\/comments?post=13381"}],"version-history":[{"count":0,"href":"https:\/\/academiaphilashes.com\/en\/wp-json\/wp\/v2\/pages\/13381\/revisions"}],"up":[{"embeddable":true,"href":"https:\/\/academiaphilashes.com\/en\/wp-json\/wp\/v2\/pages\/13372"}],"wp:attachment":[{"href":"https:\/\/academiaphilashes.com\/en\/wp-json\/wp\/v2\/media?parent=13381"}],"curies":[{"name":"wp","href":"https:\/\/api.w.org\/{rel}","templated":true}]}}