{"id":67,"date":"2023-09-02T01:47:45","date_gmt":"2023-09-02T05:47:45","guid":{"rendered":"https:\/\/academiaphilashes.com\/?page_id=67"},"modified":"2023-12-29T00:31:32","modified_gmt":"2023-12-29T04:31:32","slug":"conoceme","status":"publish","type":"page","link":"https:\/\/academiaphilashes.com\/en\/conoceme\/","title":{"rendered":"About Me"},"content":{"rendered":"<div data-elementor-type=\"wp-page\" data-elementor-id=\"67\" class=\"elementor elementor-67\" data-elementor-post-type=\"page\">\n\t\t\t\t<div data-particle_enable=\"false\" data-particle-mobile-disabled=\"false\" class=\"elementor-element elementor-element-e612304 e-con-full e-flex e-con e-parent\" data-id=\"e612304\" data-element_type=\"container\" data-e-type=\"container\" data-settings=\"{&quot;background_background&quot;:&quot;gradient&quot;}\">\n\t\t<div data-particle_enable=\"false\" data-particle-mobile-disabled=\"false\" class=\"elementor-element elementor-element-89864a8 e-con-full e-flex e-con e-child\" data-id=\"89864a8\" data-element_type=\"container\" data-e-type=\"container\" data-settings=\"{&quot;background_background&quot;:&quot;classic&quot;}\">\n\t\t\t\t<div class=\"elementor-element elementor-element-5bc721a elementor-widget-mobile__width-initial elementor-widget elementor-widget-heading\" data-id=\"5bc721a\" data-element_type=\"widget\" data-e-type=\"widget\" data-widget_type=\"heading.default\">\n\t\t\t\t<div class=\"elementor-widget-container\">\n\t\t\t\t\t<h2 class=\"elementor-heading-title elementor-size-default\">I'm Karina Gonzalez<\/h2>\t\t\t\t<\/div>\n\t\t\t\t<\/div>\n\t\t\t\t<div class=\"elementor-element elementor-element-1829ec8 elementor-widget-divider--view-line elementor-widget elementor-widget-divider\" data-id=\"1829ec8\" data-element_type=\"widget\" data-e-type=\"widget\" data-widget_type=\"divider.default\">\n\t\t\t\t<div class=\"elementor-widget-container\">\n\t\t\t\t\t\t\t<div class=\"elementor-divider\">\n\t\t\t<span class=\"elementor-divider-separator\">\n\t\t\t\t\t\t<\/span>\n\t\t<\/div>\n\t\t\t\t\t\t<\/div>\n\t\t\t\t<\/div>\n\t\t\t\t<div class=\"elementor-element elementor-element-908169a elementor-widget elementor-widget-image\" data-id=\"908169a\" data-element_type=\"widget\" data-e-type=\"widget\" data-widget_type=\"image.default\">\n\t\t\t\t<div class=\"elementor-widget-container\">\n\t\t\t\t\t\t\t\t\t\t\t\t\t\t\t<img loading=\"lazy\" decoding=\"async\" width=\"1080\" height=\"1080\" src=\"https:\/\/academiaphilashes.com\/wp-content\/uploads\/2023\/12\/avatar_karinGonzalez_ver01.webp\" class=\"attachment-full size-full wp-image-1289\" alt=\"\" srcset=\"https:\/\/academiaphilashes.com\/wp-content\/uploads\/2023\/12\/avatar_karinGonzalez_ver01.webp 1080w, https:\/\/academiaphilashes.com\/wp-content\/uploads\/2023\/12\/avatar_karinGonzalez_ver01-300x300.webp 300w, https:\/\/academiaphilashes.com\/wp-content\/uploads\/2023\/12\/avatar_karinGonzalez_ver01-1024x1024.webp 1024w, https:\/\/academiaphilashes.com\/wp-content\/uploads\/2023\/12\/avatar_karinGonzalez_ver01-150x150.webp 150w, https:\/\/academiaphilashes.com\/wp-content\/uploads\/2023\/12\/avatar_karinGonzalez_ver01-768x768.webp 768w, https:\/\/academiaphilashes.com\/wp-content\/uploads\/2023\/12\/avatar_karinGonzalez_ver01-600x600.webp 600w, https:\/\/academiaphilashes.com\/wp-content\/uploads\/2023\/12\/avatar_karinGonzalez_ver01-100x100.webp 100w\" sizes=\"auto, (max-width: 1080px) 100vw, 1080px\" \/>\t\t\t\t\t\t\t\t\t\t\t\t\t\t\t<\/div>\n\t\t\t\t<\/div>\n\t\t\t\t<div class=\"elementor-element elementor-element-2b6bcbf elementor-widget__width-initial elementor-widget elementor-widget-text-editor\" data-id=\"2b6bcbf\" data-element_type=\"widget\" data-e-type=\"widget\" data-widget_type=\"text-editor.default\">\n\t\t\t\t<div class=\"elementor-widget-container\">\n\t\t\t\t\t\t\t\t\t<p class=\"translation-block\">I am Karina Gonz\u00e1lez, a Venezuelan who since her beginnings at PhiAcademy, thanks to perseverance and search for excellence, I have managed to become the First PhiLashes Master in Venezuela and America.<\/p><p>My knowledge and experience in the development and improvement of various techniques have allowed me to travel the world training hundreds of people, elevating their work to another level, providing personalized advice and continuous attention.<\/p><p>My goal is to provide you with the greatest guidance and support throughout your journey, guaranteeing your professional development, as well as that of all my students, who will always receive the best from me at each stage.<\/p><p><b><em>Thanks for choosing me,<\/em><\/b><\/p>\t\t\t\t\t\t\t\t<\/div>\n\t\t\t\t<\/div>\n\t\t\t\t<div class=\"elementor-element elementor-element-99ddf51 elementor-widget elementor-widget-heading\" data-id=\"99ddf51\" data-element_type=\"widget\" data-e-type=\"widget\" data-widget_type=\"heading.default\">\n\t\t\t\t<div class=\"elementor-widget-container\">\n\t\t\t\t\t<h2 class=\"elementor-heading-title elementor-size-default\">Karina Gonz\u00e1lez<\/h2>\t\t\t\t<\/div>\n\t\t\t\t<\/div>\n\t\t\t\t<\/div>\n\t\t\t\t<\/div>\n\t\t\t\t<\/div>","protected":false},"excerpt":{"rendered":"<p>Soy Karina Gonz\u00e1lez Soy Karina Gonz\u00e1lez, venezolana que desde sus inicios en PhiAcademy, gracias a la constancia y b\u00fasqueda de la excelencia, he logrado convertirme en la Primera M\u00e1ster PhiLashes de Venezuela y Am\u00e9rica. Mis conocimientos y experiencia en el desarrollo y perfeccionamiento en diversas t\u00e9cnicas, me han permitido recorrer el mundo capacitando a cientos [&hellip;]<\/p>\n","protected":false},"author":1,"featured_media":0,"parent":0,"menu_order":0,"comment_status":"closed","ping_status":"closed","template":"","meta":{"footnotes":""},"class_list":["post-67","page","type-page","status-publish","hentry"],"yoast_head":"<!-- This site is optimized with the Yoast SEO Premium plugin v27.2 (Yoast SEO v27.2) - https:\/\/yoast.com\/product\/yoast-seo-premium-wordpress\/ -->\n<title>Con\u00f3ceme - Academia Philashes | By Karina Gonz\u00e1lez<\/title>\n<meta name=\"robots\" content=\"index, follow, max-snippet:-1, max-image-preview:large, max-video-preview:-1\" \/>\n<link rel=\"canonical\" href=\"https:\/\/academiaphilashes.com\/en\/conoceme\/\" \/>\n<meta property=\"og:locale\" content=\"en_US\" \/>\n<meta property=\"og:type\" content=\"article\" \/>\n<meta property=\"og:title\" content=\"Con\u00f3ceme\" \/>\n<meta property=\"og:description\" content=\"Soy Karina Gonz\u00e1lez Soy Karina Gonz\u00e1lez, venezolana que desde sus inicios en PhiAcademy, gracias a la constancia y b\u00fasqueda de la excelencia, he logrado convertirme en la Primera M\u00e1ster PhiLashes de Venezuela y Am\u00e9rica. Mis conocimientos y experiencia en el desarrollo y perfeccionamiento en diversas t\u00e9cnicas, me han permitido recorrer el mundo capacitando a cientos [&hellip;]\" \/>\n<meta property=\"og:url\" content=\"https:\/\/academiaphilashes.com\/en\/conoceme\/\" \/>\n<meta property=\"og:site_name\" content=\"Academia Philashes | By Karina Gonz\u00e1lez\" \/>\n<meta property=\"article:modified_time\" content=\"2023-12-29T04:31:32+00:00\" \/>\n<meta property=\"og:image\" content=\"https:\/\/academiaphilashes.com\/wp-content\/uploads\/2023\/12\/avatar_karinGonzalez_ver01.webp\" \/>\n<meta name=\"twitter:card\" content=\"summary_large_image\" \/>\n<meta name=\"twitter:label1\" content=\"Est. reading time\" \/>\n\t<meta name=\"twitter:data1\" content=\"1 minute\" \/>\n<script type=\"application\/ld+json\" class=\"yoast-schema-graph\">{\"@context\":\"https:\/\/schema.org\",\"@graph\":[{\"@type\":\"WebPage\",\"@id\":\"https:\/\/academiaphilashes.com\/en\/conoceme\/\",\"url\":\"https:\/\/academiaphilashes.com\/en\/conoceme\/\",\"name\":\"Con\u00f3ceme - Academia Philashes | By Karina Gonz\u00e1lez\",\"isPartOf\":{\"@id\":\"https:\/\/academiaphilashes.com\/en\/#website\"},\"primaryImageOfPage\":{\"@id\":\"https:\/\/academiaphilashes.com\/en\/conoceme\/#primaryimage\"},\"image\":{\"@id\":\"https:\/\/academiaphilashes.com\/en\/conoceme\/#primaryimage\"},\"thumbnailUrl\":\"https:\/\/academiaphilashes.com\/wp-content\/uploads\/2023\/12\/avatar_karinGonzalez_ver01.webp\",\"datePublished\":\"2023-09-02T05:47:45+00:00\",\"dateModified\":\"2023-12-29T04:31:32+00:00\",\"breadcrumb\":{\"@id\":\"https:\/\/academiaphilashes.com\/en\/conoceme\/#breadcrumb\"},\"inLanguage\":\"en-US\",\"potentialAction\":[{\"@type\":\"ReadAction\",\"target\":[\"https:\/\/academiaphilashes.com\/en\/conoceme\/\"]}]},{\"@type\":\"ImageObject\",\"inLanguage\":\"en-US\",\"@id\":\"https:\/\/academiaphilashes.com\/en\/conoceme\/#primaryimage\",\"url\":\"https:\/\/academiaphilashes.com\/wp-content\/uploads\/2023\/12\/avatar_karinGonzalez_ver01.webp\",\"contentUrl\":\"https:\/\/academiaphilashes.com\/wp-content\/uploads\/2023\/12\/avatar_karinGonzalez_ver01.webp\"},{\"@type\":\"BreadcrumbList\",\"@id\":\"https:\/\/academiaphilashes.com\/en\/conoceme\/#breadcrumb\",\"itemListElement\":[{\"@type\":\"ListItem\",\"position\":1,\"name\":\"Home\",\"item\":\"https:\/\/academiaphilashes.com\/\"},{\"@type\":\"ListItem\",\"position\":2,\"name\":\"Con\u00f3ceme\"}]},{\"@type\":\"WebSite\",\"@id\":\"https:\/\/academiaphilashes.com\/en\/#website\",\"url\":\"https:\/\/academiaphilashes.com\/en\/\",\"name\":\"Academia Philashes | By Karina Gonz\u00e1lez\",\"description\":\"Academia internacional de pesta\u00f1as con el mejor m\u00e9todo de ense\u00f1anza a nivel mundial.\",\"potentialAction\":[{\"@type\":\"SearchAction\",\"target\":{\"@type\":\"EntryPoint\",\"urlTemplate\":\"https:\/\/academiaphilashes.com\/en\/?s={search_term_string}\"},\"query-input\":{\"@type\":\"PropertyValueSpecification\",\"valueRequired\":true,\"valueName\":\"search_term_string\"}}],\"inLanguage\":\"en-US\"}]}<\/script>\n<!-- \/ Yoast SEO Premium plugin. -->","yoast_head_json":{"title":"Con\u00f3ceme - Academia Philashes | By Karina Gonz\u00e1lez","robots":{"index":"index","follow":"follow","max-snippet":"max-snippet:-1","max-image-preview":"max-image-preview:large","max-video-preview":"max-video-preview:-1"},"canonical":"https:\/\/academiaphilashes.com\/en\/conoceme\/","og_locale":"en_US","og_type":"article","og_title":"Con\u00f3ceme","og_description":"Soy Karina Gonz\u00e1lez Soy Karina Gonz\u00e1lez, venezolana que desde sus inicios en PhiAcademy, gracias a la constancia y b\u00fasqueda de la excelencia, he logrado convertirme en la Primera M\u00e1ster PhiLashes de Venezuela y Am\u00e9rica. Mis conocimientos y experiencia en el desarrollo y perfeccionamiento en diversas t\u00e9cnicas, me han permitido recorrer el mundo capacitando a cientos [&hellip;]","og_url":"https:\/\/academiaphilashes.com\/en\/conoceme\/","og_site_name":"Academia Philashes | By Karina Gonz\u00e1lez","article_modified_time":"2023-12-29T04:31:32+00:00","og_image":[{"url":"https:\/\/academiaphilashes.com\/wp-content\/uploads\/2023\/12\/avatar_karinGonzalez_ver01.webp","type":"","width":"","height":""}],"twitter_card":"summary_large_image","twitter_misc":{"Est. reading time":"1 minute"},"schema":{"@context":"https:\/\/schema.org","@graph":[{"@type":"WebPage","@id":"https:\/\/academiaphilashes.com\/en\/conoceme\/","url":"https:\/\/academiaphilashes.com\/en\/conoceme\/","name":"Con\u00f3ceme - Academia Philashes | By Karina Gonz\u00e1lez","isPartOf":{"@id":"https:\/\/academiaphilashes.com\/en\/#website"},"primaryImageOfPage":{"@id":"https:\/\/academiaphilashes.com\/en\/conoceme\/#primaryimage"},"image":{"@id":"https:\/\/academiaphilashes.com\/en\/conoceme\/#primaryimage"},"thumbnailUrl":"https:\/\/academiaphilashes.com\/wp-content\/uploads\/2023\/12\/avatar_karinGonzalez_ver01.webp","datePublished":"2023-09-02T05:47:45+00:00","dateModified":"2023-12-29T04:31:32+00:00","breadcrumb":{"@id":"https:\/\/academiaphilashes.com\/en\/conoceme\/#breadcrumb"},"inLanguage":"en-US","potentialAction":[{"@type":"ReadAction","target":["https:\/\/academiaphilashes.com\/en\/conoceme\/"]}]},{"@type":"ImageObject","inLanguage":"en-US","@id":"https:\/\/academiaphilashes.com\/en\/conoceme\/#primaryimage","url":"https:\/\/academiaphilashes.com\/wp-content\/uploads\/2023\/12\/avatar_karinGonzalez_ver01.webp","contentUrl":"https:\/\/academiaphilashes.com\/wp-content\/uploads\/2023\/12\/avatar_karinGonzalez_ver01.webp"},{"@type":"BreadcrumbList","@id":"https:\/\/academiaphilashes.com\/en\/conoceme\/#breadcrumb","itemListElement":[{"@type":"ListItem","position":1,"name":"Home","item":"https:\/\/academiaphilashes.com\/"},{"@type":"ListItem","position":2,"name":"Con\u00f3ceme"}]},{"@type":"WebSite","@id":"https:\/\/academiaphilashes.com\/en\/#website","url":"https:\/\/academiaphilashes.com\/en\/","name":"Academia Philashes | By Karina Gonz\u00e1lez","description":"Academia internacional de pesta\u00f1as con el mejor m\u00e9todo de ense\u00f1anza a nivel mundial.","potentialAction":[{"@type":"SearchAction","target":{"@type":"EntryPoint","urlTemplate":"https:\/\/academiaphilashes.com\/en\/?s={search_term_string}"},"query-input":{"@type":"PropertyValueSpecification","valueRequired":true,"valueName":"search_term_string"}}],"inLanguage":"en-US"}]}},"jetpack_sharing_enabled":true,"_links":{"self":[{"href":"https:\/\/academiaphilashes.com\/en\/wp-json\/wp\/v2\/pages\/67","targetHints":{"allow":["GET"]}}],"collection":[{"href":"https:\/\/academiaphilashes.com\/en\/wp-json\/wp\/v2\/pages"}],"about":[{"href":"https:\/\/academiaphilashes.com\/en\/wp-json\/wp\/v2\/types\/page"}],"author":[{"embeddable":true,"href":"https:\/\/academiaphilashes.com\/en\/wp-json\/wp\/v2\/users\/1"}],"replies":[{"embeddable":true,"href":"https:\/\/academiaphilashes.com\/en\/wp-json\/wp\/v2\/comments?post=67"}],"version-history":[{"count":0,"href":"https:\/\/academiaphilashes.com\/en\/wp-json\/wp\/v2\/pages\/67\/revisions"}],"wp:attachment":[{"href":"https:\/\/academiaphilashes.com\/en\/wp-json\/wp\/v2\/media?parent=67"}],"curies":[{"name":"wp","href":"https:\/\/api.w.org\/{rel}","templated":true}]}}