{"id":9019,"date":"2024-03-18T22:14:38","date_gmt":"2024-03-19T02:14:38","guid":{"rendered":"https:\/\/academiaphilashes.com\/?page_id=9019"},"modified":"2025-02-19T13:06:11","modified_gmt":"2025-02-19T17:06:11","slug":"politicas-de-servicio","status":"publish","type":"page","link":"https:\/\/academiaphilashes.com\/en\/politicas-de-servicio\/","title":{"rendered":"Service Policies"},"content":{"rendered":"<div data-elementor-type=\"wp-page\" data-elementor-id=\"9019\" class=\"elementor elementor-9019\" data-elementor-post-type=\"page\">\n\t\t\t\t<div data-particle_enable=\"false\" data-particle-mobile-disabled=\"false\" class=\"elementor-element elementor-element-b9bece9 e-con-full e-flex e-con e-parent\" data-id=\"b9bece9\" data-element_type=\"container\" data-e-type=\"container\" data-settings=\"{&quot;background_background&quot;:&quot;gradient&quot;}\">\n\t\t<div data-particle_enable=\"false\" data-particle-mobile-disabled=\"false\" class=\"elementor-element elementor-element-127016e e-con-full e-flex e-con e-child\" data-id=\"127016e\" data-element_type=\"container\" data-e-type=\"container\" data-settings=\"{&quot;background_background&quot;:&quot;classic&quot;}\">\n\t\t\t\t<div class=\"elementor-element elementor-element-57fd3b8 elementor-widget-divider--view-line elementor-widget elementor-widget-divider\" data-id=\"57fd3b8\" data-element_type=\"widget\" data-e-type=\"widget\" data-widget_type=\"divider.default\">\n\t\t\t\t<div class=\"elementor-widget-container\">\n\t\t\t\t\t\t\t<div class=\"elementor-divider\">\n\t\t\t<span class=\"elementor-divider-separator\">\n\t\t\t\t\t\t<\/span>\n\t\t<\/div>\n\t\t\t\t\t\t<\/div>\n\t\t\t\t<\/div>\n\t\t\t\t<div class=\"elementor-element elementor-element-c6ea3d2 elementor-widget__width-initial elementor-widget-tablet__width-initial elementor-widget-mobile__width-initial elementor-widget elementor-widget-text-editor\" data-id=\"c6ea3d2\" data-element_type=\"widget\" data-e-type=\"widget\" data-widget_type=\"text-editor.default\">\n\t\t\t\t<div class=\"elementor-widget-container\">\n\t\t\t\t\t\t\t\t\t<p><strong>I.<\/strong> Academia Philashes reserves the right to sell, reserve and limit the availability of Products, Services, Courses (In-person and Online), Seats and special accesses without any limitations other than those set forth in its company incorporation document and the laws of institutional commerce.<\/p><p><strong>II.<\/strong> Filashes Academy will not reserve for more than 24 hours, any type of course, product, service or related and has no obligation to make or guarantee any type of refund or compensation, regardless of the nature of the purchase.<\/p><p><strong>III.<\/strong> Los Cursos y Productos relacionados No son Reembolsable(s). Una vez adquirido el Curso (Presencial y Online), Producto(s) o Servicio(s), se considera no reembolsable. No ofrecemos reembolsos, devoluciones o cambios por ning\u00fan motivo.<\/p><p><strong>IV.<\/strong> The Courses are non-transferable without exception. Only the validated and accredited person can take the training, receive the corresponding kit and enjoy all the benefits inherent to said experience (In-person and Online), as well as the international certification.<\/p><p><strong>V.<\/strong> Una vez adquirido cualquiera de nuestros cursos, de forma individual o en combo en su modalidad \u201cPresencial\u201d, no ser\u00e1 posible cambiarlo a uno de modalidad \u201cOnline\u201d sin excepci\u00f3n y no habr\u00e1 ning\u00fan tipo de reembolso ante cualquier intensi\u00f3n de cancelaci\u00f3n o inasistencia por parte del cursante a dicha experiencia de formaci\u00f3n. Sin embargo, si el curso adquirido es en modalidad \u201cOnline\u201d, el cursante podr\u00e1 cursarlo de forma \u201cPresencial\u201d en la fecha pr\u00f3xima disponible en su pa\u00eds o el pa\u00eds m\u00e1s cercano a su lugar de residencia, cancelando la diferencia del costo del mismo en dicha versi\u00f3n.<\/p><p><strong>VI.<\/strong> All training lasts from 3 to 6 months (depending on the course you choose), once the time has passed, you can continue with your course by paying additionally for each month of extension (USD180 \u201c<strong><span style=\"color: #ffff00;\"><a style=\"color: #ffff00;\" href=\"https:\/\/buy.stripe.com\/8wMaHy6DJbcxgKY02x\">Pay HERE<\/a><\/span><\/strong>\") that you need to complete the course and achieve your certification. Below we describe the duration of each technique:<\/p><p><strong>PhiLashes:<\/strong><br \/>Classic technique \u2013 6 months <br \/>Beginner Russian Volume - 3 months <br \/>Advance Russian Volume - 3 months <br \/>Combo Russian Volume - 6 months<\/p><p><strong>Powder Brows:<\/strong> 6 months<\/p><p><strong>Lashes Lifting:<\/strong> 3 months<\/p><p><strong>VII.<\/strong> Once your registration is formalized, the course or the place are transferable to third parties without exception, nor will you have the right to refunds. Any irregularity in this rule will give rise to sanctions and legal actions<\/p><p><strong>VIII.<\/strong> En caso de que un entrenamiento en vivo sea suspendido por causas ajenas al control de la m\u00e1ster Karina, incluyendo pero no limitado a la suspensi\u00f3n de vuelos, pandemias, enfermedad o cualquier otra circunstancia de fuerza mayor, ni la organizaci\u00f3n ni la m\u00e1ster Karina estar\u00e1n obligados a reembolsar, compensar o indemnizar a los estudiantes inscritos por los gastos econ\u00f3micos que puedan resultar de dicha suspensi\u00f3n.<\/p><p><strong>IX.<\/strong> Purchase confirmation is mandatory. Before completing your purchase, make sure you have carefully reviewed the product description, features, and system requirements.<\/p><p><strong>X.<\/strong> Guaranteed Courses, Products and Services Support. While we do not offer refunds, we are committed to providing you with excellent customer service. If you have any questions about your Course (In-Person and Online), Product or Services, please do not hesitate to contact our support team at info@academiaphilashes.com. The attention span is between 24 and 48 business hours.<\/p><p><strong>XI.<\/strong> Unauthorized distribution, reproduction and plagiarism of any material, information, resource or Course material (In-Person and Online) is prohibited. If any of the above occurs, including identity theft, for personal benefit or profit, it is grounds for committing crimes that may be grounds for legal action.<\/p><p><strong>XII.<\/strong> By purchasing and downloading our courses and digital products, you acknowledge and agree to comply with the terms and conditions of this refund policy, understanding that the product is non-refundable.<\/p><p>We value your satisfaction and strive to provide a high-quality digital experience. If you have any questions or concerns about our refund policy, please feel free to contact our customer service team.<\/p>\t\t\t\t\t\t\t\t<\/div>\n\t\t\t\t<\/div>\n\t\t\t\t<\/div>\n\t\t\t\t<\/div>\n\t\t\t\t<\/div>","protected":false},"excerpt":{"rendered":"<p>I. Academia Philashes se reserva el derecho de vender, reservar y limitar la disponibilidad de Productos, Servicios, Cursos (Presenciales y Online), Cupos y Accesos especiales sin m\u00e1s limitaciones que las expuestas en su documento constitutivo de empresa y las leyes de comercio institucional. II. Academia Philashes no reservar\u00e1 por m\u00e1s de 24 horas, ning\u00fan tipo [&hellip;]<\/p>\n","protected":false},"author":1,"featured_media":0,"parent":0,"menu_order":0,"comment_status":"closed","ping_status":"closed","template":"","meta":{"footnotes":""},"class_list":["post-9019","page","type-page","status-publish","hentry"],"yoast_head":"<!-- This site is optimized with the Yoast SEO Premium plugin v27.2 (Yoast SEO v27.2) - https:\/\/yoast.com\/product\/yoast-seo-premium-wordpress\/ -->\n<title>Pol\u00edticas de Servicio - Academia Philashes | By Karina Gonz\u00e1lez<\/title>\n<meta name=\"robots\" content=\"index, follow, max-snippet:-1, max-image-preview:large, max-video-preview:-1\" \/>\n<link rel=\"canonical\" href=\"https:\/\/academiaphilashes.com\/en\/politicas-de-servicio\/\" \/>\n<meta property=\"og:locale\" content=\"en_US\" \/>\n<meta property=\"og:type\" content=\"article\" \/>\n<meta property=\"og:title\" content=\"Pol\u00edticas de Servicio\" \/>\n<meta property=\"og:description\" content=\"I. Academia Philashes se reserva el derecho de vender, reservar y limitar la disponibilidad de Productos, Servicios, Cursos (Presenciales y Online), Cupos y Accesos especiales sin m\u00e1s limitaciones que las expuestas en su documento constitutivo de empresa y las leyes de comercio institucional. II. Academia Philashes no reservar\u00e1 por m\u00e1s de 24 horas, ning\u00fan tipo [&hellip;]\" \/>\n<meta property=\"og:url\" content=\"https:\/\/academiaphilashes.com\/en\/politicas-de-servicio\/\" \/>\n<meta property=\"og:site_name\" content=\"Academia Philashes | By Karina Gonz\u00e1lez\" \/>\n<meta property=\"article:modified_time\" content=\"2025-02-19T17:06:11+00:00\" \/>\n<meta name=\"twitter:card\" content=\"summary_large_image\" \/>\n<meta name=\"twitter:label1\" content=\"Est. reading time\" \/>\n\t<meta name=\"twitter:data1\" content=\"3 minutes\" \/>\n<script type=\"application\/ld+json\" class=\"yoast-schema-graph\">{\"@context\":\"https:\/\/schema.org\",\"@graph\":[{\"@type\":\"WebPage\",\"@id\":\"https:\/\/academiaphilashes.com\/en\/politicas-de-servicio\/\",\"url\":\"https:\/\/academiaphilashes.com\/en\/politicas-de-servicio\/\",\"name\":\"Pol\u00edticas de Servicio - Academia Philashes | By Karina Gonz\u00e1lez\",\"isPartOf\":{\"@id\":\"https:\/\/academiaphilashes.com\/en\/#website\"},\"datePublished\":\"2024-03-19T02:14:38+00:00\",\"dateModified\":\"2025-02-19T17:06:11+00:00\",\"breadcrumb\":{\"@id\":\"https:\/\/academiaphilashes.com\/en\/politicas-de-servicio\/#breadcrumb\"},\"inLanguage\":\"en-US\",\"potentialAction\":[{\"@type\":\"ReadAction\",\"target\":[\"https:\/\/academiaphilashes.com\/en\/politicas-de-servicio\/\"]}]},{\"@type\":\"BreadcrumbList\",\"@id\":\"https:\/\/academiaphilashes.com\/en\/politicas-de-servicio\/#breadcrumb\",\"itemListElement\":[{\"@type\":\"ListItem\",\"position\":1,\"name\":\"Home\",\"item\":\"https:\/\/academiaphilashes.com\/\"},{\"@type\":\"ListItem\",\"position\":2,\"name\":\"Pol\u00edticas de Servicio\"}]},{\"@type\":\"WebSite\",\"@id\":\"https:\/\/academiaphilashes.com\/en\/#website\",\"url\":\"https:\/\/academiaphilashes.com\/en\/\",\"name\":\"Academia Philashes | By Karina Gonz\u00e1lez\",\"description\":\"Academia internacional de pesta\u00f1as con el mejor m\u00e9todo de ense\u00f1anza a nivel mundial.\",\"potentialAction\":[{\"@type\":\"SearchAction\",\"target\":{\"@type\":\"EntryPoint\",\"urlTemplate\":\"https:\/\/academiaphilashes.com\/en\/?s={search_term_string}\"},\"query-input\":{\"@type\":\"PropertyValueSpecification\",\"valueRequired\":true,\"valueName\":\"search_term_string\"}}],\"inLanguage\":\"en-US\"}]}<\/script>\n<!-- \/ Yoast SEO Premium plugin. -->","yoast_head_json":{"title":"Pol\u00edticas de Servicio - Academia Philashes | By Karina Gonz\u00e1lez","robots":{"index":"index","follow":"follow","max-snippet":"max-snippet:-1","max-image-preview":"max-image-preview:large","max-video-preview":"max-video-preview:-1"},"canonical":"https:\/\/academiaphilashes.com\/en\/politicas-de-servicio\/","og_locale":"en_US","og_type":"article","og_title":"Pol\u00edticas de Servicio","og_description":"I. Academia Philashes se reserva el derecho de vender, reservar y limitar la disponibilidad de Productos, Servicios, Cursos (Presenciales y Online), Cupos y Accesos especiales sin m\u00e1s limitaciones que las expuestas en su documento constitutivo de empresa y las leyes de comercio institucional. II. Academia Philashes no reservar\u00e1 por m\u00e1s de 24 horas, ning\u00fan tipo [&hellip;]","og_url":"https:\/\/academiaphilashes.com\/en\/politicas-de-servicio\/","og_site_name":"Academia Philashes | By Karina Gonz\u00e1lez","article_modified_time":"2025-02-19T17:06:11+00:00","twitter_card":"summary_large_image","twitter_misc":{"Est. reading time":"3 minutes"},"schema":{"@context":"https:\/\/schema.org","@graph":[{"@type":"WebPage","@id":"https:\/\/academiaphilashes.com\/en\/politicas-de-servicio\/","url":"https:\/\/academiaphilashes.com\/en\/politicas-de-servicio\/","name":"Pol\u00edticas de Servicio - Academia Philashes | By Karina Gonz\u00e1lez","isPartOf":{"@id":"https:\/\/academiaphilashes.com\/en\/#website"},"datePublished":"2024-03-19T02:14:38+00:00","dateModified":"2025-02-19T17:06:11+00:00","breadcrumb":{"@id":"https:\/\/academiaphilashes.com\/en\/politicas-de-servicio\/#breadcrumb"},"inLanguage":"en-US","potentialAction":[{"@type":"ReadAction","target":["https:\/\/academiaphilashes.com\/en\/politicas-de-servicio\/"]}]},{"@type":"BreadcrumbList","@id":"https:\/\/academiaphilashes.com\/en\/politicas-de-servicio\/#breadcrumb","itemListElement":[{"@type":"ListItem","position":1,"name":"Home","item":"https:\/\/academiaphilashes.com\/"},{"@type":"ListItem","position":2,"name":"Pol\u00edticas de Servicio"}]},{"@type":"WebSite","@id":"https:\/\/academiaphilashes.com\/en\/#website","url":"https:\/\/academiaphilashes.com\/en\/","name":"Academia Philashes | By Karina Gonz\u00e1lez","description":"Academia internacional de pesta\u00f1as con el mejor m\u00e9todo de ense\u00f1anza a nivel mundial.","potentialAction":[{"@type":"SearchAction","target":{"@type":"EntryPoint","urlTemplate":"https:\/\/academiaphilashes.com\/en\/?s={search_term_string}"},"query-input":{"@type":"PropertyValueSpecification","valueRequired":true,"valueName":"search_term_string"}}],"inLanguage":"en-US"}]}},"jetpack_sharing_enabled":true,"_links":{"self":[{"href":"https:\/\/academiaphilashes.com\/en\/wp-json\/wp\/v2\/pages\/9019","targetHints":{"allow":["GET"]}}],"collection":[{"href":"https:\/\/academiaphilashes.com\/en\/wp-json\/wp\/v2\/pages"}],"about":[{"href":"https:\/\/academiaphilashes.com\/en\/wp-json\/wp\/v2\/types\/page"}],"author":[{"embeddable":true,"href":"https:\/\/academiaphilashes.com\/en\/wp-json\/wp\/v2\/users\/1"}],"replies":[{"embeddable":true,"href":"https:\/\/academiaphilashes.com\/en\/wp-json\/wp\/v2\/comments?post=9019"}],"version-history":[{"count":0,"href":"https:\/\/academiaphilashes.com\/en\/wp-json\/wp\/v2\/pages\/9019\/revisions"}],"wp:attachment":[{"href":"https:\/\/academiaphilashes.com\/en\/wp-json\/wp\/v2\/media?parent=9019"}],"curies":[{"name":"wp","href":"https:\/\/api.w.org\/{rel}","templated":true}]}}