{"id":11617,"date":"2024-10-10T10:54:38","date_gmt":"2024-10-10T14:54:38","guid":{"rendered":"https:\/\/academiaphilashes.com\/?post_type=product&#038;p=11617"},"modified":"2026-03-20T15:26:12","modified_gmt":"2026-03-20T19:26:12","slug":"curso-philips-online","status":"publish","type":"product","link":"https:\/\/academiaphilashes.com\/en\/product\/curso-philips-online\/","title":{"rendered":"Course: PhiLips | Online"},"content":{"rendered":"<p><span style=\"font-size: 14pt;\"><strong>PhiLips Training Description<\/strong><\/span><\/p>\n<p>&nbsp;<\/p>\n<p><strong>Benefits of taking the online course<\/strong><\/p>\n<ul>\n<li>If you cannot attend the face-to-face courses, we have the online option for you.<\/li>\n<li>KIT + Certification. Access to the CRAFTMASTER App.<\/li>\n<li>PhiAcademy advice and certification once all levels of study have been successfully passed.<\/li>\n<li>Savings on travel and lodging expenses, flexibility, accessibility and greater control over study time are some advantages of receiving online training, thus offering you a great alternative to learn this wonderful technique.<\/li>\n<\/ul>\n<h4><\/h4>\n<p><strong>Table of Contents<\/strong><\/p>\n<ul>\n<li>Dermatology<\/li>\n<li>Health and Safety Standards<\/li>\n<li>Using PhiContour Pigments<\/li>\n<li>Client Pre-Preparation<\/li>\n<li>Contraindications<\/li>\n<li>Introduction to machines and cartridges.<\/li>\n<li>Aftercare<\/li>\n<li>Photo Editing for Social Networks.<\/li>\n<li>Full Lips Technique, watercolor lips and neutralization of cold lips.<\/li>\n<\/ul>\n<p>&nbsp;<\/p>\n<p><strong>What this training includes?<\/strong><\/p>\n<ul>\n<li>6 months of exclusive access to the CraftMaster\u00ae PRO App, where you will find more than 15 hours of videos and images and the theory necessary to master this technique.<\/li>\n<li>You will have support from your Master to pass the 13 levels through the application endorsed by PhiAcademy.<\/li>\n<\/ul>\n<p>&nbsp;<\/p>\n<p><strong>PhiLips Kit<\/strong><\/p>\n<ul>\n<li>Wild Passion Shader 10mL | 1 pc.<\/li>\n<li>Enigmatic Whisper Shader 10mL | 1 pc.<\/li>\n<li>Cherry Crush Shader 10mL | 1 pc.<\/li>\n<li>Mystic Tone Shader 10mL | 1 pc.<\/li>\n<li>Wicked Game Shader 10mL | 1 pc.<\/li>\n<li>Shy Blush Shader 10mL | 1 pc.<\/li>\n<li>Bold Scream Shader 10mL | 1 pc.<\/li>\n<li>Funky Blush Shader 10mL | 1 pc.<\/li>\n<li>Orange Bloom &#8211; Activator | 1 pc.<\/li>\n<li>Phi Concealer | 1 pc.<\/li>\n<li>Phi Brush 01 | 1 pc.<\/li>\n<li>Phi Brush 02 | 1 pc.<\/li>\n<li>Shaping Pencil Hot Red | 1 pcs<\/li>\n<li>Shaping Pencil Pink Kiss | 1 pc.<\/li>\n<li>PhiContour Latex Printed Lips | 2 pc.<\/li>\n<li>Practice Silicone Blank | 2 pc.<\/li>\n<li>Silicone Ink Cups 50\/1 | 1 pc.<\/li>\n<li>Ink Cup Holder | 1 pc.<\/li>\n<li>PhiWipes MakeUp Remover 5\/1 | 1 pc.<\/li>\n<li>Phi Wipes Block Tonic 20\/1 | 1 pc.<\/li>\n<li>Skin Candy Monodose Balm 50\/1 | 1 pc.<\/li>\n<li>PhiFoil Lips &amp; Brows 200\/1 | 1 pc.<\/li>\n<li>PMU Cartridges 0.25 1R, 5.5mm taper (EN17) 20\/1 | 1 pc.<\/li>\n<li>Phi Black Cartridge 0.30 1R, 7mm taper &#8211; 10\/1 | 1 pc.<\/li>\n<\/ul>\n<p>&nbsp;<\/p>\n<p><a href=\"https:\/\/academiaphilashes.com\/wp-content\/uploads\/2024\/10\/01-kit_PhiLips.webp\"><img loading=\"lazy\" decoding=\"async\" class=\"alignnone wp-image-12177\" src=\"https:\/\/academiaphilashes.com\/wp-content\/uploads\/2024\/10\/01-kit_PhiLips-300x300.webp\" alt=\"\" width=\"600\" height=\"600\" srcset=\"https:\/\/academiaphilashes.com\/wp-content\/uploads\/2024\/10\/01-kit_PhiLips-300x300.webp 300w, https:\/\/academiaphilashes.com\/wp-content\/uploads\/2024\/10\/01-kit_PhiLips-1024x1024.webp 1024w, https:\/\/academiaphilashes.com\/wp-content\/uploads\/2024\/10\/01-kit_PhiLips-150x150.webp 150w, https:\/\/academiaphilashes.com\/wp-content\/uploads\/2024\/10\/01-kit_PhiLips-768x768.webp 768w, https:\/\/academiaphilashes.com\/wp-content\/uploads\/2024\/10\/01-kit_PhiLips-12x12.webp 12w, https:\/\/academiaphilashes.com\/wp-content\/uploads\/2024\/10\/01-kit_PhiLips-75x75.webp 75w, https:\/\/academiaphilashes.com\/wp-content\/uploads\/2024\/10\/01-kit_PhiLips-600x600.webp 600w, https:\/\/academiaphilashes.com\/wp-content\/uploads\/2024\/10\/01-kit_PhiLips-100x100.webp 100w, https:\/\/academiaphilashes.com\/wp-content\/uploads\/2024\/10\/01-kit_PhiLips.webp 1080w\" sizes=\"auto, (max-width: 600px) 100vw, 600px\" \/><\/a><\/p>\n<p>&nbsp;<\/p>\n<p><b>At the end of your training<\/b><\/p>\n<p>Upon completion of your training, the academy will award you an international certificate and a personalized logo certifying you as a Phiacademy Artist. You will appear on the world map and receive a physical certificate via DHL.<\/p>","protected":false},"excerpt":{"rendered":"<p>PhiLips\u00ae is an art within the world of semi-permanent lip makeup, the design is calculated based on the golden ratio of each client, the symmetry of the lips is achieved through the use of the BB compass and the PhiApp application.<\/p>","protected":false},"featured_media":11618,"template":"","meta":[],"product_brand":[],"product_cat":[22],"product_tag":[],"class_list":{"0":"post-11617","1":"product","2":"type-product","3":"status-publish","4":"has-post-thumbnail","6":"product_cat-cursos-online","7":"product_shipping_class-online-courses","9":"first","10":"instock","11":"sold-individually","12":"taxable","13":"shipping-taxable","14":"purchasable","15":"product-type-variable"},"yoast_head":"<!-- This site is optimized with the Yoast SEO Premium plugin v27.2 (Yoast SEO v27.2) - https:\/\/yoast.com\/product\/yoast-seo-premium-wordpress\/ -->\n<title>Curso: Philips | Online - Academia Philashes | By Karina Gonz\u00e1lez<\/title>\n<meta name=\"robots\" content=\"index, follow, max-snippet:-1, max-image-preview:large, max-video-preview:-1\" \/>\n<link rel=\"canonical\" href=\"https:\/\/academiaphilashes.com\/en\/product\/curso-philips-online\/\" \/>\n<meta property=\"og:locale\" content=\"en_US\" \/>\n<meta property=\"og:type\" content=\"article\" \/>\n<meta property=\"og:title\" content=\"Curso: Philips | Online\" \/>\n<meta property=\"og:description\" content=\"PhiLips\u00ae es un arte dentro del mundo del maquillaje semipermanente de labios, el dise\u00f1o se calcula con base en\u00a0la proporci\u00f3n \u00e1urea de cada cliente, la simetr\u00eda de los labios se logra mediante el uso del BB comp\u00e1s y la aplicaci\u00f3n PhiApp.\" \/>\n<meta property=\"og:url\" content=\"https:\/\/academiaphilashes.com\/en\/product\/curso-philips-online\/\" \/>\n<meta property=\"og:site_name\" content=\"Academia Philashes | By Karina Gonz\u00e1lez\" \/>\n<meta property=\"article:modified_time\" content=\"2026-03-20T19:26:12+00:00\" \/>\n<meta property=\"og:image\" content=\"https:\/\/academiaphilashes.com\/wp-content\/uploads\/2024\/10\/06-thumb-poster_Online-PhiLips.webp\" \/>\n\t<meta property=\"og:image:width\" content=\"1080\" \/>\n\t<meta property=\"og:image:height\" content=\"1080\" \/>\n\t<meta property=\"og:image:type\" content=\"image\/webp\" \/>\n<meta name=\"twitter:card\" content=\"summary_large_image\" \/>\n<meta name=\"twitter:label1\" content=\"Est. reading time\" \/>\n\t<meta name=\"twitter:data1\" content=\"3 minutes\" \/>\n<script type=\"application\/ld+json\" class=\"yoast-schema-graph\">{\"@context\":\"https:\/\/schema.org\",\"@graph\":[{\"@type\":\"WebPage\",\"@id\":\"https:\/\/academiaphilashes.com\/en\/product\/curso-philips-online\/\",\"url\":\"https:\/\/academiaphilashes.com\/en\/product\/curso-philips-online\/\",\"name\":\"Curso: Philips | Online - Academia Philashes | By Karina Gonz\u00e1lez\",\"isPartOf\":{\"@id\":\"https:\/\/academiaphilashes.com\/en\/#website\"},\"primaryImageOfPage\":{\"@id\":\"https:\/\/academiaphilashes.com\/en\/product\/curso-philips-online\/#primaryimage\"},\"image\":{\"@id\":\"https:\/\/academiaphilashes.com\/en\/product\/curso-philips-online\/#primaryimage\"},\"thumbnailUrl\":\"https:\/\/academiaphilashes.com\/wp-content\/uploads\/2024\/10\/06-thumb-poster_Online-PhiLips.webp\",\"datePublished\":\"2024-10-10T14:54:38+00:00\",\"dateModified\":\"2026-03-20T19:26:12+00:00\",\"breadcrumb\":{\"@id\":\"https:\/\/academiaphilashes.com\/en\/product\/curso-philips-online\/#breadcrumb\"},\"inLanguage\":\"en-US\",\"potentialAction\":[{\"@type\":\"ReadAction\",\"target\":[\"https:\/\/academiaphilashes.com\/en\/product\/curso-philips-online\/\"]}]},{\"@type\":\"ImageObject\",\"inLanguage\":\"en-US\",\"@id\":\"https:\/\/academiaphilashes.com\/en\/product\/curso-philips-online\/#primaryimage\",\"url\":\"https:\/\/academiaphilashes.com\/wp-content\/uploads\/2024\/10\/06-thumb-poster_Online-PhiLips.webp\",\"contentUrl\":\"https:\/\/academiaphilashes.com\/wp-content\/uploads\/2024\/10\/06-thumb-poster_Online-PhiLips.webp\",\"width\":1080,\"height\":1080},{\"@type\":\"BreadcrumbList\",\"@id\":\"https:\/\/academiaphilashes.com\/en\/product\/curso-philips-online\/#breadcrumb\",\"itemListElement\":[{\"@type\":\"ListItem\",\"position\":1,\"name\":\"Home\",\"item\":\"https:\/\/academiaphilashes.com\/\"},{\"@type\":\"ListItem\",\"position\":2,\"name\":\"Shop\",\"item\":\"https:\/\/academiaphilashes.com\/shop\/\"},{\"@type\":\"ListItem\",\"position\":3,\"name\":\"Curso: Philips | Online\"}]},{\"@type\":\"WebSite\",\"@id\":\"https:\/\/academiaphilashes.com\/en\/#website\",\"url\":\"https:\/\/academiaphilashes.com\/en\/\",\"name\":\"Academia Philashes | By Karina Gonz\u00e1lez\",\"description\":\"Academia internacional de pesta\u00f1as con el mejor m\u00e9todo de ense\u00f1anza a nivel mundial.\",\"potentialAction\":[{\"@type\":\"SearchAction\",\"target\":{\"@type\":\"EntryPoint\",\"urlTemplate\":\"https:\/\/academiaphilashes.com\/en\/?s={search_term_string}\"},\"query-input\":{\"@type\":\"PropertyValueSpecification\",\"valueRequired\":true,\"valueName\":\"search_term_string\"}}],\"inLanguage\":\"en-US\"}]}<\/script>\n<!-- \/ Yoast SEO Premium plugin. -->","yoast_head_json":{"title":"Curso: Philips | Online - Academia Philashes | By Karina Gonz\u00e1lez","robots":{"index":"index","follow":"follow","max-snippet":"max-snippet:-1","max-image-preview":"max-image-preview:large","max-video-preview":"max-video-preview:-1"},"canonical":"https:\/\/academiaphilashes.com\/en\/product\/curso-philips-online\/","og_locale":"en_US","og_type":"article","og_title":"Curso: Philips | Online","og_description":"PhiLips\u00ae es un arte dentro del mundo del maquillaje semipermanente de labios, el dise\u00f1o se calcula con base en\u00a0la proporci\u00f3n \u00e1urea de cada cliente, la simetr\u00eda de los labios se logra mediante el uso del BB comp\u00e1s y la aplicaci\u00f3n PhiApp.","og_url":"https:\/\/academiaphilashes.com\/en\/product\/curso-philips-online\/","og_site_name":"Academia Philashes | By Karina Gonz\u00e1lez","article_modified_time":"2026-03-20T19:26:12+00:00","og_image":[{"width":1080,"height":1080,"url":"https:\/\/academiaphilashes.com\/wp-content\/uploads\/2024\/10\/06-thumb-poster_Online-PhiLips.webp","type":"image\/webp"}],"twitter_card":"summary_large_image","twitter_misc":{"Est. reading time":"3 minutes"},"schema":{"@context":"https:\/\/schema.org","@graph":[{"@type":"WebPage","@id":"https:\/\/academiaphilashes.com\/en\/product\/curso-philips-online\/","url":"https:\/\/academiaphilashes.com\/en\/product\/curso-philips-online\/","name":"Curso: Philips | Online - Academia Philashes | By Karina Gonz\u00e1lez","isPartOf":{"@id":"https:\/\/academiaphilashes.com\/en\/#website"},"primaryImageOfPage":{"@id":"https:\/\/academiaphilashes.com\/en\/product\/curso-philips-online\/#primaryimage"},"image":{"@id":"https:\/\/academiaphilashes.com\/en\/product\/curso-philips-online\/#primaryimage"},"thumbnailUrl":"https:\/\/academiaphilashes.com\/wp-content\/uploads\/2024\/10\/06-thumb-poster_Online-PhiLips.webp","datePublished":"2024-10-10T14:54:38+00:00","dateModified":"2026-03-20T19:26:12+00:00","breadcrumb":{"@id":"https:\/\/academiaphilashes.com\/en\/product\/curso-philips-online\/#breadcrumb"},"inLanguage":"en-US","potentialAction":[{"@type":"ReadAction","target":["https:\/\/academiaphilashes.com\/en\/product\/curso-philips-online\/"]}]},{"@type":"ImageObject","inLanguage":"en-US","@id":"https:\/\/academiaphilashes.com\/en\/product\/curso-philips-online\/#primaryimage","url":"https:\/\/academiaphilashes.com\/wp-content\/uploads\/2024\/10\/06-thumb-poster_Online-PhiLips.webp","contentUrl":"https:\/\/academiaphilashes.com\/wp-content\/uploads\/2024\/10\/06-thumb-poster_Online-PhiLips.webp","width":1080,"height":1080},{"@type":"BreadcrumbList","@id":"https:\/\/academiaphilashes.com\/en\/product\/curso-philips-online\/#breadcrumb","itemListElement":[{"@type":"ListItem","position":1,"name":"Home","item":"https:\/\/academiaphilashes.com\/"},{"@type":"ListItem","position":2,"name":"Shop","item":"https:\/\/academiaphilashes.com\/shop\/"},{"@type":"ListItem","position":3,"name":"Curso: Philips | Online"}]},{"@type":"WebSite","@id":"https:\/\/academiaphilashes.com\/en\/#website","url":"https:\/\/academiaphilashes.com\/en\/","name":"Academia Philashes | By Karina Gonz\u00e1lez","description":"Academia internacional de pesta\u00f1as con el mejor m\u00e9todo de ense\u00f1anza a nivel mundial.","potentialAction":[{"@type":"SearchAction","target":{"@type":"EntryPoint","urlTemplate":"https:\/\/academiaphilashes.com\/en\/?s={search_term_string}"},"query-input":{"@type":"PropertyValueSpecification","valueRequired":true,"valueName":"search_term_string"}}],"inLanguage":"en-US"}]}},"jetpack_sharing_enabled":true,"_links":{"self":[{"href":"https:\/\/academiaphilashes.com\/en\/wp-json\/wp\/v2\/product\/11617","targetHints":{"allow":["GET"]}}],"collection":[{"href":"https:\/\/academiaphilashes.com\/en\/wp-json\/wp\/v2\/product"}],"about":[{"href":"https:\/\/academiaphilashes.com\/en\/wp-json\/wp\/v2\/types\/product"}],"version-history":[{"count":0,"href":"https:\/\/academiaphilashes.com\/en\/wp-json\/wp\/v2\/product\/11617\/revisions"}],"wp:featuredmedia":[{"embeddable":true,"href":"https:\/\/academiaphilashes.com\/en\/wp-json\/wp\/v2\/media\/11618"}],"wp:attachment":[{"href":"https:\/\/academiaphilashes.com\/en\/wp-json\/wp\/v2\/media?parent=11617"}],"wp:term":[{"taxonomy":"product_brand","embeddable":true,"href":"https:\/\/academiaphilashes.com\/en\/wp-json\/wp\/v2\/product_brand?post=11617"},{"taxonomy":"product_cat","embeddable":true,"href":"https:\/\/academiaphilashes.com\/en\/wp-json\/wp\/v2\/product_cat?post=11617"},{"taxonomy":"product_tag","embeddable":true,"href":"https:\/\/academiaphilashes.com\/en\/wp-json\/wp\/v2\/product_tag?post=11617"}],"curies":[{"name":"wp","href":"https:\/\/api.w.org\/{rel}","templated":true}]}}