{"id":12162,"date":"2025-10-04T11:02:26","date_gmt":"2025-10-04T15:02:26","guid":{"rendered":"https:\/\/academiaphilashes.com\/?post_type=product&#038;p=12162"},"modified":"2025-10-04T17:47:50","modified_gmt":"2025-10-04T21:47:50","slug":"curso-philashes-volumen-ruso-principiante-en-vivo-lima-peru-dic-04","status":"publish","type":"product","link":"https:\/\/academiaphilashes.com\/en\/product\/curso-philashes-volumen-ruso-principiante-en-vivo-lima-peru-dic-04\/","title":{"rendered":"Curso: PhiLashes | Volumen Ruso Principiante | En Vivo | Lima, Per\u00fa | Dic, 04"},"content":{"rendered":"<p><b>Important Note:<\/b><\/p>\n<p><span style=\"font-weight: 400;\">Verifiable experience in Classical Technique is required for at least 3 months.<\/span><\/p>\n<p>&nbsp;<\/p>\n<p><b>Ternario del Curso<\/b><\/p>\n<ul>\n<li style=\"font-weight: 400;\" aria-level=\"1\"><span style=\"font-weight: 400;\">Philashes Treatment Information<\/span><\/li>\n<li style=\"font-weight: 400;\" aria-level=\"1\"><span style=\"font-weight: 400;\">Natural Eyelash Growth Cycle<\/span><\/li>\n<li style=\"font-weight: 400;\" aria-level=\"1\"><span style=\"font-weight: 400;\">Pesta\u00f1as cl\u00e1sicas vs. Pesta\u00f1as de Volumen<\/span><\/li>\n<li style=\"font-weight: 400;\" aria-level=\"1\"><span style=\"font-weight: 400;\">Eyelash Adhesive<\/span><\/li>\n<li style=\"font-weight: 400;\" aria-level=\"1\"><span style=\"font-weight: 400;\">Eye Analysis<\/span><\/li>\n<li style=\"font-weight: 400;\" aria-level=\"1\"><span style=\"font-weight: 400;\">Room Temperature and Humidity<\/span><\/li>\n<li style=\"font-weight: 400;\" aria-level=\"1\"><span style=\"font-weight: 400;\">Perfect Fan Techniques<\/span><\/li>\n<li style=\"font-weight: 400;\" aria-level=\"1\"><span style=\"font-weight: 400;\">Retention Problems<\/span><\/li>\n<li style=\"font-weight: 400;\" aria-level=\"1\"><span style=\"font-weight: 400;\">Step-by-Step Treatment<\/span><\/li>\n<li style=\"font-weight: 400;\" aria-level=\"1\"><span style=\"font-weight: 400;\">Contraindications<\/span><\/li>\n<li style=\"font-weight: 400;\" aria-level=\"1\"><span style=\"font-weight: 400;\">Allergic Reactions<\/span><\/li>\n<li style=\"font-weight: 400;\" aria-level=\"1\"><span style=\"font-weight: 400;\">Fotograf\u00eda y Edici\u00f3n<\/span><\/li>\n<li style=\"font-weight: 400;\" aria-level=\"1\"><span style=\"font-weight: 400;\">And much more...<\/span><\/li>\n<\/ul>\n<p>&nbsp;<\/p>\n<p><b>\u00bfQu\u00e9 Incluye este entrenamiento?<\/b><\/p>\n<ul>\n<li style=\"font-weight: 400;\" aria-level=\"1\"><span style=\"font-weight: 400;\">1 d\u00eda presencial + 3 meses a trav\u00e9s de la aplicaci\u00f3n CRAFTMASTER.<\/span><\/li>\n<li style=\"font-weight: 400;\" aria-level=\"1\"><span style=\"font-weight: 400;\">Al aprobar los 9 niveles que incluyen pr\u00e1ctica simulada y modelos reales, recibes el t\u00edtulo de Philashes Artist.<\/span><\/li>\n<\/ul>\n<p>&nbsp;<\/p>\n<p><b>Al finalizar el curso EN VIVO<\/b><\/p>\n<ul>\n<li style=\"font-weight: 400;\" aria-level=\"1\"><span style=\"font-weight: 400;\">Recibir\u00e1s tu certificado de asistencia al entrenamiento Philashes.<\/span><\/li>\n<li style=\"font-weight: 400;\" aria-level=\"1\"><span style=\"font-weight: 400;\">Nunca estar\u00e1s solo siempre contar\u00e1s con el apoyo de tu M\u00e1ster para aclarar todas tus dudas.<\/span><\/li>\n<li style=\"font-weight: 400;\" aria-level=\"1\"><span style=\"font-weight: 400;\">Obtendr\u00e1s acceso a la aplicaci\u00f3n CraftMaster\u00ae por 3 meses con toda la informaci\u00f3n del entrenamiento.<\/span><\/li>\n<li style=\"font-weight: 400;\" aria-level=\"1\"><span style=\"font-weight: 400;\">La aplicaci\u00f3n contiene tareas y niveles desde lo m\u00e1s b\u00e1sico hasta lo m\u00e1s complejo lo cual te ayudara a desarrollar tu habilidad de forma exitosa.<\/span><\/li>\n<\/ul>\n<p><b><br \/>\nPhilashes Russian Beginner Kit<\/b><\/p>\n<p>2 x volume tweezer (1&amp;2)<br \/>\n1 x isolation tweezer<br \/>\n1 x adhesive sticker<br \/>\n1 x philashes foam 50ml<br \/>\n1 x Philashes premium faux mink mix C-0.10<br \/>\n1 x Philashes premium faux mink mix CC-0.7<br \/>\n1 x Philashes premium faux mink mix D-0.05<br \/>\n1 x beyond lash adhesive<br \/>\n1 x Crystal Stone<br \/>\n1 x Cream remover<br \/>\n1 x Philashes tape<br \/>\n5 x Gel free pads<br \/>\n5 x Hydrogel pads la20<br \/>\n1 x m\u00e1scara brush 80 pcs<br \/>\n1 x cleansing brush 3pcs<br \/>\n1 x lash palette<br \/>\n1 x micro applicator 100pcs<br \/>\n1 x flocked lint free applicator 100pcs<\/p>\n<p>&nbsp;<\/p>\n<p><b>At the end of your training<\/b><\/p>\n<p><span style=\"font-weight: 400;\">Al finalizar el entrenamiento la academia te otorgar\u00e1 el certificado Internacional as\u00ed como el logotipo personalizado que te avala como Artista de PhiAcademy, aparecer\u00e1s dentro del mapa mundial y recibir\u00e1s el certificado en f\u00edsico por v\u00eda correo DHL.<\/span><\/p>","protected":false},"excerpt":{"rendered":"<p>It's the latest trend in the lash industry that gives artists the most superior results in terms of lash density and volume. Unlike the classic technique, which involves one lash extension per natural lash, volume lash extensions teach the advanced multi-attachment technique, which uses two to four or more of the thinnest\/finest lash extensions on each natural lash, creating lash clusters of 200-700 lashes per eye.<\/p>","protected":false},"featured_media":14359,"template":"","meta":[],"product_brand":[],"product_cat":[20,70,29,35,41,43],"product_tag":[],"class_list":{"0":"post-12162","1":"product","2":"type-product","3":"status-publish","4":"has-post-thumbnail","6":"product_cat-cursos-internacionales","7":"product_cat-diciembre","8":"product_cat-eventos-peru","9":"product_cat-philashes","10":"product_cat-presenciales","11":"product_cat-ruso-principiante","12":"product_shipping_class-free-shipping","14":"first","15":"instock","16":"taxable","17":"shipping-taxable","18":"purchasable","19":"product-type-variable"},"yoast_head":"<!-- This site is optimized with the Yoast SEO Premium plugin v27.2 (Yoast SEO v27.2) - https:\/\/yoast.com\/product\/yoast-seo-premium-wordpress\/ -->\n<title>Curso: PhiLashes | Volumen Ruso Principiante | En Vivo | Lima, Per\u00fa | Dic, 04 - Academia Philashes | By Karina Gonz\u00e1lez<\/title>\n<meta name=\"robots\" content=\"index, follow, max-snippet:-1, max-image-preview:large, max-video-preview:-1\" \/>\n<link rel=\"canonical\" href=\"https:\/\/academiaphilashes.com\/en\/product\/curso-philashes-volumen-ruso-principiante-en-vivo-lima-peru-dic-04\/\" \/>\n<meta property=\"og:locale\" content=\"en_US\" \/>\n<meta property=\"og:type\" content=\"article\" \/>\n<meta property=\"og:title\" content=\"Curso: PhiLashes | Volumen Ruso Principiante | En Vivo | Lima, Per\u00fa | Dic, 04\" \/>\n<meta property=\"og:description\" content=\"Es la tendencia m\u00e1s reciente en la industria de las pesta\u00f1as que les da a los artistas los resultados m\u00e1s top en cuanto a la densidad y volumen de las pesta\u00f1as. A diferencia de la t\u00e9cnica cl\u00e1sica que es 1 extensi\u00f3n de pesta\u00f1as por 1 pesta\u00f1a natural, el volumen ense\u00f1a la t\u00e9cnica avanzada de multi-amarre que utiliza de 2 a 4 o m\u00e1s de las extensiones de pesta\u00f1as m\u00e1s delgadas \/ finas en cada pesta\u00f1a natural creando conjuntos de pesta\u00f1as de 200-700 pesta\u00f1as por ojo.\" \/>\n<meta property=\"og:url\" content=\"https:\/\/academiaphilashes.com\/en\/product\/curso-philashes-volumen-ruso-principiante-en-vivo-lima-peru-dic-04\/\" \/>\n<meta property=\"og:site_name\" content=\"Academia Philashes | By Karina Gonz\u00e1lez\" \/>\n<meta property=\"article:modified_time\" content=\"2025-10-04T21:47:50+00:00\" \/>\n<meta property=\"og:image\" content=\"https:\/\/academiaphilashes.com\/wp-content\/uploads\/2025\/10\/03-thumb_Peru_DIC-2025.webp\" \/>\n\t<meta property=\"og:image:width\" content=\"1080\" \/>\n\t<meta property=\"og:image:height\" content=\"1080\" \/>\n\t<meta property=\"og:image:type\" content=\"image\/webp\" \/>\n<meta name=\"twitter:card\" content=\"summary_large_image\" \/>\n<meta name=\"twitter:label1\" content=\"Est. reading time\" \/>\n\t<meta name=\"twitter:data1\" content=\"2 minutes\" \/>\n<script type=\"application\/ld+json\" class=\"yoast-schema-graph\">{\"@context\":\"https:\/\/schema.org\",\"@graph\":[{\"@type\":\"WebPage\",\"@id\":\"https:\/\/academiaphilashes.com\/en\/product\/curso-philashes-volumen-ruso-principiante-en-vivo-lima-peru-dic-04\/\",\"url\":\"https:\/\/academiaphilashes.com\/en\/product\/curso-philashes-volumen-ruso-principiante-en-vivo-lima-peru-dic-04\/\",\"name\":\"Curso: PhiLashes | Volumen Ruso Principiante | En Vivo | Lima, Per\u00fa | Dic, 04 - Academia Philashes | By Karina Gonz\u00e1lez\",\"isPartOf\":{\"@id\":\"https:\/\/academiaphilashes.com\/en\/#website\"},\"primaryImageOfPage\":{\"@id\":\"https:\/\/academiaphilashes.com\/en\/product\/curso-philashes-volumen-ruso-principiante-en-vivo-lima-peru-dic-04\/#primaryimage\"},\"image\":{\"@id\":\"https:\/\/academiaphilashes.com\/en\/product\/curso-philashes-volumen-ruso-principiante-en-vivo-lima-peru-dic-04\/#primaryimage\"},\"thumbnailUrl\":\"https:\/\/academiaphilashes.com\/wp-content\/uploads\/2025\/10\/03-thumb_Peru_DIC-2025.webp\",\"datePublished\":\"2025-10-04T15:02:26+00:00\",\"dateModified\":\"2025-10-04T21:47:50+00:00\",\"breadcrumb\":{\"@id\":\"https:\/\/academiaphilashes.com\/en\/product\/curso-philashes-volumen-ruso-principiante-en-vivo-lima-peru-dic-04\/#breadcrumb\"},\"inLanguage\":\"en-US\",\"potentialAction\":[{\"@type\":\"ReadAction\",\"target\":[\"https:\/\/academiaphilashes.com\/en\/product\/curso-philashes-volumen-ruso-principiante-en-vivo-lima-peru-dic-04\/\"]}]},{\"@type\":\"ImageObject\",\"inLanguage\":\"en-US\",\"@id\":\"https:\/\/academiaphilashes.com\/en\/product\/curso-philashes-volumen-ruso-principiante-en-vivo-lima-peru-dic-04\/#primaryimage\",\"url\":\"https:\/\/academiaphilashes.com\/wp-content\/uploads\/2025\/10\/03-thumb_Peru_DIC-2025.webp\",\"contentUrl\":\"https:\/\/academiaphilashes.com\/wp-content\/uploads\/2025\/10\/03-thumb_Peru_DIC-2025.webp\",\"width\":1080,\"height\":1080},{\"@type\":\"BreadcrumbList\",\"@id\":\"https:\/\/academiaphilashes.com\/en\/product\/curso-philashes-volumen-ruso-principiante-en-vivo-lima-peru-dic-04\/#breadcrumb\",\"itemListElement\":[{\"@type\":\"ListItem\",\"position\":1,\"name\":\"Home\",\"item\":\"https:\/\/academiaphilashes.com\/\"},{\"@type\":\"ListItem\",\"position\":2,\"name\":\"Shop\",\"item\":\"https:\/\/academiaphilashes.com\/shop\/\"},{\"@type\":\"ListItem\",\"position\":3,\"name\":\"Curso: PhiLashes | Volumen Ruso Principiante | En Vivo | Lima, Per\u00fa | Dic, 04\"}]},{\"@type\":\"WebSite\",\"@id\":\"https:\/\/academiaphilashes.com\/en\/#website\",\"url\":\"https:\/\/academiaphilashes.com\/en\/\",\"name\":\"Academia Philashes | By Karina Gonz\u00e1lez\",\"description\":\"Academia internacional de pesta\u00f1as con el mejor m\u00e9todo de ense\u00f1anza a nivel mundial.\",\"potentialAction\":[{\"@type\":\"SearchAction\",\"target\":{\"@type\":\"EntryPoint\",\"urlTemplate\":\"https:\/\/academiaphilashes.com\/en\/?s={search_term_string}\"},\"query-input\":{\"@type\":\"PropertyValueSpecification\",\"valueRequired\":true,\"valueName\":\"search_term_string\"}}],\"inLanguage\":\"en-US\"}]}<\/script>\n<!-- \/ Yoast SEO Premium plugin. -->","yoast_head_json":{"title":"Curso: PhiLashes | Volumen Ruso Principiante | En Vivo | Lima, Per\u00fa | Dic, 04 - Academia Philashes | By Karina Gonz\u00e1lez","robots":{"index":"index","follow":"follow","max-snippet":"max-snippet:-1","max-image-preview":"max-image-preview:large","max-video-preview":"max-video-preview:-1"},"canonical":"https:\/\/academiaphilashes.com\/en\/product\/curso-philashes-volumen-ruso-principiante-en-vivo-lima-peru-dic-04\/","og_locale":"en_US","og_type":"article","og_title":"Curso: PhiLashes | Volumen Ruso Principiante | En Vivo | Lima, Per\u00fa | Dic, 04","og_description":"Es la tendencia m\u00e1s reciente en la industria de las pesta\u00f1as que les da a los artistas los resultados m\u00e1s top en cuanto a la densidad y volumen de las pesta\u00f1as. A diferencia de la t\u00e9cnica cl\u00e1sica que es 1 extensi\u00f3n de pesta\u00f1as por 1 pesta\u00f1a natural, el volumen ense\u00f1a la t\u00e9cnica avanzada de multi-amarre que utiliza de 2 a 4 o m\u00e1s de las extensiones de pesta\u00f1as m\u00e1s delgadas \/ finas en cada pesta\u00f1a natural creando conjuntos de pesta\u00f1as de 200-700 pesta\u00f1as por ojo.","og_url":"https:\/\/academiaphilashes.com\/en\/product\/curso-philashes-volumen-ruso-principiante-en-vivo-lima-peru-dic-04\/","og_site_name":"Academia Philashes | By Karina Gonz\u00e1lez","article_modified_time":"2025-10-04T21:47:50+00:00","og_image":[{"width":1080,"height":1080,"url":"https:\/\/academiaphilashes.com\/wp-content\/uploads\/2025\/10\/03-thumb_Peru_DIC-2025.webp","type":"image\/webp"}],"twitter_card":"summary_large_image","twitter_misc":{"Est. reading time":"2 minutes"},"schema":{"@context":"https:\/\/schema.org","@graph":[{"@type":"WebPage","@id":"https:\/\/academiaphilashes.com\/en\/product\/curso-philashes-volumen-ruso-principiante-en-vivo-lima-peru-dic-04\/","url":"https:\/\/academiaphilashes.com\/en\/product\/curso-philashes-volumen-ruso-principiante-en-vivo-lima-peru-dic-04\/","name":"Curso: PhiLashes | Volumen Ruso Principiante | En Vivo | Lima, Per\u00fa | Dic, 04 - Academia Philashes | By Karina Gonz\u00e1lez","isPartOf":{"@id":"https:\/\/academiaphilashes.com\/en\/#website"},"primaryImageOfPage":{"@id":"https:\/\/academiaphilashes.com\/en\/product\/curso-philashes-volumen-ruso-principiante-en-vivo-lima-peru-dic-04\/#primaryimage"},"image":{"@id":"https:\/\/academiaphilashes.com\/en\/product\/curso-philashes-volumen-ruso-principiante-en-vivo-lima-peru-dic-04\/#primaryimage"},"thumbnailUrl":"https:\/\/academiaphilashes.com\/wp-content\/uploads\/2025\/10\/03-thumb_Peru_DIC-2025.webp","datePublished":"2025-10-04T15:02:26+00:00","dateModified":"2025-10-04T21:47:50+00:00","breadcrumb":{"@id":"https:\/\/academiaphilashes.com\/en\/product\/curso-philashes-volumen-ruso-principiante-en-vivo-lima-peru-dic-04\/#breadcrumb"},"inLanguage":"en-US","potentialAction":[{"@type":"ReadAction","target":["https:\/\/academiaphilashes.com\/en\/product\/curso-philashes-volumen-ruso-principiante-en-vivo-lima-peru-dic-04\/"]}]},{"@type":"ImageObject","inLanguage":"en-US","@id":"https:\/\/academiaphilashes.com\/en\/product\/curso-philashes-volumen-ruso-principiante-en-vivo-lima-peru-dic-04\/#primaryimage","url":"https:\/\/academiaphilashes.com\/wp-content\/uploads\/2025\/10\/03-thumb_Peru_DIC-2025.webp","contentUrl":"https:\/\/academiaphilashes.com\/wp-content\/uploads\/2025\/10\/03-thumb_Peru_DIC-2025.webp","width":1080,"height":1080},{"@type":"BreadcrumbList","@id":"https:\/\/academiaphilashes.com\/en\/product\/curso-philashes-volumen-ruso-principiante-en-vivo-lima-peru-dic-04\/#breadcrumb","itemListElement":[{"@type":"ListItem","position":1,"name":"Home","item":"https:\/\/academiaphilashes.com\/"},{"@type":"ListItem","position":2,"name":"Shop","item":"https:\/\/academiaphilashes.com\/shop\/"},{"@type":"ListItem","position":3,"name":"Curso: PhiLashes | Volumen Ruso Principiante | En Vivo | Lima, Per\u00fa | Dic, 04"}]},{"@type":"WebSite","@id":"https:\/\/academiaphilashes.com\/en\/#website","url":"https:\/\/academiaphilashes.com\/en\/","name":"Academia Philashes | By Karina Gonz\u00e1lez","description":"Academia internacional de pesta\u00f1as con el mejor m\u00e9todo de ense\u00f1anza a nivel mundial.","potentialAction":[{"@type":"SearchAction","target":{"@type":"EntryPoint","urlTemplate":"https:\/\/academiaphilashes.com\/en\/?s={search_term_string}"},"query-input":{"@type":"PropertyValueSpecification","valueRequired":true,"valueName":"search_term_string"}}],"inLanguage":"en-US"}]}},"jetpack_sharing_enabled":true,"_links":{"self":[{"href":"https:\/\/academiaphilashes.com\/en\/wp-json\/wp\/v2\/product\/12162","targetHints":{"allow":["GET"]}}],"collection":[{"href":"https:\/\/academiaphilashes.com\/en\/wp-json\/wp\/v2\/product"}],"about":[{"href":"https:\/\/academiaphilashes.com\/en\/wp-json\/wp\/v2\/types\/product"}],"version-history":[{"count":0,"href":"https:\/\/academiaphilashes.com\/en\/wp-json\/wp\/v2\/product\/12162\/revisions"}],"wp:featuredmedia":[{"embeddable":true,"href":"https:\/\/academiaphilashes.com\/en\/wp-json\/wp\/v2\/media\/14359"}],"wp:attachment":[{"href":"https:\/\/academiaphilashes.com\/en\/wp-json\/wp\/v2\/media?parent=12162"}],"wp:term":[{"taxonomy":"product_brand","embeddable":true,"href":"https:\/\/academiaphilashes.com\/en\/wp-json\/wp\/v2\/product_brand?post=12162"},{"taxonomy":"product_cat","embeddable":true,"href":"https:\/\/academiaphilashes.com\/en\/wp-json\/wp\/v2\/product_cat?post=12162"},{"taxonomy":"product_tag","embeddable":true,"href":"https:\/\/academiaphilashes.com\/en\/wp-json\/wp\/v2\/product_tag?post=12162"}],"curies":[{"name":"wp","href":"https:\/\/api.w.org\/{rel}","templated":true}]}}