{"id":12167,"date":"2025-10-04T11:03:35","date_gmt":"2025-10-04T15:03:35","guid":{"rendered":"https:\/\/academiaphilashes.com\/?post_type=product&#038;p=12167"},"modified":"2025-10-04T17:51:38","modified_gmt":"2025-10-04T21:51:38","slug":"curso-philashes-volumen-ruso-avanzado-en-vivo-lima-peru-dic-05","status":"publish","type":"product","link":"https:\/\/academiaphilashes.com\/en\/product\/curso-philashes-volumen-ruso-avanzado-en-vivo-lima-peru-dic-05\/","title":{"rendered":"Curso: PhiLashes | Volumen Ruso Avanzado | En Vivo | Lima, Per\u00fa | Dic, 05"},"content":{"rendered":"<p><b>Important Note:<\/b><\/p>\n<p><span style=\"font-weight: 400;\">Proven experience in volume for at least 6 months.<\/span><\/p>\n<p>&nbsp;<\/p>\n<p><b>Ternario del Curso<\/b><\/p>\n<ul>\n<li style=\"font-weight: 400;\" aria-level=\"1\"><span style=\"font-weight: 400;\">Vertical and horizontal asymmetries correction.<\/span><\/li>\n<li style=\"font-weight: 400;\" aria-level=\"1\"><span style=\"font-weight: 400;\">Advanced colorimetry.<\/span><\/li>\n<li style=\"font-weight: 400;\" aria-level=\"1\"><span style=\"font-weight: 400;\">Advanced effects such as fishtail, lightning bolt, foxy ombr\u00e9, wet hybrid, and rock star eyeliner.<\/span><\/li>\n<li style=\"font-weight: 400;\" aria-level=\"1\"><span style=\"font-weight: 400;\">Working with advanced curls such as L and M and how to blend them with conventional curls.<\/span><\/li>\n<li style=\"font-weight: 400;\" aria-level=\"1\"><span style=\"font-weight: 400;\">Information on the Philashes treatment.<\/span><\/li>\n<li style=\"font-weight: 400;\" aria-level=\"1\"><span style=\"font-weight: 400;\">The difference between volume and mega volume.<\/span><\/li>\n<li style=\"font-weight: 400;\" aria-level=\"1\"><span style=\"font-weight: 400;\">Eye analysis.<\/span><\/li>\n<li style=\"font-weight: 400;\" aria-level=\"1\"><span style=\"font-weight: 400;\">Sapphire lash adhesive.<\/span><\/li>\n<li style=\"font-weight: 400;\" aria-level=\"1\"><span style=\"font-weight: 400;\">Effects: KIM K, eyeliner, eyeshadow, lower lashes, wet, foxy, hybrid, lightning bolt, and fishtail. Room temperature and humidity.<\/span><\/li>\n<li style=\"font-weight: 400;\" aria-level=\"1\"><span style=\"font-weight: 400;\">Advanced L and M curls.<\/span><\/li>\n<li style=\"font-weight: 400;\" aria-level=\"1\"><span style=\"font-weight: 400;\">Step-by-step 6D treatment.<\/span><\/li>\n<li style=\"font-weight: 400;\" aria-level=\"1\"><span style=\"font-weight: 400;\">Advanced technique.<\/span><\/li>\n<li style=\"font-weight: 400;\" aria-level=\"1\"><span style=\"font-weight: 400;\">Photography and editing.<\/span><\/li>\n<li style=\"font-weight: 400;\" aria-level=\"1\"><span style=\"font-weight: 400;\">And much more...<\/span><\/li>\n<\/ul>\n<p>&nbsp;<\/p>\n<p><b>\u00bfQu\u00e9 Incluye este entrenamiento?<\/b><\/p>\n<ul>\n<li style=\"font-weight: 400;\" aria-level=\"1\"><span style=\"font-weight: 400;\">1 d\u00eda presencial + 3 meses a trav\u00e9s de la aplicaci\u00f3n CRAFTMASTER.<\/span><\/li>\n<li style=\"font-weight: 400;\" aria-level=\"1\"><span style=\"font-weight: 400;\">Al aprobar los 7 niveles que incluyen pr\u00e1ctica simulada y modelos reales, recibes el t\u00edtulo de Philashes Artist.<\/span><\/li>\n<\/ul>\n<p>&nbsp;<\/p>\n<p><b>Al finalizar el curso EN VIVO<\/b><\/p>\n<ul>\n<li style=\"font-weight: 400;\" aria-level=\"1\"><span style=\"font-weight: 400;\">Recibir\u00e1s tu certificado de asistencia al entrenamiento Philashes.<\/span><\/li>\n<li style=\"font-weight: 400;\" aria-level=\"1\"><span style=\"font-weight: 400;\">Nunca estar\u00e1s solo siempre contar\u00e1s con el apoyo de tu M\u00e1ster para aclarar todas tus dudas.<\/span><\/li>\n<li style=\"font-weight: 400;\" aria-level=\"1\"><span style=\"font-weight: 400;\">Obtendr\u00e1s acceso a la aplicaci\u00f3n CraftMaster\u00ae por 3 meses con toda la informaci\u00f3n del entrenamiento.<\/span><\/li>\n<li style=\"font-weight: 400;\" aria-level=\"1\"><span style=\"font-weight: 400;\">La aplicaci\u00f3n contiene tareas y niveles desde lo m\u00e1s b\u00e1sico hasta lo m\u00e1s complejo lo cual te ayudara a desarrollar tu habilidad de forma exitosa.<\/span><\/li>\n<\/ul>\n<p>&nbsp;<\/p>\n<p><b>Advanced Russian Philashes Kit<\/b><\/p>\n<p>2 x volume tweezer (1&amp;2)<br \/>\n1 x isolation tweezer<br \/>\n1 x adhesive sticker<br \/>\n1 x philashes foam 50ml<br \/>\n1 x Philashes premium faux mink mix C-0.10<br \/>\n1 x Philashes premium faux mink mix CC-0.7<br \/>\n1 x Philashes premium faux mink mix D-0.05<br \/>\n1 x beyond lash adhesive<br \/>\n1 x Crystal Stone<br \/>\n1 x Cream remover<br \/>\n1 x Philashes tape<br \/>\n5 x Gel free pads<br \/>\n5 x Hydrogel pads la20<br \/>\n1 x m\u00e1scara brush 80 pcs<br \/>\n1 x cleansing brush 3pcs<br \/>\n1 x lash palette<br \/>\n1 x micro applicator 100pcs<br \/>\n1 x flocked lint free applicator 100pcs<\/p>\n<p>&nbsp;<\/p>\n<p><b>At the end of your training<\/b><\/p>\n<p><span style=\"font-weight: 400;\">Upon completion of your training, the academy will award you an international certificate and a personalized logo certifying you as a Phiacademy Artist. You will appear on the world map and receive a physical certificate via DHL.<\/span><\/p>","protected":false},"excerpt":{"rendered":"<p>This training aims to perfect the Russian volume technique, teaching the student different advanced techniques to create Russian volume from 6 to more than 10 D, as well as lower lashes, trendy effects such as WET, Eyeshadow Effect, Eyeliner and more.<\/p>","protected":false},"featured_media":14360,"template":"","meta":[],"product_brand":[],"product_cat":[20,70,29,35,41,44],"product_tag":[],"class_list":{"0":"post-12167","1":"product","2":"type-product","3":"status-publish","4":"has-post-thumbnail","6":"product_cat-cursos-internacionales","7":"product_cat-diciembre","8":"product_cat-eventos-peru","9":"product_cat-philashes","10":"product_cat-presenciales","11":"product_cat-ruso-avanzado","12":"product_shipping_class-free-shipping","14":"first","15":"instock","16":"taxable","17":"shipping-taxable","18":"purchasable","19":"product-type-variable"},"yoast_head":"<!-- This site is optimized with the Yoast SEO Premium plugin v27.2 (Yoast SEO v27.2) - https:\/\/yoast.com\/product\/yoast-seo-premium-wordpress\/ -->\n<title>Curso: PhiLashes | Volumen Ruso Avanzado | En Vivo | Lima, Per\u00fa | Dic, 05 - Academia Philashes | By Karina Gonz\u00e1lez<\/title>\n<meta name=\"robots\" content=\"index, follow, max-snippet:-1, max-image-preview:large, max-video-preview:-1\" \/>\n<link rel=\"canonical\" href=\"https:\/\/academiaphilashes.com\/en\/product\/curso-philashes-volumen-ruso-avanzado-en-vivo-lima-peru-dic-05\/\" \/>\n<meta property=\"og:locale\" content=\"en_US\" \/>\n<meta property=\"og:type\" content=\"article\" \/>\n<meta property=\"og:title\" content=\"Curso: PhiLashes | Volumen Ruso Avanzado | En Vivo | Lima, Per\u00fa | Dic, 05\" \/>\n<meta property=\"og:description\" content=\"Este entrenamiento tiene la finalidad de perfeccionar la t\u00e9cnica volumen ruso, ense\u00f1ando al estudiante diferentes t\u00e9cnicas avanzadas para hacer volumen ruso de 6 a m\u00e1s de 10 D, as\u00ed como pesta\u00f1as inferiores, efectos en tendencia como WET, Efecto Eyeshadow, Eyeliner y m\u00e1s.\" \/>\n<meta property=\"og:url\" content=\"https:\/\/academiaphilashes.com\/en\/product\/curso-philashes-volumen-ruso-avanzado-en-vivo-lima-peru-dic-05\/\" \/>\n<meta property=\"og:site_name\" content=\"Academia Philashes | By Karina Gonz\u00e1lez\" \/>\n<meta property=\"article:modified_time\" content=\"2025-10-04T21:51:38+00:00\" \/>\n<meta property=\"og:image\" content=\"https:\/\/academiaphilashes.com\/wp-content\/uploads\/2025\/10\/04-thumb_Peru_DIC-2025.webp\" \/>\n\t<meta property=\"og:image:width\" content=\"1080\" \/>\n\t<meta property=\"og:image:height\" content=\"1080\" \/>\n\t<meta property=\"og:image:type\" content=\"image\/webp\" \/>\n<meta name=\"twitter:card\" content=\"summary_large_image\" \/>\n<meta name=\"twitter:label1\" content=\"Est. reading time\" \/>\n\t<meta name=\"twitter:data1\" content=\"2 minutes\" \/>\n<script type=\"application\/ld+json\" class=\"yoast-schema-graph\">{\"@context\":\"https:\/\/schema.org\",\"@graph\":[{\"@type\":\"WebPage\",\"@id\":\"https:\/\/academiaphilashes.com\/en\/product\/curso-philashes-volumen-ruso-avanzado-en-vivo-lima-peru-dic-05\/\",\"url\":\"https:\/\/academiaphilashes.com\/en\/product\/curso-philashes-volumen-ruso-avanzado-en-vivo-lima-peru-dic-05\/\",\"name\":\"Curso: PhiLashes | Volumen Ruso Avanzado | En Vivo | Lima, Per\u00fa | Dic, 05 - Academia Philashes | By Karina Gonz\u00e1lez\",\"isPartOf\":{\"@id\":\"https:\/\/academiaphilashes.com\/en\/#website\"},\"primaryImageOfPage\":{\"@id\":\"https:\/\/academiaphilashes.com\/en\/product\/curso-philashes-volumen-ruso-avanzado-en-vivo-lima-peru-dic-05\/#primaryimage\"},\"image\":{\"@id\":\"https:\/\/academiaphilashes.com\/en\/product\/curso-philashes-volumen-ruso-avanzado-en-vivo-lima-peru-dic-05\/#primaryimage\"},\"thumbnailUrl\":\"https:\/\/academiaphilashes.com\/wp-content\/uploads\/2025\/10\/04-thumb_Peru_DIC-2025.webp\",\"datePublished\":\"2025-10-04T15:03:35+00:00\",\"dateModified\":\"2025-10-04T21:51:38+00:00\",\"breadcrumb\":{\"@id\":\"https:\/\/academiaphilashes.com\/en\/product\/curso-philashes-volumen-ruso-avanzado-en-vivo-lima-peru-dic-05\/#breadcrumb\"},\"inLanguage\":\"en-US\",\"potentialAction\":[{\"@type\":\"ReadAction\",\"target\":[\"https:\/\/academiaphilashes.com\/en\/product\/curso-philashes-volumen-ruso-avanzado-en-vivo-lima-peru-dic-05\/\"]}]},{\"@type\":\"ImageObject\",\"inLanguage\":\"en-US\",\"@id\":\"https:\/\/academiaphilashes.com\/en\/product\/curso-philashes-volumen-ruso-avanzado-en-vivo-lima-peru-dic-05\/#primaryimage\",\"url\":\"https:\/\/academiaphilashes.com\/wp-content\/uploads\/2025\/10\/04-thumb_Peru_DIC-2025.webp\",\"contentUrl\":\"https:\/\/academiaphilashes.com\/wp-content\/uploads\/2025\/10\/04-thumb_Peru_DIC-2025.webp\",\"width\":1080,\"height\":1080},{\"@type\":\"BreadcrumbList\",\"@id\":\"https:\/\/academiaphilashes.com\/en\/product\/curso-philashes-volumen-ruso-avanzado-en-vivo-lima-peru-dic-05\/#breadcrumb\",\"itemListElement\":[{\"@type\":\"ListItem\",\"position\":1,\"name\":\"Home\",\"item\":\"https:\/\/academiaphilashes.com\/\"},{\"@type\":\"ListItem\",\"position\":2,\"name\":\"Shop\",\"item\":\"https:\/\/academiaphilashes.com\/shop\/\"},{\"@type\":\"ListItem\",\"position\":3,\"name\":\"Curso: PhiLashes | Volumen Ruso Avanzado | En Vivo | Lima, Per\u00fa | Dic, 05\"}]},{\"@type\":\"WebSite\",\"@id\":\"https:\/\/academiaphilashes.com\/en\/#website\",\"url\":\"https:\/\/academiaphilashes.com\/en\/\",\"name\":\"Academia Philashes | By Karina Gonz\u00e1lez\",\"description\":\"Academia internacional de pesta\u00f1as con el mejor m\u00e9todo de ense\u00f1anza a nivel mundial.\",\"potentialAction\":[{\"@type\":\"SearchAction\",\"target\":{\"@type\":\"EntryPoint\",\"urlTemplate\":\"https:\/\/academiaphilashes.com\/en\/?s={search_term_string}\"},\"query-input\":{\"@type\":\"PropertyValueSpecification\",\"valueRequired\":true,\"valueName\":\"search_term_string\"}}],\"inLanguage\":\"en-US\"}]}<\/script>\n<!-- \/ Yoast SEO Premium plugin. -->","yoast_head_json":{"title":"Curso: PhiLashes | Volumen Ruso Avanzado | En Vivo | Lima, Per\u00fa | Dic, 05 - Academia Philashes | By Karina Gonz\u00e1lez","robots":{"index":"index","follow":"follow","max-snippet":"max-snippet:-1","max-image-preview":"max-image-preview:large","max-video-preview":"max-video-preview:-1"},"canonical":"https:\/\/academiaphilashes.com\/en\/product\/curso-philashes-volumen-ruso-avanzado-en-vivo-lima-peru-dic-05\/","og_locale":"en_US","og_type":"article","og_title":"Curso: PhiLashes | Volumen Ruso Avanzado | En Vivo | Lima, Per\u00fa | Dic, 05","og_description":"Este entrenamiento tiene la finalidad de perfeccionar la t\u00e9cnica volumen ruso, ense\u00f1ando al estudiante diferentes t\u00e9cnicas avanzadas para hacer volumen ruso de 6 a m\u00e1s de 10 D, as\u00ed como pesta\u00f1as inferiores, efectos en tendencia como WET, Efecto Eyeshadow, Eyeliner y m\u00e1s.","og_url":"https:\/\/academiaphilashes.com\/en\/product\/curso-philashes-volumen-ruso-avanzado-en-vivo-lima-peru-dic-05\/","og_site_name":"Academia Philashes | By Karina Gonz\u00e1lez","article_modified_time":"2025-10-04T21:51:38+00:00","og_image":[{"width":1080,"height":1080,"url":"https:\/\/academiaphilashes.com\/wp-content\/uploads\/2025\/10\/04-thumb_Peru_DIC-2025.webp","type":"image\/webp"}],"twitter_card":"summary_large_image","twitter_misc":{"Est. reading time":"2 minutes"},"schema":{"@context":"https:\/\/schema.org","@graph":[{"@type":"WebPage","@id":"https:\/\/academiaphilashes.com\/en\/product\/curso-philashes-volumen-ruso-avanzado-en-vivo-lima-peru-dic-05\/","url":"https:\/\/academiaphilashes.com\/en\/product\/curso-philashes-volumen-ruso-avanzado-en-vivo-lima-peru-dic-05\/","name":"Curso: PhiLashes | Volumen Ruso Avanzado | En Vivo | Lima, Per\u00fa | Dic, 05 - Academia Philashes | By Karina Gonz\u00e1lez","isPartOf":{"@id":"https:\/\/academiaphilashes.com\/en\/#website"},"primaryImageOfPage":{"@id":"https:\/\/academiaphilashes.com\/en\/product\/curso-philashes-volumen-ruso-avanzado-en-vivo-lima-peru-dic-05\/#primaryimage"},"image":{"@id":"https:\/\/academiaphilashes.com\/en\/product\/curso-philashes-volumen-ruso-avanzado-en-vivo-lima-peru-dic-05\/#primaryimage"},"thumbnailUrl":"https:\/\/academiaphilashes.com\/wp-content\/uploads\/2025\/10\/04-thumb_Peru_DIC-2025.webp","datePublished":"2025-10-04T15:03:35+00:00","dateModified":"2025-10-04T21:51:38+00:00","breadcrumb":{"@id":"https:\/\/academiaphilashes.com\/en\/product\/curso-philashes-volumen-ruso-avanzado-en-vivo-lima-peru-dic-05\/#breadcrumb"},"inLanguage":"en-US","potentialAction":[{"@type":"ReadAction","target":["https:\/\/academiaphilashes.com\/en\/product\/curso-philashes-volumen-ruso-avanzado-en-vivo-lima-peru-dic-05\/"]}]},{"@type":"ImageObject","inLanguage":"en-US","@id":"https:\/\/academiaphilashes.com\/en\/product\/curso-philashes-volumen-ruso-avanzado-en-vivo-lima-peru-dic-05\/#primaryimage","url":"https:\/\/academiaphilashes.com\/wp-content\/uploads\/2025\/10\/04-thumb_Peru_DIC-2025.webp","contentUrl":"https:\/\/academiaphilashes.com\/wp-content\/uploads\/2025\/10\/04-thumb_Peru_DIC-2025.webp","width":1080,"height":1080},{"@type":"BreadcrumbList","@id":"https:\/\/academiaphilashes.com\/en\/product\/curso-philashes-volumen-ruso-avanzado-en-vivo-lima-peru-dic-05\/#breadcrumb","itemListElement":[{"@type":"ListItem","position":1,"name":"Home","item":"https:\/\/academiaphilashes.com\/"},{"@type":"ListItem","position":2,"name":"Shop","item":"https:\/\/academiaphilashes.com\/shop\/"},{"@type":"ListItem","position":3,"name":"Curso: PhiLashes | Volumen Ruso Avanzado | En Vivo | Lima, Per\u00fa | Dic, 05"}]},{"@type":"WebSite","@id":"https:\/\/academiaphilashes.com\/en\/#website","url":"https:\/\/academiaphilashes.com\/en\/","name":"Academia Philashes | By Karina Gonz\u00e1lez","description":"Academia internacional de pesta\u00f1as con el mejor m\u00e9todo de ense\u00f1anza a nivel mundial.","potentialAction":[{"@type":"SearchAction","target":{"@type":"EntryPoint","urlTemplate":"https:\/\/academiaphilashes.com\/en\/?s={search_term_string}"},"query-input":{"@type":"PropertyValueSpecification","valueRequired":true,"valueName":"search_term_string"}}],"inLanguage":"en-US"}]}},"jetpack_sharing_enabled":true,"_links":{"self":[{"href":"https:\/\/academiaphilashes.com\/en\/wp-json\/wp\/v2\/product\/12167","targetHints":{"allow":["GET"]}}],"collection":[{"href":"https:\/\/academiaphilashes.com\/en\/wp-json\/wp\/v2\/product"}],"about":[{"href":"https:\/\/academiaphilashes.com\/en\/wp-json\/wp\/v2\/types\/product"}],"version-history":[{"count":0,"href":"https:\/\/academiaphilashes.com\/en\/wp-json\/wp\/v2\/product\/12167\/revisions"}],"wp:featuredmedia":[{"embeddable":true,"href":"https:\/\/academiaphilashes.com\/en\/wp-json\/wp\/v2\/media\/14360"}],"wp:attachment":[{"href":"https:\/\/academiaphilashes.com\/en\/wp-json\/wp\/v2\/media?parent=12167"}],"wp:term":[{"taxonomy":"product_brand","embeddable":true,"href":"https:\/\/academiaphilashes.com\/en\/wp-json\/wp\/v2\/product_brand?post=12167"},{"taxonomy":"product_cat","embeddable":true,"href":"https:\/\/academiaphilashes.com\/en\/wp-json\/wp\/v2\/product_cat?post=12167"},{"taxonomy":"product_tag","embeddable":true,"href":"https:\/\/academiaphilashes.com\/en\/wp-json\/wp\/v2\/product_tag?post=12167"}],"curies":[{"name":"wp","href":"https:\/\/api.w.org\/{rel}","templated":true}]}}