{"id":12433,"date":"2025-10-04T11:00:28","date_gmt":"2025-10-04T15:00:28","guid":{"rendered":"https:\/\/academiaphilashes.com\/?post_type=product&#038;p=12433"},"modified":"2025-10-04T17:39:09","modified_gmt":"2025-10-04T21:39:09","slug":"curso-lifting-cejas-y-pestanas-en-vivo-lima-peru-dic-01","status":"publish","type":"product","link":"https:\/\/academiaphilashes.com\/en\/product\/curso-lifting-cejas-y-pestanas-en-vivo-lima-peru-dic-01\/","title":{"rendered":"Curso: Lifting: Cejas y Pesta\u00f1as | En Vivo | Lima, Per\u00fa | Dic, 01"},"content":{"rendered":"<p><b>About Lashes &amp; Brows Lifting Training<\/b><\/p>\n<p><span style=\"font-weight: 400;\">The Lifting and Brow Lifting training is a special course endorsed by Phiacademy that includes two of the most in-demand techniques in the beauty industry in a single training program, allowing students to learn about high-tech products and cutting-edge education on safe chemical processes to lift, curl, and nourish eyebrows and eyelashes.<\/span><\/p>\n<p>&nbsp;<\/p>\n<p><span style=\"font-weight: 400;\">El curso de Lashes Lifting y Brows Lifting no requiere experiencia previa en el sector de la belleza y tambi\u00e9n es ideal para aquellos artistas que desean reforzar y actualizarse en este tipo de tratamientos para lograr la acreditaci\u00f3n internacional avalada por Phiacademy.<\/span><\/p>\n<p>&nbsp;<\/p>\n<p><b>Ternario del Curso<\/b><\/p>\n<ul>\n<li style=\"font-weight: 400;\" aria-level=\"1\"><span style=\"font-weight: 400;\">Eyelash Anatomy and<\/span><\/li>\n<li style=\"font-weight: 400;\" aria-level=\"1\"><span style=\"font-weight: 400;\">Who is the treatment for?<\/span><\/li>\n<li style=\"font-weight: 400;\" aria-level=\"1\"><span style=\"font-weight: 400;\">Contraindications<\/span><\/li>\n<li style=\"font-weight: 400;\" aria-level=\"1\"><span style=\"font-weight: 400;\">Eye types, eyelashes, and eyelids<\/span><\/li>\n<li style=\"font-weight: 400;\" aria-level=\"1\"><span style=\"font-weight: 400;\">Aftercare procedure<\/span><\/li>\n<li style=\"font-weight: 400;\" aria-level=\"1\"><span style=\"font-weight: 400;\">How to choose the right mold based on the anatomy of your natural eyelashes, your eye type, and the desired projection<\/span><\/li>\n<li style=\"font-weight: 400;\" aria-level=\"1\"><span style=\"font-weight: 400;\">Standards and Hygiene<\/span><\/li>\n<li style=\"font-weight: 400;\" aria-level=\"1\"><span style=\"font-weight: 400;\">Solutions and their application<\/span><\/li>\n<li style=\"font-weight: 400;\" aria-level=\"1\"><span style=\"font-weight: 400;\">Proper fitting<\/span><\/li>\n<li style=\"font-weight: 400;\" aria-level=\"1\"><span style=\"font-weight: 400;\">Lash rotation and alignment<\/span><\/li>\n<li style=\"font-weight: 400;\" aria-level=\"1\"><span style=\"font-weight: 400;\">Proper client preparation<\/span><\/li>\n<li style=\"font-weight: 400;\" aria-level=\"1\"><span style=\"font-weight: 400;\">Eyelash tinting<\/span><\/li>\n<li style=\"font-weight: 400;\" aria-level=\"1\"><span style=\"font-weight: 400;\">Aftercare<\/span><\/li>\n<li style=\"font-weight: 400;\" aria-level=\"1\"><span style=\"font-weight: 400;\">Tips and advice for students<\/span><\/li>\n<li style=\"font-weight: 400;\" aria-level=\"1\"><span style=\"font-weight: 400;\">Photography and editing with your phone for social media<\/span><\/li>\n<li style=\"font-weight: 400;\" aria-level=\"1\"><span style=\"font-weight: 400;\">How to use the CraftMaster app and pass the 7 levels for certification.<\/span><\/li>\n<\/ul>\n<p>&nbsp;<\/p>\n<p><b>\u00bfQu\u00e9 Incluye este entrenamiento?<\/b><\/p>\n<p><span style=\"font-weight: 400;\">La formaci\u00f3n LashesLifting comienza con la formaci\u00f3n en directo durante un d\u00eda que consta de dos partes:<\/span><\/p>\n<ul>\n<li style=\"font-weight: 400;\" aria-level=\"1\"><span style=\"font-weight: 400;\">Este entrenamiento dura 3 meses, donde recibir\u00e1s 1 d\u00eda de clase<\/span><\/li>\n<li style=\"font-weight: 400;\" aria-level=\"1\"><span style=\"font-weight: 400;\">presencial y luego continuaras en la app CrafMaster\u00ae para culminar el entrenamiento y lograr la certificaci\u00f3n.<\/span><\/li>\n<\/ul>\n<p>&nbsp;<\/p>\n<p><b>Al finalizar el curso EN VIVO<\/b><\/p>\n<ul>\n<li style=\"font-weight: 400;\" aria-level=\"1\"><span style=\"font-weight: 400;\">Recibir\u00e1s tu certificado de asistencia al entrenamiento Philashes.<\/span><\/li>\n<li style=\"font-weight: 400;\" aria-level=\"1\"><span style=\"font-weight: 400;\">Nunca estar\u00e1s solo siempre contar\u00e1s con el apoyo de tu M\u00e1ster para aclarar todas tus dudas.<\/span><\/li>\n<li style=\"font-weight: 400;\" aria-level=\"1\"><span style=\"font-weight: 400;\">Obtendr\u00e1s acceso a la aplicaci\u00f3n CraftMaster\u00ae por 3 meses con toda la informaci\u00f3n del entrenamiento.<\/span><\/li>\n<li style=\"font-weight: 400;\" aria-level=\"1\"><span style=\"font-weight: 400;\">La aplicaci\u00f3n contiene tareas y niveles desde lo m\u00e1s b\u00e1sico hasta lo m\u00e1s complejo lo cual te ayudara a desarrollar tu habilidad de forma exitosa.<\/span><\/li>\n<\/ul>\n<p>&nbsp;<\/p>\n<p><b>Advanced Russian Philashes Kit<\/b><\/p>\n<p>Crema Reafirmante 1,5 ml 10\/1 (1 unidad)<br \/>\nS\u00e9rum hidratante 1,5 ml 10\/1 (1 unidad)<br \/>\nLoci\u00f3n neutralizante 1,5 ml 10\/1 (1 unidad)<br \/>\n1 bonder de levantamiento de pesta\u00f1as (1 pieza)<br \/>\n1 herramienta para levantar pesta\u00f1as (1 pieza)<br \/>\nEscudo de silicona peque\u00f1o 10\/1 (1 pieza)<br \/>\nEscudo de silicona medio 10\/1 (1 pieza)<br \/>\nEscudo de silicona medio 10\/1 (1 pieza)<br \/>\nEscudo de silicona grande 10\/1 (1 pieza)<br \/>\nEscudo de silicona superpeque\u00f1o 10\/1 (1 pieza)<br \/>\nEscudo de silicona extragrande 10\/1 (1 pieza)<br \/>\nParches para los ojos (10 piezas)<br \/>\nLimpiador espumoso para pesta\u00f1as (1 pieza)<br \/>\nPlato Dappen (1 pieza)<br \/>\nVaritas de r\u00edmel (1 pieza)<br \/>\nMicrocepillo (1 pieza)<br \/>\nCinta Philashes (1 pieza)<br \/>\nAnillos de pegamento (1 pieza)<\/p>\n<p>&nbsp;<\/p>\n<p><a href=\"https:\/\/academiaphilashes.com\/wp-content\/uploads\/2024\/10\/02-kit_Lifting.webp\"><img loading=\"lazy\" decoding=\"async\" class=\"alignnone wp-image-12178\" src=\"https:\/\/academiaphilashes.com\/wp-content\/uploads\/2024\/10\/02-kit_Lifting-300x300.webp\" alt=\"\" width=\"600\" height=\"600\" srcset=\"https:\/\/academiaphilashes.com\/wp-content\/uploads\/2024\/10\/02-kit_Lifting-300x300.webp 300w, https:\/\/academiaphilashes.com\/wp-content\/uploads\/2024\/10\/02-kit_Lifting-1024x1024.webp 1024w, https:\/\/academiaphilashes.com\/wp-content\/uploads\/2024\/10\/02-kit_Lifting-150x150.webp 150w, https:\/\/academiaphilashes.com\/wp-content\/uploads\/2024\/10\/02-kit_Lifting-768x768.webp 768w, https:\/\/academiaphilashes.com\/wp-content\/uploads\/2024\/10\/02-kit_Lifting-12x12.webp 12w, https:\/\/academiaphilashes.com\/wp-content\/uploads\/2024\/10\/02-kit_Lifting-75x75.webp 75w, https:\/\/academiaphilashes.com\/wp-content\/uploads\/2024\/10\/02-kit_Lifting-600x600.webp 600w, https:\/\/academiaphilashes.com\/wp-content\/uploads\/2024\/10\/02-kit_Lifting-100x100.webp 100w, https:\/\/academiaphilashes.com\/wp-content\/uploads\/2024\/10\/02-kit_Lifting.webp 1080w\" sizes=\"auto, (max-width: 600px) 100vw, 600px\" \/><\/a><\/p>\n<p>&nbsp;<\/p>\n<p><b>At the end of your training<\/b><\/p>\n<p><span style=\"font-weight: 400;\">Upon completion of your training, the academy will award you an international certificate and a personalized logo certifying you as a Phiacademy Artist. You will appear on the world map and receive a physical certificate via DHL.<\/span><\/p>","protected":false},"excerpt":{"rendered":"<p><b>Lashes Lifting:<\/b><span style=\"font-weight: 400;\"> It's a treatment that lengthens eyelashes using the highest quality, painless chemicals, with very natural effects, stretching and nourishing your eyebrows and eyelashes for approximately six weeks.<\/span><\/p>\n<p><b>Brows Lifting:<\/b><span style=\"font-weight: 400;\"> It allows eyebrow hair to be lifted and redirected, creating an effect of increased density and organized hair, just as with eyelash lifting, it nourishes and beautifies in a significantly shorter time.<\/span><\/p>","protected":false},"featured_media":14357,"template":"","meta":[],"product_brand":[],"product_cat":[70,29,36,41],"product_tag":[],"class_list":{"0":"post-12433","1":"product","2":"type-product","3":"status-publish","4":"has-post-thumbnail","6":"product_cat-diciembre","7":"product_cat-eventos-peru","8":"product_cat-lifting","9":"product_cat-presenciales","10":"product_shipping_class-free-shipping","12":"first","13":"instock","14":"taxable","15":"shipping-taxable","16":"purchasable","17":"product-type-variable"},"yoast_head":"<!-- This site is optimized with the Yoast SEO Premium plugin v27.2 (Yoast SEO v27.2) - https:\/\/yoast.com\/product\/yoast-seo-premium-wordpress\/ -->\n<title>Curso: Lifting: Cejas y Pesta\u00f1as | En Vivo | Lima, Per\u00fa | Dic, 01 - Academia Philashes | By Karina Gonz\u00e1lez<\/title>\n<meta name=\"robots\" content=\"index, follow, max-snippet:-1, max-image-preview:large, max-video-preview:-1\" \/>\n<link rel=\"canonical\" href=\"https:\/\/academiaphilashes.com\/en\/product\/curso-lifting-cejas-y-pestanas-en-vivo-lima-peru-dic-01\/\" \/>\n<meta property=\"og:locale\" content=\"en_US\" \/>\n<meta property=\"og:type\" content=\"article\" \/>\n<meta property=\"og:title\" content=\"Curso: Lifting: Cejas y Pesta\u00f1as | En Vivo | Lima, Per\u00fa | Dic, 01\" \/>\n<meta property=\"og:description\" content=\"Lashes Lifting: Es un tratamiento que alarga las pesta\u00f1as a trav\u00e9s del productos qu\u00edmicos de la m\u00e1s alta calidad, indoloro, cuyos efectos son muy naturales, estirando y a su vez nutriendo tus cejas y pesta\u00f1as con una duraci\u00f3n aproximadamente de seis semanas.  Brows Lifting: Permite elevar y redireccionar el pelo de la ceja creando un efecto de aumento de la densidad y vello ordenado, al igual que con el lifting de pesta\u00f1as nutre y embellece en un tiempo significativamente r\u00e1pido.\" \/>\n<meta property=\"og:url\" content=\"https:\/\/academiaphilashes.com\/en\/product\/curso-lifting-cejas-y-pestanas-en-vivo-lima-peru-dic-01\/\" \/>\n<meta property=\"og:site_name\" content=\"Academia Philashes | By Karina Gonz\u00e1lez\" \/>\n<meta property=\"article:modified_time\" content=\"2025-10-04T21:39:09+00:00\" \/>\n<meta property=\"og:image\" content=\"https:\/\/academiaphilashes.com\/wp-content\/uploads\/2025\/10\/01-thumb_Peru_DIC-2025.webp\" \/>\n\t<meta property=\"og:image:width\" content=\"1080\" \/>\n\t<meta property=\"og:image:height\" content=\"1080\" \/>\n\t<meta property=\"og:image:type\" content=\"image\/webp\" \/>\n<meta name=\"twitter:card\" content=\"summary_large_image\" \/>\n<meta name=\"twitter:label1\" content=\"Est. reading time\" \/>\n\t<meta name=\"twitter:data1\" content=\"3 minutes\" \/>\n<script type=\"application\/ld+json\" class=\"yoast-schema-graph\">{\"@context\":\"https:\/\/schema.org\",\"@graph\":[{\"@type\":\"WebPage\",\"@id\":\"https:\/\/academiaphilashes.com\/en\/product\/curso-lifting-cejas-y-pestanas-en-vivo-lima-peru-dic-01\/\",\"url\":\"https:\/\/academiaphilashes.com\/en\/product\/curso-lifting-cejas-y-pestanas-en-vivo-lima-peru-dic-01\/\",\"name\":\"Curso: Lifting: Cejas y Pesta\u00f1as | En Vivo | Lima, Per\u00fa | Dic, 01 - Academia Philashes | By Karina Gonz\u00e1lez\",\"isPartOf\":{\"@id\":\"https:\/\/academiaphilashes.com\/en\/#website\"},\"primaryImageOfPage\":{\"@id\":\"https:\/\/academiaphilashes.com\/en\/product\/curso-lifting-cejas-y-pestanas-en-vivo-lima-peru-dic-01\/#primaryimage\"},\"image\":{\"@id\":\"https:\/\/academiaphilashes.com\/en\/product\/curso-lifting-cejas-y-pestanas-en-vivo-lima-peru-dic-01\/#primaryimage\"},\"thumbnailUrl\":\"https:\/\/academiaphilashes.com\/wp-content\/uploads\/2025\/10\/01-thumb_Peru_DIC-2025.webp\",\"datePublished\":\"2025-10-04T15:00:28+00:00\",\"dateModified\":\"2025-10-04T21:39:09+00:00\",\"breadcrumb\":{\"@id\":\"https:\/\/academiaphilashes.com\/en\/product\/curso-lifting-cejas-y-pestanas-en-vivo-lima-peru-dic-01\/#breadcrumb\"},\"inLanguage\":\"en-US\",\"potentialAction\":[{\"@type\":\"ReadAction\",\"target\":[\"https:\/\/academiaphilashes.com\/en\/product\/curso-lifting-cejas-y-pestanas-en-vivo-lima-peru-dic-01\/\"]}]},{\"@type\":\"ImageObject\",\"inLanguage\":\"en-US\",\"@id\":\"https:\/\/academiaphilashes.com\/en\/product\/curso-lifting-cejas-y-pestanas-en-vivo-lima-peru-dic-01\/#primaryimage\",\"url\":\"https:\/\/academiaphilashes.com\/wp-content\/uploads\/2025\/10\/01-thumb_Peru_DIC-2025.webp\",\"contentUrl\":\"https:\/\/academiaphilashes.com\/wp-content\/uploads\/2025\/10\/01-thumb_Peru_DIC-2025.webp\",\"width\":1080,\"height\":1080},{\"@type\":\"BreadcrumbList\",\"@id\":\"https:\/\/academiaphilashes.com\/en\/product\/curso-lifting-cejas-y-pestanas-en-vivo-lima-peru-dic-01\/#breadcrumb\",\"itemListElement\":[{\"@type\":\"ListItem\",\"position\":1,\"name\":\"Home\",\"item\":\"https:\/\/academiaphilashes.com\/\"},{\"@type\":\"ListItem\",\"position\":2,\"name\":\"Shop\",\"item\":\"https:\/\/academiaphilashes.com\/shop\/\"},{\"@type\":\"ListItem\",\"position\":3,\"name\":\"Curso: Lifting: Cejas y Pesta\u00f1as | En Vivo | Lima, Per\u00fa | Dic, 01\"}]},{\"@type\":\"WebSite\",\"@id\":\"https:\/\/academiaphilashes.com\/en\/#website\",\"url\":\"https:\/\/academiaphilashes.com\/en\/\",\"name\":\"Academia Philashes | By Karina Gonz\u00e1lez\",\"description\":\"Academia internacional de pesta\u00f1as con el mejor m\u00e9todo de ense\u00f1anza a nivel mundial.\",\"potentialAction\":[{\"@type\":\"SearchAction\",\"target\":{\"@type\":\"EntryPoint\",\"urlTemplate\":\"https:\/\/academiaphilashes.com\/en\/?s={search_term_string}\"},\"query-input\":{\"@type\":\"PropertyValueSpecification\",\"valueRequired\":true,\"valueName\":\"search_term_string\"}}],\"inLanguage\":\"en-US\"}]}<\/script>\n<!-- \/ Yoast SEO Premium plugin. -->","yoast_head_json":{"title":"Curso: Lifting: Cejas y Pesta\u00f1as | En Vivo | Lima, Per\u00fa | Dic, 01 - Academia Philashes | By Karina Gonz\u00e1lez","robots":{"index":"index","follow":"follow","max-snippet":"max-snippet:-1","max-image-preview":"max-image-preview:large","max-video-preview":"max-video-preview:-1"},"canonical":"https:\/\/academiaphilashes.com\/en\/product\/curso-lifting-cejas-y-pestanas-en-vivo-lima-peru-dic-01\/","og_locale":"en_US","og_type":"article","og_title":"Curso: Lifting: Cejas y Pesta\u00f1as | En Vivo | Lima, Per\u00fa | Dic, 01","og_description":"Lashes Lifting: Es un tratamiento que alarga las pesta\u00f1as a trav\u00e9s del productos qu\u00edmicos de la m\u00e1s alta calidad, indoloro, cuyos efectos son muy naturales, estirando y a su vez nutriendo tus cejas y pesta\u00f1as con una duraci\u00f3n aproximadamente de seis semanas.  Brows Lifting: Permite elevar y redireccionar el pelo de la ceja creando un efecto de aumento de la densidad y vello ordenado, al igual que con el lifting de pesta\u00f1as nutre y embellece en un tiempo significativamente r\u00e1pido.","og_url":"https:\/\/academiaphilashes.com\/en\/product\/curso-lifting-cejas-y-pestanas-en-vivo-lima-peru-dic-01\/","og_site_name":"Academia Philashes | By Karina Gonz\u00e1lez","article_modified_time":"2025-10-04T21:39:09+00:00","og_image":[{"width":1080,"height":1080,"url":"https:\/\/academiaphilashes.com\/wp-content\/uploads\/2025\/10\/01-thumb_Peru_DIC-2025.webp","type":"image\/webp"}],"twitter_card":"summary_large_image","twitter_misc":{"Est. reading time":"3 minutes"},"schema":{"@context":"https:\/\/schema.org","@graph":[{"@type":"WebPage","@id":"https:\/\/academiaphilashes.com\/en\/product\/curso-lifting-cejas-y-pestanas-en-vivo-lima-peru-dic-01\/","url":"https:\/\/academiaphilashes.com\/en\/product\/curso-lifting-cejas-y-pestanas-en-vivo-lima-peru-dic-01\/","name":"Curso: Lifting: Cejas y Pesta\u00f1as | En Vivo | Lima, Per\u00fa | Dic, 01 - Academia Philashes | By Karina Gonz\u00e1lez","isPartOf":{"@id":"https:\/\/academiaphilashes.com\/en\/#website"},"primaryImageOfPage":{"@id":"https:\/\/academiaphilashes.com\/en\/product\/curso-lifting-cejas-y-pestanas-en-vivo-lima-peru-dic-01\/#primaryimage"},"image":{"@id":"https:\/\/academiaphilashes.com\/en\/product\/curso-lifting-cejas-y-pestanas-en-vivo-lima-peru-dic-01\/#primaryimage"},"thumbnailUrl":"https:\/\/academiaphilashes.com\/wp-content\/uploads\/2025\/10\/01-thumb_Peru_DIC-2025.webp","datePublished":"2025-10-04T15:00:28+00:00","dateModified":"2025-10-04T21:39:09+00:00","breadcrumb":{"@id":"https:\/\/academiaphilashes.com\/en\/product\/curso-lifting-cejas-y-pestanas-en-vivo-lima-peru-dic-01\/#breadcrumb"},"inLanguage":"en-US","potentialAction":[{"@type":"ReadAction","target":["https:\/\/academiaphilashes.com\/en\/product\/curso-lifting-cejas-y-pestanas-en-vivo-lima-peru-dic-01\/"]}]},{"@type":"ImageObject","inLanguage":"en-US","@id":"https:\/\/academiaphilashes.com\/en\/product\/curso-lifting-cejas-y-pestanas-en-vivo-lima-peru-dic-01\/#primaryimage","url":"https:\/\/academiaphilashes.com\/wp-content\/uploads\/2025\/10\/01-thumb_Peru_DIC-2025.webp","contentUrl":"https:\/\/academiaphilashes.com\/wp-content\/uploads\/2025\/10\/01-thumb_Peru_DIC-2025.webp","width":1080,"height":1080},{"@type":"BreadcrumbList","@id":"https:\/\/academiaphilashes.com\/en\/product\/curso-lifting-cejas-y-pestanas-en-vivo-lima-peru-dic-01\/#breadcrumb","itemListElement":[{"@type":"ListItem","position":1,"name":"Home","item":"https:\/\/academiaphilashes.com\/"},{"@type":"ListItem","position":2,"name":"Shop","item":"https:\/\/academiaphilashes.com\/shop\/"},{"@type":"ListItem","position":3,"name":"Curso: Lifting: Cejas y Pesta\u00f1as | En Vivo | Lima, Per\u00fa | Dic, 01"}]},{"@type":"WebSite","@id":"https:\/\/academiaphilashes.com\/en\/#website","url":"https:\/\/academiaphilashes.com\/en\/","name":"Academia Philashes | By Karina Gonz\u00e1lez","description":"Academia internacional de pesta\u00f1as con el mejor m\u00e9todo de ense\u00f1anza a nivel mundial.","potentialAction":[{"@type":"SearchAction","target":{"@type":"EntryPoint","urlTemplate":"https:\/\/academiaphilashes.com\/en\/?s={search_term_string}"},"query-input":{"@type":"PropertyValueSpecification","valueRequired":true,"valueName":"search_term_string"}}],"inLanguage":"en-US"}]}},"jetpack_sharing_enabled":true,"_links":{"self":[{"href":"https:\/\/academiaphilashes.com\/en\/wp-json\/wp\/v2\/product\/12433","targetHints":{"allow":["GET"]}}],"collection":[{"href":"https:\/\/academiaphilashes.com\/en\/wp-json\/wp\/v2\/product"}],"about":[{"href":"https:\/\/academiaphilashes.com\/en\/wp-json\/wp\/v2\/types\/product"}],"version-history":[{"count":0,"href":"https:\/\/academiaphilashes.com\/en\/wp-json\/wp\/v2\/product\/12433\/revisions"}],"wp:featuredmedia":[{"embeddable":true,"href":"https:\/\/academiaphilashes.com\/en\/wp-json\/wp\/v2\/media\/14357"}],"wp:attachment":[{"href":"https:\/\/academiaphilashes.com\/en\/wp-json\/wp\/v2\/media?parent=12433"}],"wp:term":[{"taxonomy":"product_brand","embeddable":true,"href":"https:\/\/academiaphilashes.com\/en\/wp-json\/wp\/v2\/product_brand?post=12433"},{"taxonomy":"product_cat","embeddable":true,"href":"https:\/\/academiaphilashes.com\/en\/wp-json\/wp\/v2\/product_cat?post=12433"},{"taxonomy":"product_tag","embeddable":true,"href":"https:\/\/academiaphilashes.com\/en\/wp-json\/wp\/v2\/product_tag?post=12433"}],"curies":[{"name":"wp","href":"https:\/\/api.w.org\/{rel}","templated":true}]}}