{"id":12551,"date":"2025-10-04T10:04:54","date_gmt":"2025-10-04T14:04:54","guid":{"rendered":"https:\/\/academiaphilashes.com\/?post_type=product&#038;p=12551"},"modified":"2025-10-04T16:54:03","modified_gmt":"2025-10-04T20:54:03","slug":"curso-powder-brows-micropigmentacion-en-vivo-atlanta-ga-ee-uu-nov-13-y-14","status":"publish","type":"product","link":"https:\/\/academiaphilashes.com\/en\/product\/curso-powder-brows-micropigmentacion-en-vivo-atlanta-ee-uu-sep-02-y-03\/","title":{"rendered":"Curso: Powder Brows | Micropigmentaci\u00f3n | En Vivo | Atlanta-GA, EE.UU. | Nov 13 y 14"},"content":{"rendered":"<p><b>About Powder Brows Training<\/b><\/p>\n<p><span style=\"font-weight: 400;\">You don't need to have previous experience or be an artist or know how to draw an eyebrow. This comprehensive course is designed to give you the knowledge, skills and confidence to build a rewarding career in this industry.<\/span><\/p>\n<p>&nbsp;<\/p>\n<p><b>Ternario del Curso<\/b><\/p>\n<ul>\n<li style=\"font-weight: 400;\" aria-level=\"1\"><span style=\"font-weight: 400;\">All about the golden ratio 1.618 and perfect eyebrow symmetry.<\/span><\/li>\n<li style=\"font-weight: 400;\" aria-level=\"1\"><span style=\"font-weight: 400;\">Dermatology<\/span><\/li>\n<li style=\"font-weight: 400;\" aria-level=\"1\"><span style=\"font-weight: 400;\">How to work under the highest hygiene standards.<\/span><\/li>\n<li style=\"font-weight: 400;\" aria-level=\"1\"><span style=\"font-weight: 400;\">Pigment theory<\/span><\/li>\n<li style=\"font-weight: 400;\" aria-level=\"1\"><span style=\"font-weight: 400;\">Products and how to use them.<\/span><\/li>\n<li style=\"font-weight: 400;\" aria-level=\"1\"><span style=\"font-weight: 400;\">How to work with latex: from shaping to shading<\/span><\/li>\n<li style=\"font-weight: 400;\" aria-level=\"1\"><span style=\"font-weight: 400;\">How to draw the shape on the client.<\/span><\/li>\n<li style=\"font-weight: 400;\" aria-level=\"1\"><span style=\"font-weight: 400;\">How to calculate correct symmetry.<\/span><\/li>\n<li style=\"font-weight: 400;\" aria-level=\"1\"><span style=\"font-weight: 400;\">How to prepare your client for treatment.<\/span><\/li>\n<li style=\"font-weight: 400;\" aria-level=\"1\"><span style=\"font-weight: 400;\">Aftercare instructions for your client.<\/span><\/li>\n<li style=\"font-weight: 400;\" aria-level=\"1\"><span style=\"font-weight: 400;\">Video and demonstrations of performing the treatment on a model, and much more.<\/span><\/li>\n<\/ul>\n<p>&nbsp;<\/p>\n<p><b>\u00bfQu\u00e9 Incluye este entrenamiento?<\/b><\/p>\n<ul>\n<li style=\"font-weight: 400;\" aria-level=\"1\"><span style=\"font-weight: 400;\">2 d\u00edas presenciales \u2013 9:00 am a 7pm\u00a0<\/span><\/li>\n<li style=\"font-weight: 400;\" aria-level=\"1\"><span style=\"font-weight: 400;\">6 months duration via CraftMaster pro app<\/span><\/li>\n<\/ul>\n<p>&nbsp;<\/p>\n<p><b>Al finalizar el curso EN VIVO<\/b><\/p>\n<ul>\n<li style=\"font-weight: 400;\" aria-level=\"1\"><span style=\"font-weight: 400;\">Recibir\u00e1s tu certificado de asistencia al entrenamiento Philashes.<\/span><\/li>\n<li style=\"font-weight: 400;\" aria-level=\"1\"><span style=\"font-weight: 400;\">Nunca estar\u00e1s solo siempre contar\u00e1s con el apoyo de tu M\u00e1ster para aclarar todas tus dudas.<\/span><\/li>\n<li style=\"font-weight: 400;\" aria-level=\"1\"><span style=\"font-weight: 400;\">Obtendr\u00e1s acceso a la aplicaci\u00f3n CraftMaster\u00ae por 3 meses con toda la informaci\u00f3n del entrenamiento.<\/span><\/li>\n<li style=\"font-weight: 400;\" aria-level=\"1\"><span style=\"font-weight: 400;\">La aplicaci\u00f3n contiene tareas y niveles desde lo m\u00e1s b\u00e1sico hasta lo m\u00e1s complejo lo cual te ayudara a desarrollar tu habilidad de forma exitosa.<\/span><\/li>\n<\/ul>\n<p>&nbsp;<\/p>\n<p><b>Advanced Russian Philashes Kit<\/b><\/p>\n<p>1 pigmento PhiContour SUPE Brown 1 de 10 ml<br \/>\n1 pigmento PhiContour SUPE Brown 2 de 10 ml<br \/>\n1 pigmento PhiContour SUPE Brown 3 de 10 ml<br \/>\n1 Diluyente de l\u00edquido Phi Tinner de 10 ml<br \/>\n1 Pigmento Phibrows SUPE Amarillo de 5 ml<br \/>\n1 Pigmento Phibrows SUPE Rojo de 5 ml<br \/>\n1 Phi wipes Asept (5 pcs)<br \/>\n1 Phi wipes removedor de maquillaje (5pcs)<br \/>\n1 Comp\u00e1s Golden Ratio<br \/>\n1 Tijera y pinza de cejas<br \/>\n1 l\u00e1tex en blanco (3 pcs)<br \/>\n1 l\u00e1piz de dibujo (3 pcs)<br \/>\n1 Skin Candy ( 50 pcs)<br \/>\n1 Phi Foam 150 ml<br \/>\n1 Contenedor de pigmento autoadhesivo (50 PCs)<br \/>\n1 Phi mezclador<\/p>\n<p>&nbsp;<\/p>\n<p><a href=\"https:\/\/academiaphilashes.com\/wp-content\/uploads\/2024\/10\/07-kit_Powder-Brows.webp\"><img loading=\"lazy\" decoding=\"async\" class=\"alignnone wp-image-12183\" src=\"https:\/\/academiaphilashes.com\/wp-content\/uploads\/2024\/10\/07-kit_Powder-Brows-300x300.webp\" alt=\"\" width=\"600\" height=\"600\" srcset=\"https:\/\/academiaphilashes.com\/wp-content\/uploads\/2024\/10\/07-kit_Powder-Brows-300x300.webp 300w, https:\/\/academiaphilashes.com\/wp-content\/uploads\/2024\/10\/07-kit_Powder-Brows-1024x1024.webp 1024w, https:\/\/academiaphilashes.com\/wp-content\/uploads\/2024\/10\/07-kit_Powder-Brows-150x150.webp 150w, https:\/\/academiaphilashes.com\/wp-content\/uploads\/2024\/10\/07-kit_Powder-Brows-768x768.webp 768w, https:\/\/academiaphilashes.com\/wp-content\/uploads\/2024\/10\/07-kit_Powder-Brows-12x12.webp 12w, https:\/\/academiaphilashes.com\/wp-content\/uploads\/2024\/10\/07-kit_Powder-Brows-75x75.webp 75w, https:\/\/academiaphilashes.com\/wp-content\/uploads\/2024\/10\/07-kit_Powder-Brows-600x600.webp 600w, https:\/\/academiaphilashes.com\/wp-content\/uploads\/2024\/10\/07-kit_Powder-Brows-100x100.webp 100w, https:\/\/academiaphilashes.com\/wp-content\/uploads\/2024\/10\/07-kit_Powder-Brows.webp 1080w\" sizes=\"auto, (max-width: 600px) 100vw, 600px\" \/><\/a><\/p>\n<p>&nbsp;<\/p>\n<p><b>At the end of your training<\/b><\/p>\n<p><span style=\"font-weight: 400;\">Upon completion of your training, the academy will award you an international certificate and a personalized logo certifying you as a Phiacademy Artist. You will appear on the world map and receive a physical certificate via DHL.<\/span><\/p>","protected":false},"excerpt":{"rendered":"<p>The evolution of permanent eyebrow makeup. It is a modern powder brow effect that uses specific needles and various shades to create the illusion of sleek or bold brows, depth of color and dimension.<\/p>\n<p>This technique has been around for decades, but has gradually improved over the years. This method consists of the application of thousands of tiny dots of pigment, which are inserted into the skin and little by little acquire a color and a beautiful defined shape.<\/p>","protected":false},"featured_media":14351,"template":"","meta":[],"product_brand":[],"product_cat":[20,30,69,37,41],"product_tag":[],"class_list":{"0":"post-12551","1":"product","2":"type-product","3":"status-publish","4":"has-post-thumbnail","6":"product_cat-cursos-internacionales","7":"product_cat-eventos-usa","8":"product_cat-noviembre","9":"product_cat-powderbrows","10":"product_cat-presenciales","11":"product_shipping_class-free-shipping","13":"first","14":"instock","15":"taxable","16":"shipping-taxable","17":"purchasable","18":"product-type-variable"},"yoast_head":"<!-- This site is optimized with the Yoast SEO Premium plugin v27.2 (Yoast SEO v27.2) - https:\/\/yoast.com\/product\/yoast-seo-premium-wordpress\/ -->\n<title>Curso: Powder Brows | Micropigmentaci\u00f3n | En Vivo | Atlanta-GA, EE.UU. | Nov 13 y 14 - Academia Philashes | By Karina Gonz\u00e1lez<\/title>\n<meta name=\"robots\" content=\"index, follow, max-snippet:-1, max-image-preview:large, max-video-preview:-1\" \/>\n<link rel=\"canonical\" href=\"https:\/\/academiaphilashes.com\/en\/product\/curso-powder-brows-micropigmentacion-en-vivo-atlanta-ee-uu-sep-02-y-03\/\" \/>\n<meta property=\"og:locale\" content=\"en_US\" \/>\n<meta property=\"og:type\" content=\"article\" \/>\n<meta property=\"og:title\" content=\"Curso: Powder Brows | Micropigmentaci\u00f3n | En Vivo | Atlanta-GA, EE.UU. | Nov 13 y 14\" \/>\n<meta property=\"og:description\" content=\"La evoluci\u00f3n del maquillaje permanente de cejas. Es un moderno efecto de cejas en polvo que utiliza agujas espec\u00edficas y varios tonos para crear la ilusi\u00f3n de cejas elegantes o llamativas, profundidad de color y dimensi\u00f3n.  Esta t\u00e9cnica ha existido durante d\u00e9cadas, pero ha ido mejorando gradualmente con los a\u00f1os. Este m\u00e9todo consiste en la aplicaci\u00f3n de miles de puntos diminutos de pigmento, que se insertan en la piel y que poco a poco adquieren un color y una hermosa forma definida.\" \/>\n<meta property=\"og:url\" content=\"https:\/\/academiaphilashes.com\/en\/product\/curso-powder-brows-micropigmentacion-en-vivo-atlanta-ee-uu-sep-02-y-03\/\" \/>\n<meta property=\"og:site_name\" content=\"Academia Philashes | By Karina Gonz\u00e1lez\" \/>\n<meta property=\"article:modified_time\" content=\"2025-10-04T20:54:03+00:00\" \/>\n<meta property=\"og:image\" content=\"https:\/\/academiaphilashes.com\/wp-content\/uploads\/2025\/10\/04-thumb_Atlanta-USA_NOV-2025.webp\" \/>\n\t<meta property=\"og:image:width\" content=\"1080\" \/>\n\t<meta property=\"og:image:height\" content=\"1080\" \/>\n\t<meta property=\"og:image:type\" content=\"image\/webp\" \/>\n<meta name=\"twitter:card\" content=\"summary_large_image\" \/>\n<meta name=\"twitter:label1\" content=\"Est. reading time\" \/>\n\t<meta name=\"twitter:data1\" content=\"3 minutes\" \/>\n<script type=\"application\/ld+json\" class=\"yoast-schema-graph\">{\"@context\":\"https:\/\/schema.org\",\"@graph\":[{\"@type\":\"WebPage\",\"@id\":\"https:\/\/academiaphilashes.com\/en\/product\/curso-powder-brows-micropigmentacion-en-vivo-atlanta-ee-uu-sep-02-y-03\/\",\"url\":\"https:\/\/academiaphilashes.com\/en\/product\/curso-powder-brows-micropigmentacion-en-vivo-atlanta-ee-uu-sep-02-y-03\/\",\"name\":\"Curso: Powder Brows | Micropigmentaci\u00f3n | En Vivo | Atlanta-GA, EE.UU. | Nov 13 y 14 - Academia Philashes | By Karina Gonz\u00e1lez\",\"isPartOf\":{\"@id\":\"https:\/\/academiaphilashes.com\/en\/#website\"},\"primaryImageOfPage\":{\"@id\":\"https:\/\/academiaphilashes.com\/en\/product\/curso-powder-brows-micropigmentacion-en-vivo-atlanta-ee-uu-sep-02-y-03\/#primaryimage\"},\"image\":{\"@id\":\"https:\/\/academiaphilashes.com\/en\/product\/curso-powder-brows-micropigmentacion-en-vivo-atlanta-ee-uu-sep-02-y-03\/#primaryimage\"},\"thumbnailUrl\":\"https:\/\/academiaphilashes.com\/wp-content\/uploads\/2025\/10\/04-thumb_Atlanta-USA_NOV-2025.webp\",\"datePublished\":\"2025-10-04T14:04:54+00:00\",\"dateModified\":\"2025-10-04T20:54:03+00:00\",\"breadcrumb\":{\"@id\":\"https:\/\/academiaphilashes.com\/en\/product\/curso-powder-brows-micropigmentacion-en-vivo-atlanta-ee-uu-sep-02-y-03\/#breadcrumb\"},\"inLanguage\":\"en-US\",\"potentialAction\":[{\"@type\":\"ReadAction\",\"target\":[\"https:\/\/academiaphilashes.com\/en\/product\/curso-powder-brows-micropigmentacion-en-vivo-atlanta-ee-uu-sep-02-y-03\/\"]}]},{\"@type\":\"ImageObject\",\"inLanguage\":\"en-US\",\"@id\":\"https:\/\/academiaphilashes.com\/en\/product\/curso-powder-brows-micropigmentacion-en-vivo-atlanta-ee-uu-sep-02-y-03\/#primaryimage\",\"url\":\"https:\/\/academiaphilashes.com\/wp-content\/uploads\/2025\/10\/04-thumb_Atlanta-USA_NOV-2025.webp\",\"contentUrl\":\"https:\/\/academiaphilashes.com\/wp-content\/uploads\/2025\/10\/04-thumb_Atlanta-USA_NOV-2025.webp\",\"width\":1080,\"height\":1080},{\"@type\":\"BreadcrumbList\",\"@id\":\"https:\/\/academiaphilashes.com\/en\/product\/curso-powder-brows-micropigmentacion-en-vivo-atlanta-ee-uu-sep-02-y-03\/#breadcrumb\",\"itemListElement\":[{\"@type\":\"ListItem\",\"position\":1,\"name\":\"Home\",\"item\":\"https:\/\/academiaphilashes.com\/\"},{\"@type\":\"ListItem\",\"position\":2,\"name\":\"Shop\",\"item\":\"https:\/\/academiaphilashes.com\/shop\/\"},{\"@type\":\"ListItem\",\"position\":3,\"name\":\"Curso: Powder Brows | Micropigmentaci\u00f3n | En Vivo | Atlanta-GA, EE.UU. | Nov 13 y 14\"}]},{\"@type\":\"WebSite\",\"@id\":\"https:\/\/academiaphilashes.com\/en\/#website\",\"url\":\"https:\/\/academiaphilashes.com\/en\/\",\"name\":\"Academia Philashes | By Karina Gonz\u00e1lez\",\"description\":\"Academia internacional de pesta\u00f1as con el mejor m\u00e9todo de ense\u00f1anza a nivel mundial.\",\"potentialAction\":[{\"@type\":\"SearchAction\",\"target\":{\"@type\":\"EntryPoint\",\"urlTemplate\":\"https:\/\/academiaphilashes.com\/en\/?s={search_term_string}\"},\"query-input\":{\"@type\":\"PropertyValueSpecification\",\"valueRequired\":true,\"valueName\":\"search_term_string\"}}],\"inLanguage\":\"en-US\"}]}<\/script>\n<!-- \/ Yoast SEO Premium plugin. -->","yoast_head_json":{"title":"Curso: Powder Brows | Micropigmentaci\u00f3n | En Vivo | Atlanta-GA, EE.UU. | Nov 13 y 14 - Academia Philashes | By Karina Gonz\u00e1lez","robots":{"index":"index","follow":"follow","max-snippet":"max-snippet:-1","max-image-preview":"max-image-preview:large","max-video-preview":"max-video-preview:-1"},"canonical":"https:\/\/academiaphilashes.com\/en\/product\/curso-powder-brows-micropigmentacion-en-vivo-atlanta-ee-uu-sep-02-y-03\/","og_locale":"en_US","og_type":"article","og_title":"Curso: Powder Brows | Micropigmentaci\u00f3n | En Vivo | Atlanta-GA, EE.UU. | Nov 13 y 14","og_description":"La evoluci\u00f3n del maquillaje permanente de cejas. Es un moderno efecto de cejas en polvo que utiliza agujas espec\u00edficas y varios tonos para crear la ilusi\u00f3n de cejas elegantes o llamativas, profundidad de color y dimensi\u00f3n.  Esta t\u00e9cnica ha existido durante d\u00e9cadas, pero ha ido mejorando gradualmente con los a\u00f1os. Este m\u00e9todo consiste en la aplicaci\u00f3n de miles de puntos diminutos de pigmento, que se insertan en la piel y que poco a poco adquieren un color y una hermosa forma definida.","og_url":"https:\/\/academiaphilashes.com\/en\/product\/curso-powder-brows-micropigmentacion-en-vivo-atlanta-ee-uu-sep-02-y-03\/","og_site_name":"Academia Philashes | By Karina Gonz\u00e1lez","article_modified_time":"2025-10-04T20:54:03+00:00","og_image":[{"width":1080,"height":1080,"url":"https:\/\/academiaphilashes.com\/wp-content\/uploads\/2025\/10\/04-thumb_Atlanta-USA_NOV-2025.webp","type":"image\/webp"}],"twitter_card":"summary_large_image","twitter_misc":{"Est. reading time":"3 minutes"},"schema":{"@context":"https:\/\/schema.org","@graph":[{"@type":"WebPage","@id":"https:\/\/academiaphilashes.com\/en\/product\/curso-powder-brows-micropigmentacion-en-vivo-atlanta-ee-uu-sep-02-y-03\/","url":"https:\/\/academiaphilashes.com\/en\/product\/curso-powder-brows-micropigmentacion-en-vivo-atlanta-ee-uu-sep-02-y-03\/","name":"Curso: Powder Brows | Micropigmentaci\u00f3n | En Vivo | Atlanta-GA, EE.UU. | Nov 13 y 14 - Academia Philashes | By Karina Gonz\u00e1lez","isPartOf":{"@id":"https:\/\/academiaphilashes.com\/en\/#website"},"primaryImageOfPage":{"@id":"https:\/\/academiaphilashes.com\/en\/product\/curso-powder-brows-micropigmentacion-en-vivo-atlanta-ee-uu-sep-02-y-03\/#primaryimage"},"image":{"@id":"https:\/\/academiaphilashes.com\/en\/product\/curso-powder-brows-micropigmentacion-en-vivo-atlanta-ee-uu-sep-02-y-03\/#primaryimage"},"thumbnailUrl":"https:\/\/academiaphilashes.com\/wp-content\/uploads\/2025\/10\/04-thumb_Atlanta-USA_NOV-2025.webp","datePublished":"2025-10-04T14:04:54+00:00","dateModified":"2025-10-04T20:54:03+00:00","breadcrumb":{"@id":"https:\/\/academiaphilashes.com\/en\/product\/curso-powder-brows-micropigmentacion-en-vivo-atlanta-ee-uu-sep-02-y-03\/#breadcrumb"},"inLanguage":"en-US","potentialAction":[{"@type":"ReadAction","target":["https:\/\/academiaphilashes.com\/en\/product\/curso-powder-brows-micropigmentacion-en-vivo-atlanta-ee-uu-sep-02-y-03\/"]}]},{"@type":"ImageObject","inLanguage":"en-US","@id":"https:\/\/academiaphilashes.com\/en\/product\/curso-powder-brows-micropigmentacion-en-vivo-atlanta-ee-uu-sep-02-y-03\/#primaryimage","url":"https:\/\/academiaphilashes.com\/wp-content\/uploads\/2025\/10\/04-thumb_Atlanta-USA_NOV-2025.webp","contentUrl":"https:\/\/academiaphilashes.com\/wp-content\/uploads\/2025\/10\/04-thumb_Atlanta-USA_NOV-2025.webp","width":1080,"height":1080},{"@type":"BreadcrumbList","@id":"https:\/\/academiaphilashes.com\/en\/product\/curso-powder-brows-micropigmentacion-en-vivo-atlanta-ee-uu-sep-02-y-03\/#breadcrumb","itemListElement":[{"@type":"ListItem","position":1,"name":"Home","item":"https:\/\/academiaphilashes.com\/"},{"@type":"ListItem","position":2,"name":"Shop","item":"https:\/\/academiaphilashes.com\/shop\/"},{"@type":"ListItem","position":3,"name":"Curso: Powder Brows | Micropigmentaci\u00f3n | En Vivo | Atlanta-GA, EE.UU. | Nov 13 y 14"}]},{"@type":"WebSite","@id":"https:\/\/academiaphilashes.com\/en\/#website","url":"https:\/\/academiaphilashes.com\/en\/","name":"Academia Philashes | By Karina Gonz\u00e1lez","description":"Academia internacional de pesta\u00f1as con el mejor m\u00e9todo de ense\u00f1anza a nivel mundial.","potentialAction":[{"@type":"SearchAction","target":{"@type":"EntryPoint","urlTemplate":"https:\/\/academiaphilashes.com\/en\/?s={search_term_string}"},"query-input":{"@type":"PropertyValueSpecification","valueRequired":true,"valueName":"search_term_string"}}],"inLanguage":"en-US"}]}},"jetpack_sharing_enabled":true,"_links":{"self":[{"href":"https:\/\/academiaphilashes.com\/en\/wp-json\/wp\/v2\/product\/12551","targetHints":{"allow":["GET"]}}],"collection":[{"href":"https:\/\/academiaphilashes.com\/en\/wp-json\/wp\/v2\/product"}],"about":[{"href":"https:\/\/academiaphilashes.com\/en\/wp-json\/wp\/v2\/types\/product"}],"version-history":[{"count":0,"href":"https:\/\/academiaphilashes.com\/en\/wp-json\/wp\/v2\/product\/12551\/revisions"}],"wp:featuredmedia":[{"embeddable":true,"href":"https:\/\/academiaphilashes.com\/en\/wp-json\/wp\/v2\/media\/14351"}],"wp:attachment":[{"href":"https:\/\/academiaphilashes.com\/en\/wp-json\/wp\/v2\/media?parent=12551"}],"wp:term":[{"taxonomy":"product_brand","embeddable":true,"href":"https:\/\/academiaphilashes.com\/en\/wp-json\/wp\/v2\/product_brand?post=12551"},{"taxonomy":"product_cat","embeddable":true,"href":"https:\/\/academiaphilashes.com\/en\/wp-json\/wp\/v2\/product_cat?post=12551"},{"taxonomy":"product_tag","embeddable":true,"href":"https:\/\/academiaphilashes.com\/en\/wp-json\/wp\/v2\/product_tag?post=12551"}],"curies":[{"name":"wp","href":"https:\/\/api.w.org\/{rel}","templated":true}]}}