{"id":1456,"date":"2023-12-29T20:55:42","date_gmt":"2023-12-30T00:55:42","guid":{"rendered":"https:\/\/academiaphilashes.com\/?post_type=product&#038;p=1456"},"modified":"2026-03-20T15:19:44","modified_gmt":"2026-03-20T19:19:44","slug":"online-curso-basico-pelo-a-pelo","status":"publish","type":"product","link":"https:\/\/academiaphilashes.com\/en\/product\/curso-philashes-clasica-online\/","title":{"rendered":"Course: PhiLashes | Classic | Online"},"content":{"rendered":"<p><strong>Benefits of taking the online course<\/strong><\/p>\n<p>If you cannot attend the face-to-face courses, we have the online option for you.<\/p>\n<p>Both the Online and In-Person Courses have the only difference being the live class, the rest have the same benefits:<\/p>\n<p>&nbsp;<\/p>\n<ul>\n<li style=\"list-style-type: none;\">\n<ul>\n<li>KIT + Certification.<\/li>\n<\/ul>\n<\/li>\n<\/ul>\n<ul>\n<li style=\"list-style-type: none;\">\n<ul>\n<li>Access to the CRAFTMASTER App.<\/li>\n<\/ul>\n<\/li>\n<\/ul>\n<ul>\n<li style=\"list-style-type: none;\">\n<ul>\n<li>PhiAcademy advice and certification once all levels of study have been successfully passed.<\/li>\n<\/ul>\n<\/li>\n<\/ul>\n<ul>\n<li style=\"list-style-type: none;\">\n<ul>\n<li>Savings on travel and lodging expenses, flexibility, accessibility and greater control over study time are some advantages of receiving online training, thus offering you a great alternative to learn this wonderful technique.<\/li>\n<\/ul>\n<\/li>\n<\/ul>\n<p>&nbsp;<\/p>\n<p><strong><br \/>\nTable of Content<\/strong><\/p>\n<p>&nbsp;<\/p>\n<ul>\n<li style=\"list-style-type: none;\">\n<ul>\n<li>Philashes Treatment Information<\/li>\n<\/ul>\n<\/li>\n<\/ul>\n<ul>\n<li style=\"list-style-type: none;\">\n<ul>\n<li>Natural Eyelash Growth Cycle<\/li>\n<\/ul>\n<\/li>\n<\/ul>\n<ul>\n<li style=\"list-style-type: none;\">\n<ul>\n<li>Philashes Treatment Information<\/li>\n<\/ul>\n<\/li>\n<\/ul>\n<ul>\n<li style=\"list-style-type: none;\">\n<ul>\n<li>Las extensiones de pesta\u00f1as<\/li>\n<\/ul>\n<\/li>\n<\/ul>\n<ul>\n<li style=\"list-style-type: none;\">\n<ul>\n<li>Classic vs. Volume Lashes<\/li>\n<\/ul>\n<\/li>\n<\/ul>\n<ul>\n<li style=\"list-style-type: none;\">\n<ul>\n<li>Mascara Effect<\/li>\n<\/ul>\n<\/li>\n<\/ul>\n<ul>\n<li style=\"list-style-type: none;\">\n<ul>\n<li>Eyelash Adhesive<\/li>\n<\/ul>\n<\/li>\n<\/ul>\n<ul>\n<li style=\"list-style-type: none;\">\n<ul>\n<li>Eye Analysis<\/li>\n<\/ul>\n<\/li>\n<\/ul>\n<ul>\n<li style=\"list-style-type: none;\">\n<ul>\n<li>Room Temperature and Humidity<\/li>\n<\/ul>\n<\/li>\n<\/ul>\n<ul>\n<li style=\"list-style-type: none;\">\n<ul>\n<li>General Health and Safety<\/li>\n<\/ul>\n<\/li>\n<\/ul>\n<ul>\n<li style=\"list-style-type: none;\">\n<ul>\n<li>Step-by-Step Treatment<\/li>\n<\/ul>\n<\/li>\n<\/ul>\n<ul>\n<li style=\"list-style-type: none;\">\n<ul>\n<li>Contraindications<\/li>\n<\/ul>\n<\/li>\n<\/ul>\n<ul>\n<li style=\"list-style-type: none;\">\n<ul>\n<li>Technique<\/li>\n<\/ul>\n<\/li>\n<\/ul>\n<ul>\n<li style=\"list-style-type: none;\">\n<ul>\n<li>Photography and Editing<\/li>\n<\/ul>\n<\/li>\n<\/ul>\n<ul>\n<li style=\"list-style-type: none;\">\n<ul>\n<li>And much more...<\/li>\n<\/ul>\n<\/li>\n<\/ul>\n<p>&nbsp;<\/p>\n<p><strong><br \/>\nPhilashes Classic Technique Kit<\/strong><\/p>\n<p>1 x Mascara Brush (80 pieces) 1 x Cleansing Brush (3 pieces) 1 x Curved Tweezer<br \/>\n1 x Isolation Tweezer<br \/>\n1 x Adhesive sticker\u00bb<br \/>\n1 x Philashes Faux Mink Mix C-0.10<br \/>\n1 x Philashes Faux Mink Mix C-C.12<br \/>\n1 x Philashes Faux Mink Mix D-0.15<br \/>\n1 x Elite Lash Adhesive<br \/>\n1 x Crystal Stone<br \/>\n1 x Cream remover<br \/>\n1 x Speed up solution<br \/>\n1 x Philashes tape<br \/>\n5 x Gel free pads<br \/>\n1 x Hydrogel pads la20<br \/>\n1 x Philashes palette<br \/>\n1 x Micro applicator 100pcs<br \/>\n1 x flocked lint free aplicator 100pcs<br \/>\n1 x Philashes fiam 50ml<\/p>\n<p><a href=\"https:\/\/academiaphilashes.com\/wp-content\/uploads\/2024\/10\/03-kit_Classics.webp\"><img loading=\"lazy\" decoding=\"async\" class=\"alignnone wp-image-12179\" src=\"https:\/\/academiaphilashes.com\/wp-content\/uploads\/2024\/10\/03-kit_Classics-1024x1024.webp\" alt=\"\" width=\"600\" height=\"600\" srcset=\"https:\/\/academiaphilashes.com\/wp-content\/uploads\/2024\/10\/03-kit_Classics-1024x1024.webp 1024w, https:\/\/academiaphilashes.com\/wp-content\/uploads\/2024\/10\/03-kit_Classics-300x300.webp 300w, https:\/\/academiaphilashes.com\/wp-content\/uploads\/2024\/10\/03-kit_Classics-150x150.webp 150w, https:\/\/academiaphilashes.com\/wp-content\/uploads\/2024\/10\/03-kit_Classics-768x768.webp 768w, https:\/\/academiaphilashes.com\/wp-content\/uploads\/2024\/10\/03-kit_Classics-12x12.webp 12w, https:\/\/academiaphilashes.com\/wp-content\/uploads\/2024\/10\/03-kit_Classics-75x75.webp 75w, https:\/\/academiaphilashes.com\/wp-content\/uploads\/2024\/10\/03-kit_Classics-600x600.webp 600w, https:\/\/academiaphilashes.com\/wp-content\/uploads\/2024\/10\/03-kit_Classics-100x100.webp 100w, https:\/\/academiaphilashes.com\/wp-content\/uploads\/2024\/10\/03-kit_Classics.webp 1080w\" sizes=\"auto, (max-width: 600px) 100vw, 600px\" \/><\/a><\/p>\n<p><strong>At the end of your training<\/strong><\/p>\n<p>Upon completion of your training, the academy will award you an international certificate and a personalized logo certifying you as a Phiacademy Artist. You will appear on the world map and receive a physical certificate via DHL.<\/p>","protected":false},"excerpt":{"rendered":"<p>The classic Philashes technique, a technique in which an eyelash extension is bonded to a natural lash (1:1), is designed to provide a natural and comfortable look with the appropriate curl and length. This program is designed for inexperienced eyelash extension artists who want to begin a career with unique skills that will set them apart from the competition.<\/p>","protected":false},"featured_media":11877,"template":"","meta":[],"product_brand":[],"product_cat":[22],"product_tag":[],"class_list":{"0":"post-1456","1":"product","2":"type-product","3":"status-publish","4":"has-post-thumbnail","6":"product_cat-cursos-online","7":"product_shipping_class-online-courses","9":"first","10":"instock","11":"taxable","12":"shipping-taxable","13":"purchasable","14":"product-type-variable"},"yoast_head":"<!-- This site is optimized with the Yoast SEO Premium plugin v27.2 (Yoast SEO v27.2) - https:\/\/yoast.com\/product\/yoast-seo-premium-wordpress\/ -->\n<title>Curso: PhiLashes | Cl\u00e1sica | Online - Academia Philashes | By Karina Gonz\u00e1lez<\/title>\n<meta name=\"robots\" content=\"index, follow, max-snippet:-1, max-image-preview:large, max-video-preview:-1\" \/>\n<link rel=\"canonical\" href=\"https:\/\/academiaphilashes.com\/en\/product\/curso-philashes-clasica-online\/\" \/>\n<meta property=\"og:locale\" content=\"en_US\" \/>\n<meta property=\"og:type\" content=\"article\" \/>\n<meta property=\"og:title\" content=\"Curso: PhiLashes | Cl\u00e1sica | Online\" \/>\n<meta property=\"og:description\" content=\"La t\u00e9cnica cl\u00e1sica Philashes, es un tipo de t\u00e9cnica en la cual una extensi\u00f3n de pesta\u00f1as es adherida sobre una pesta\u00f1a natural (1:1), est\u00e1 dise\u00f1ada para dar un look natural y c\u00f3modo, con una curvatura y longitud adecuada. Este programa ha sido dise\u00f1ado para artistas en extensiones de pesta\u00f1as sin experiencia que deseen empezar una carrera con habilidades \u00fanicas que los separaran de la competencia.\" \/>\n<meta property=\"og:url\" content=\"https:\/\/academiaphilashes.com\/en\/product\/curso-philashes-clasica-online\/\" \/>\n<meta property=\"og:site_name\" content=\"Academia Philashes | By Karina Gonz\u00e1lez\" \/>\n<meta property=\"article:modified_time\" content=\"2026-03-20T19:19:44+00:00\" \/>\n<meta property=\"og:image\" content=\"https:\/\/academiaphilashes.com\/wp-content\/uploads\/2023\/12\/01-thumb-poster_Online-PhiLashes-Classics.webp\" \/>\n\t<meta property=\"og:image:width\" content=\"1080\" \/>\n\t<meta property=\"og:image:height\" content=\"1080\" \/>\n\t<meta property=\"og:image:type\" content=\"image\/webp\" \/>\n<meta name=\"twitter:card\" content=\"summary_large_image\" \/>\n<meta name=\"twitter:label1\" content=\"Est. reading time\" \/>\n\t<meta name=\"twitter:data1\" content=\"2 minutes\" \/>\n<script type=\"application\/ld+json\" class=\"yoast-schema-graph\">{\"@context\":\"https:\/\/schema.org\",\"@graph\":[{\"@type\":\"WebPage\",\"@id\":\"https:\/\/academiaphilashes.com\/en\/product\/curso-philashes-clasica-online\/\",\"url\":\"https:\/\/academiaphilashes.com\/en\/product\/curso-philashes-clasica-online\/\",\"name\":\"Curso: PhiLashes | Cl\u00e1sica | Online - Academia Philashes | By Karina Gonz\u00e1lez\",\"isPartOf\":{\"@id\":\"https:\/\/academiaphilashes.com\/en\/#website\"},\"primaryImageOfPage\":{\"@id\":\"https:\/\/academiaphilashes.com\/en\/product\/curso-philashes-clasica-online\/#primaryimage\"},\"image\":{\"@id\":\"https:\/\/academiaphilashes.com\/en\/product\/curso-philashes-clasica-online\/#primaryimage\"},\"thumbnailUrl\":\"https:\/\/academiaphilashes.com\/wp-content\/uploads\/2023\/12\/01-thumb-poster_Online-PhiLashes-Classics.webp\",\"datePublished\":\"2023-12-30T00:55:42+00:00\",\"dateModified\":\"2026-03-20T19:19:44+00:00\",\"breadcrumb\":{\"@id\":\"https:\/\/academiaphilashes.com\/en\/product\/curso-philashes-clasica-online\/#breadcrumb\"},\"inLanguage\":\"en-US\",\"potentialAction\":[{\"@type\":\"ReadAction\",\"target\":[\"https:\/\/academiaphilashes.com\/en\/product\/curso-philashes-clasica-online\/\"]}]},{\"@type\":\"ImageObject\",\"inLanguage\":\"en-US\",\"@id\":\"https:\/\/academiaphilashes.com\/en\/product\/curso-philashes-clasica-online\/#primaryimage\",\"url\":\"https:\/\/academiaphilashes.com\/wp-content\/uploads\/2023\/12\/01-thumb-poster_Online-PhiLashes-Classics.webp\",\"contentUrl\":\"https:\/\/academiaphilashes.com\/wp-content\/uploads\/2023\/12\/01-thumb-poster_Online-PhiLashes-Classics.webp\",\"width\":1080,\"height\":1080},{\"@type\":\"BreadcrumbList\",\"@id\":\"https:\/\/academiaphilashes.com\/en\/product\/curso-philashes-clasica-online\/#breadcrumb\",\"itemListElement\":[{\"@type\":\"ListItem\",\"position\":1,\"name\":\"Home\",\"item\":\"https:\/\/academiaphilashes.com\/\"},{\"@type\":\"ListItem\",\"position\":2,\"name\":\"Shop\",\"item\":\"https:\/\/academiaphilashes.com\/shop\/\"},{\"@type\":\"ListItem\",\"position\":3,\"name\":\"Curso: PhiLashes | Cl\u00e1sica | Online\"}]},{\"@type\":\"WebSite\",\"@id\":\"https:\/\/academiaphilashes.com\/en\/#website\",\"url\":\"https:\/\/academiaphilashes.com\/en\/\",\"name\":\"Academia Philashes | By Karina Gonz\u00e1lez\",\"description\":\"Academia internacional de pesta\u00f1as con el mejor m\u00e9todo de ense\u00f1anza a nivel mundial.\",\"potentialAction\":[{\"@type\":\"SearchAction\",\"target\":{\"@type\":\"EntryPoint\",\"urlTemplate\":\"https:\/\/academiaphilashes.com\/en\/?s={search_term_string}\"},\"query-input\":{\"@type\":\"PropertyValueSpecification\",\"valueRequired\":true,\"valueName\":\"search_term_string\"}}],\"inLanguage\":\"en-US\"}]}<\/script>\n<!-- \/ Yoast SEO Premium plugin. -->","yoast_head_json":{"title":"Curso: PhiLashes | Cl\u00e1sica | Online - Academia Philashes | By Karina Gonz\u00e1lez","robots":{"index":"index","follow":"follow","max-snippet":"max-snippet:-1","max-image-preview":"max-image-preview:large","max-video-preview":"max-video-preview:-1"},"canonical":"https:\/\/academiaphilashes.com\/en\/product\/curso-philashes-clasica-online\/","og_locale":"en_US","og_type":"article","og_title":"Curso: PhiLashes | Cl\u00e1sica | Online","og_description":"La t\u00e9cnica cl\u00e1sica Philashes, es un tipo de t\u00e9cnica en la cual una extensi\u00f3n de pesta\u00f1as es adherida sobre una pesta\u00f1a natural (1:1), est\u00e1 dise\u00f1ada para dar un look natural y c\u00f3modo, con una curvatura y longitud adecuada. Este programa ha sido dise\u00f1ado para artistas en extensiones de pesta\u00f1as sin experiencia que deseen empezar una carrera con habilidades \u00fanicas que los separaran de la competencia.","og_url":"https:\/\/academiaphilashes.com\/en\/product\/curso-philashes-clasica-online\/","og_site_name":"Academia Philashes | By Karina Gonz\u00e1lez","article_modified_time":"2026-03-20T19:19:44+00:00","og_image":[{"width":1080,"height":1080,"url":"https:\/\/academiaphilashes.com\/wp-content\/uploads\/2023\/12\/01-thumb-poster_Online-PhiLashes-Classics.webp","type":"image\/webp"}],"twitter_card":"summary_large_image","twitter_misc":{"Est. reading time":"2 minutes"},"schema":{"@context":"https:\/\/schema.org","@graph":[{"@type":"WebPage","@id":"https:\/\/academiaphilashes.com\/en\/product\/curso-philashes-clasica-online\/","url":"https:\/\/academiaphilashes.com\/en\/product\/curso-philashes-clasica-online\/","name":"Curso: PhiLashes | Cl\u00e1sica | Online - Academia Philashes | By Karina Gonz\u00e1lez","isPartOf":{"@id":"https:\/\/academiaphilashes.com\/en\/#website"},"primaryImageOfPage":{"@id":"https:\/\/academiaphilashes.com\/en\/product\/curso-philashes-clasica-online\/#primaryimage"},"image":{"@id":"https:\/\/academiaphilashes.com\/en\/product\/curso-philashes-clasica-online\/#primaryimage"},"thumbnailUrl":"https:\/\/academiaphilashes.com\/wp-content\/uploads\/2023\/12\/01-thumb-poster_Online-PhiLashes-Classics.webp","datePublished":"2023-12-30T00:55:42+00:00","dateModified":"2026-03-20T19:19:44+00:00","breadcrumb":{"@id":"https:\/\/academiaphilashes.com\/en\/product\/curso-philashes-clasica-online\/#breadcrumb"},"inLanguage":"en-US","potentialAction":[{"@type":"ReadAction","target":["https:\/\/academiaphilashes.com\/en\/product\/curso-philashes-clasica-online\/"]}]},{"@type":"ImageObject","inLanguage":"en-US","@id":"https:\/\/academiaphilashes.com\/en\/product\/curso-philashes-clasica-online\/#primaryimage","url":"https:\/\/academiaphilashes.com\/wp-content\/uploads\/2023\/12\/01-thumb-poster_Online-PhiLashes-Classics.webp","contentUrl":"https:\/\/academiaphilashes.com\/wp-content\/uploads\/2023\/12\/01-thumb-poster_Online-PhiLashes-Classics.webp","width":1080,"height":1080},{"@type":"BreadcrumbList","@id":"https:\/\/academiaphilashes.com\/en\/product\/curso-philashes-clasica-online\/#breadcrumb","itemListElement":[{"@type":"ListItem","position":1,"name":"Home","item":"https:\/\/academiaphilashes.com\/"},{"@type":"ListItem","position":2,"name":"Shop","item":"https:\/\/academiaphilashes.com\/shop\/"},{"@type":"ListItem","position":3,"name":"Curso: PhiLashes | Cl\u00e1sica | Online"}]},{"@type":"WebSite","@id":"https:\/\/academiaphilashes.com\/en\/#website","url":"https:\/\/academiaphilashes.com\/en\/","name":"Academia Philashes | By Karina Gonz\u00e1lez","description":"Academia internacional de pesta\u00f1as con el mejor m\u00e9todo de ense\u00f1anza a nivel mundial.","potentialAction":[{"@type":"SearchAction","target":{"@type":"EntryPoint","urlTemplate":"https:\/\/academiaphilashes.com\/en\/?s={search_term_string}"},"query-input":{"@type":"PropertyValueSpecification","valueRequired":true,"valueName":"search_term_string"}}],"inLanguage":"en-US"}]}},"jetpack_sharing_enabled":true,"_links":{"self":[{"href":"https:\/\/academiaphilashes.com\/en\/wp-json\/wp\/v2\/product\/1456","targetHints":{"allow":["GET"]}}],"collection":[{"href":"https:\/\/academiaphilashes.com\/en\/wp-json\/wp\/v2\/product"}],"about":[{"href":"https:\/\/academiaphilashes.com\/en\/wp-json\/wp\/v2\/types\/product"}],"version-history":[{"count":0,"href":"https:\/\/academiaphilashes.com\/en\/wp-json\/wp\/v2\/product\/1456\/revisions"}],"wp:featuredmedia":[{"embeddable":true,"href":"https:\/\/academiaphilashes.com\/en\/wp-json\/wp\/v2\/media\/11877"}],"wp:attachment":[{"href":"https:\/\/academiaphilashes.com\/en\/wp-json\/wp\/v2\/media?parent=1456"}],"wp:term":[{"taxonomy":"product_brand","embeddable":true,"href":"https:\/\/academiaphilashes.com\/en\/wp-json\/wp\/v2\/product_brand?post=1456"},{"taxonomy":"product_cat","embeddable":true,"href":"https:\/\/academiaphilashes.com\/en\/wp-json\/wp\/v2\/product_cat?post=1456"},{"taxonomy":"product_tag","embeddable":true,"href":"https:\/\/academiaphilashes.com\/en\/wp-json\/wp\/v2\/product_tag?post=1456"}],"curies":[{"name":"wp","href":"https:\/\/api.w.org\/{rel}","templated":true}]}}