{"id":1458,"date":"2023-12-29T21:54:54","date_gmt":"2023-12-30T01:54:54","guid":{"rendered":"https:\/\/academiaphilashes.com\/?post_type=product&#038;p=1458"},"modified":"2026-03-20T15:21:43","modified_gmt":"2026-03-20T19:21:43","slug":"online-curso-volumen-ruso-principiante","status":"publish","type":"product","link":"https:\/\/academiaphilashes.com\/en\/product\/curso-philashes-ruso-principiante-online\/","title":{"rendered":"Course: PhiLashes | Russian Beginer | Online"},"content":{"rendered":"<p><strong>Important Note:<\/strong><\/p>\n<p>Verifiable experience in Classical Technique is required for at least 3 months.<\/p>\n<p><strong>Benefits of taking the online course<\/strong><\/p>\n<p>If you cannot attend the face-to-face courses, we have the online option for you.<\/p>\n<p>Both the Online and In-Person Courses have the only difference being the live class, the rest have the same benefits:<\/p>\n<p>&nbsp;<\/p>\n<ul>\n<li style=\"list-style-type: none;\">\n<ul>\n<li>KIT + Certification.<\/li>\n<\/ul>\n<\/li>\n<\/ul>\n<ul>\n<li style=\"list-style-type: none;\">\n<ul>\n<li>Access to the CRAFTMASTER App.<\/li>\n<\/ul>\n<\/li>\n<\/ul>\n<ul>\n<li style=\"list-style-type: none;\">\n<ul>\n<li>PhiAcademy advice and certification once all levels of study have been successfully passed.<\/li>\n<\/ul>\n<\/li>\n<\/ul>\n<p>&nbsp;<\/p>\n<p>Savings on travel and lodging expenses, flexibility, accessibility and greater control over study time are some advantages of receiving online training, thus offering you a great alternative to learn this wonderful technique.<\/p>\n<p><strong>Table of Content<\/strong><\/p>\n<p>&nbsp;<\/p>\n<ul>\n<li style=\"list-style-type: none;\">\n<ul>\n<li>Philashes Treatment Information<\/li>\n<\/ul>\n<\/li>\n<\/ul>\n<ul>\n<li style=\"list-style-type: none;\">\n<ul>\n<li>Natural Eyelash Growth Cycle<\/li>\n<\/ul>\n<\/li>\n<\/ul>\n<ul>\n<li style=\"list-style-type: none;\">\n<ul>\n<li>Pesta\u00f1as cl\u00e1sicas vs. Pesta\u00f1as de Volumen<\/li>\n<\/ul>\n<\/li>\n<\/ul>\n<ul>\n<li style=\"list-style-type: none;\">\n<ul>\n<li>Eyelash Adhesive<\/li>\n<\/ul>\n<\/li>\n<\/ul>\n<ul>\n<li style=\"list-style-type: none;\">\n<ul>\n<li>Eye Analysis<\/li>\n<\/ul>\n<\/li>\n<\/ul>\n<ul>\n<li style=\"list-style-type: none;\">\n<ul>\n<li>Room Temperature and Humidity<\/li>\n<\/ul>\n<\/li>\n<\/ul>\n<ul>\n<li style=\"list-style-type: none;\">\n<ul>\n<li>Perfect Fan Techniques<\/li>\n<\/ul>\n<\/li>\n<\/ul>\n<ul>\n<li style=\"list-style-type: none;\">\n<ul>\n<li>Retention Problems<\/li>\n<\/ul>\n<\/li>\n<\/ul>\n<ul>\n<li style=\"list-style-type: none;\">\n<ul>\n<li>Step-by-Step Treatment<\/li>\n<\/ul>\n<\/li>\n<\/ul>\n<ul>\n<li style=\"list-style-type: none;\">\n<ul>\n<li>Contraindications<\/li>\n<\/ul>\n<\/li>\n<\/ul>\n<ul>\n<li style=\"list-style-type: none;\">\n<ul>\n<li>Allergic Reactions<\/li>\n<\/ul>\n<\/li>\n<\/ul>\n<ul>\n<li style=\"list-style-type: none;\">\n<ul>\n<li>Fotograf\u00eda y Edici\u00f3n<\/li>\n<\/ul>\n<\/li>\n<\/ul>\n<ul>\n<li style=\"list-style-type: none;\">\n<ul>\n<li>And much more...<\/li>\n<\/ul>\n<\/li>\n<\/ul>\n<p>&nbsp;<\/p>\n<p><strong>Philashes Russian Beginner Kit<\/strong><\/p>\n<p>2 x volume tweezer (1&amp;2)<br \/>\n1 x isolation tweezer<br \/>\n1 x adhesive sticker<br \/>\n1 x philashes foam 50ml<br \/>\n1 x Philashes premium faux mink mix C-0.10<br \/>\n1 x Philashes premium faux mink mix CC-0.7<br \/>\n1 x Philashes premium faux mink mix D-0.05<br \/>\n1 x beyond lash adhesive<br \/>\n1 x Crystal Stone<br \/>\n1 x Cream remover<br \/>\n1 x Philashes tape<br \/>\n5 x Gel free pads<br \/>\n5 x Hydrogel pads la20<br \/>\n1 x m\u00e1scara brush 80 pcs<br \/>\n1 x cleansing brush 3pcs<br \/>\n1 x lash palette<br \/>\n1 x micro applicator 100pcs<br \/>\n1 x flocked lint free applicator 100pcs<\/p>\n<p><a href=\"https:\/\/academiaphilashes.com\/wp-content\/uploads\/2024\/10\/04-kit_Russian-Beginer.webp\"><img loading=\"lazy\" decoding=\"async\" class=\"alignnone wp-image-12180\" src=\"https:\/\/academiaphilashes.com\/wp-content\/uploads\/2024\/10\/04-kit_Russian-Beginer-300x300.webp\" alt=\"\" width=\"600\" height=\"600\" srcset=\"https:\/\/academiaphilashes.com\/wp-content\/uploads\/2024\/10\/04-kit_Russian-Beginer-300x300.webp 300w, https:\/\/academiaphilashes.com\/wp-content\/uploads\/2024\/10\/04-kit_Russian-Beginer-1024x1024.webp 1024w, https:\/\/academiaphilashes.com\/wp-content\/uploads\/2024\/10\/04-kit_Russian-Beginer-150x150.webp 150w, https:\/\/academiaphilashes.com\/wp-content\/uploads\/2024\/10\/04-kit_Russian-Beginer-768x768.webp 768w, https:\/\/academiaphilashes.com\/wp-content\/uploads\/2024\/10\/04-kit_Russian-Beginer-12x12.webp 12w, https:\/\/academiaphilashes.com\/wp-content\/uploads\/2024\/10\/04-kit_Russian-Beginer-75x75.webp 75w, https:\/\/academiaphilashes.com\/wp-content\/uploads\/2024\/10\/04-kit_Russian-Beginer-600x600.webp 600w, https:\/\/academiaphilashes.com\/wp-content\/uploads\/2024\/10\/04-kit_Russian-Beginer-100x100.webp 100w, https:\/\/academiaphilashes.com\/wp-content\/uploads\/2024\/10\/04-kit_Russian-Beginer.webp 1080w\" sizes=\"auto, (max-width: 600px) 100vw, 600px\" \/><\/a><\/p>\n<p><strong>At the end of your training<\/strong><\/p>\n<p>Upon completion of your training, the academy will award you an international certificate and a personalized logo certifying you as a Phiacademy Artist. You will appear on the world map and receive a physical certificate via DHL.<\/p>","protected":false},"excerpt":{"rendered":"<p>It's the latest trend in the lash industry that gives artists the most superior results in terms of lash density and volume. Unlike the classic technique, which involves one lash extension per natural lash, volume lash extensions teach the advanced multi-attachment technique, which uses two to four or more of the thinnest\/finest lash extensions on each natural lash, creating lash clusters of 200-700 lashes per eye.<\/p>","protected":false},"featured_media":11883,"template":"","meta":[],"product_brand":[],"product_cat":[22],"product_tag":[],"class_list":{"0":"post-1458","1":"product","2":"type-product","3":"status-publish","4":"has-post-thumbnail","6":"product_cat-cursos-online","7":"product_shipping_class-online-courses","9":"first","10":"instock","11":"taxable","12":"shipping-taxable","13":"purchasable","14":"product-type-variable"},"yoast_head":"<!-- This site is optimized with the Yoast SEO Premium plugin v27.2 (Yoast SEO v27.2) - https:\/\/yoast.com\/product\/yoast-seo-premium-wordpress\/ -->\n<title>Curso: PhiLashes | Ruso Principiante | Online - Academia Philashes | By Karina Gonz\u00e1lez<\/title>\n<meta name=\"robots\" content=\"index, follow, max-snippet:-1, max-image-preview:large, max-video-preview:-1\" \/>\n<link rel=\"canonical\" href=\"https:\/\/academiaphilashes.com\/en\/product\/curso-philashes-ruso-principiante-online\/\" \/>\n<meta property=\"og:locale\" content=\"en_US\" \/>\n<meta property=\"og:type\" content=\"article\" \/>\n<meta property=\"og:title\" content=\"Curso: PhiLashes | Ruso Principiante | Online\" \/>\n<meta property=\"og:description\" content=\"Es la tendencia m\u00e1s reciente en la industria de las pesta\u00f1as que les da a los artistas los resultados m\u00e1s top en cuanto a la densidad y volumen de las pesta\u00f1as. A diferencia de la t\u00e9cnica cl\u00e1sica que es 1 extensi\u00f3n de pesta\u00f1as por 1 pesta\u00f1a natural, el volumen ense\u00f1a la t\u00e9cnica avanzada de multi-amarre que utiliza de 2 a 4 o m\u00e1s de las extensiones de pesta\u00f1as m\u00e1s delgadas \/ finas en cada pesta\u00f1a natural creando conjuntos de pesta\u00f1as de 200-700 pesta\u00f1as por ojo.\" \/>\n<meta property=\"og:url\" content=\"https:\/\/academiaphilashes.com\/en\/product\/curso-philashes-ruso-principiante-online\/\" \/>\n<meta property=\"og:site_name\" content=\"Academia Philashes | By Karina Gonz\u00e1lez\" \/>\n<meta property=\"article:modified_time\" content=\"2026-03-20T19:21:43+00:00\" \/>\n<meta property=\"og:image\" content=\"https:\/\/academiaphilashes.com\/wp-content\/uploads\/2023\/12\/02-thumb-poster_Online-PhiLashes-Russian-Beginer.webp\" \/>\n\t<meta property=\"og:image:width\" content=\"1080\" \/>\n\t<meta property=\"og:image:height\" content=\"1080\" \/>\n\t<meta property=\"og:image:type\" content=\"image\/webp\" \/>\n<meta name=\"twitter:card\" content=\"summary_large_image\" \/>\n<meta name=\"twitter:label1\" content=\"Est. reading time\" \/>\n\t<meta name=\"twitter:data1\" content=\"2 minutes\" \/>\n<script type=\"application\/ld+json\" class=\"yoast-schema-graph\">{\"@context\":\"https:\/\/schema.org\",\"@graph\":[{\"@type\":\"WebPage\",\"@id\":\"https:\/\/academiaphilashes.com\/en\/product\/curso-philashes-ruso-principiante-online\/\",\"url\":\"https:\/\/academiaphilashes.com\/en\/product\/curso-philashes-ruso-principiante-online\/\",\"name\":\"Curso: PhiLashes | Ruso Principiante | Online - Academia Philashes | By Karina Gonz\u00e1lez\",\"isPartOf\":{\"@id\":\"https:\/\/academiaphilashes.com\/en\/#website\"},\"primaryImageOfPage\":{\"@id\":\"https:\/\/academiaphilashes.com\/en\/product\/curso-philashes-ruso-principiante-online\/#primaryimage\"},\"image\":{\"@id\":\"https:\/\/academiaphilashes.com\/en\/product\/curso-philashes-ruso-principiante-online\/#primaryimage\"},\"thumbnailUrl\":\"https:\/\/academiaphilashes.com\/wp-content\/uploads\/2023\/12\/02-thumb-poster_Online-PhiLashes-Russian-Beginer.webp\",\"datePublished\":\"2023-12-30T01:54:54+00:00\",\"dateModified\":\"2026-03-20T19:21:43+00:00\",\"breadcrumb\":{\"@id\":\"https:\/\/academiaphilashes.com\/en\/product\/curso-philashes-ruso-principiante-online\/#breadcrumb\"},\"inLanguage\":\"en-US\",\"potentialAction\":[{\"@type\":\"ReadAction\",\"target\":[\"https:\/\/academiaphilashes.com\/en\/product\/curso-philashes-ruso-principiante-online\/\"]}]},{\"@type\":\"ImageObject\",\"inLanguage\":\"en-US\",\"@id\":\"https:\/\/academiaphilashes.com\/en\/product\/curso-philashes-ruso-principiante-online\/#primaryimage\",\"url\":\"https:\/\/academiaphilashes.com\/wp-content\/uploads\/2023\/12\/02-thumb-poster_Online-PhiLashes-Russian-Beginer.webp\",\"contentUrl\":\"https:\/\/academiaphilashes.com\/wp-content\/uploads\/2023\/12\/02-thumb-poster_Online-PhiLashes-Russian-Beginer.webp\",\"width\":1080,\"height\":1080},{\"@type\":\"BreadcrumbList\",\"@id\":\"https:\/\/academiaphilashes.com\/en\/product\/curso-philashes-ruso-principiante-online\/#breadcrumb\",\"itemListElement\":[{\"@type\":\"ListItem\",\"position\":1,\"name\":\"Home\",\"item\":\"https:\/\/academiaphilashes.com\/\"},{\"@type\":\"ListItem\",\"position\":2,\"name\":\"Shop\",\"item\":\"https:\/\/academiaphilashes.com\/shop\/\"},{\"@type\":\"ListItem\",\"position\":3,\"name\":\"Curso: PhiLashes | Ruso Principiante | Online\"}]},{\"@type\":\"WebSite\",\"@id\":\"https:\/\/academiaphilashes.com\/en\/#website\",\"url\":\"https:\/\/academiaphilashes.com\/en\/\",\"name\":\"Academia Philashes | By Karina Gonz\u00e1lez\",\"description\":\"Academia internacional de pesta\u00f1as con el mejor m\u00e9todo de ense\u00f1anza a nivel mundial.\",\"potentialAction\":[{\"@type\":\"SearchAction\",\"target\":{\"@type\":\"EntryPoint\",\"urlTemplate\":\"https:\/\/academiaphilashes.com\/en\/?s={search_term_string}\"},\"query-input\":{\"@type\":\"PropertyValueSpecification\",\"valueRequired\":true,\"valueName\":\"search_term_string\"}}],\"inLanguage\":\"en-US\"}]}<\/script>\n<!-- \/ Yoast SEO Premium plugin. -->","yoast_head_json":{"title":"Curso: PhiLashes | Ruso Principiante | Online - Academia Philashes | By Karina Gonz\u00e1lez","robots":{"index":"index","follow":"follow","max-snippet":"max-snippet:-1","max-image-preview":"max-image-preview:large","max-video-preview":"max-video-preview:-1"},"canonical":"https:\/\/academiaphilashes.com\/en\/product\/curso-philashes-ruso-principiante-online\/","og_locale":"en_US","og_type":"article","og_title":"Curso: PhiLashes | Ruso Principiante | Online","og_description":"Es la tendencia m\u00e1s reciente en la industria de las pesta\u00f1as que les da a los artistas los resultados m\u00e1s top en cuanto a la densidad y volumen de las pesta\u00f1as. A diferencia de la t\u00e9cnica cl\u00e1sica que es 1 extensi\u00f3n de pesta\u00f1as por 1 pesta\u00f1a natural, el volumen ense\u00f1a la t\u00e9cnica avanzada de multi-amarre que utiliza de 2 a 4 o m\u00e1s de las extensiones de pesta\u00f1as m\u00e1s delgadas \/ finas en cada pesta\u00f1a natural creando conjuntos de pesta\u00f1as de 200-700 pesta\u00f1as por ojo.","og_url":"https:\/\/academiaphilashes.com\/en\/product\/curso-philashes-ruso-principiante-online\/","og_site_name":"Academia Philashes | By Karina Gonz\u00e1lez","article_modified_time":"2026-03-20T19:21:43+00:00","og_image":[{"width":1080,"height":1080,"url":"https:\/\/academiaphilashes.com\/wp-content\/uploads\/2023\/12\/02-thumb-poster_Online-PhiLashes-Russian-Beginer.webp","type":"image\/webp"}],"twitter_card":"summary_large_image","twitter_misc":{"Est. reading time":"2 minutes"},"schema":{"@context":"https:\/\/schema.org","@graph":[{"@type":"WebPage","@id":"https:\/\/academiaphilashes.com\/en\/product\/curso-philashes-ruso-principiante-online\/","url":"https:\/\/academiaphilashes.com\/en\/product\/curso-philashes-ruso-principiante-online\/","name":"Curso: PhiLashes | Ruso Principiante | Online - Academia Philashes | By Karina Gonz\u00e1lez","isPartOf":{"@id":"https:\/\/academiaphilashes.com\/en\/#website"},"primaryImageOfPage":{"@id":"https:\/\/academiaphilashes.com\/en\/product\/curso-philashes-ruso-principiante-online\/#primaryimage"},"image":{"@id":"https:\/\/academiaphilashes.com\/en\/product\/curso-philashes-ruso-principiante-online\/#primaryimage"},"thumbnailUrl":"https:\/\/academiaphilashes.com\/wp-content\/uploads\/2023\/12\/02-thumb-poster_Online-PhiLashes-Russian-Beginer.webp","datePublished":"2023-12-30T01:54:54+00:00","dateModified":"2026-03-20T19:21:43+00:00","breadcrumb":{"@id":"https:\/\/academiaphilashes.com\/en\/product\/curso-philashes-ruso-principiante-online\/#breadcrumb"},"inLanguage":"en-US","potentialAction":[{"@type":"ReadAction","target":["https:\/\/academiaphilashes.com\/en\/product\/curso-philashes-ruso-principiante-online\/"]}]},{"@type":"ImageObject","inLanguage":"en-US","@id":"https:\/\/academiaphilashes.com\/en\/product\/curso-philashes-ruso-principiante-online\/#primaryimage","url":"https:\/\/academiaphilashes.com\/wp-content\/uploads\/2023\/12\/02-thumb-poster_Online-PhiLashes-Russian-Beginer.webp","contentUrl":"https:\/\/academiaphilashes.com\/wp-content\/uploads\/2023\/12\/02-thumb-poster_Online-PhiLashes-Russian-Beginer.webp","width":1080,"height":1080},{"@type":"BreadcrumbList","@id":"https:\/\/academiaphilashes.com\/en\/product\/curso-philashes-ruso-principiante-online\/#breadcrumb","itemListElement":[{"@type":"ListItem","position":1,"name":"Home","item":"https:\/\/academiaphilashes.com\/"},{"@type":"ListItem","position":2,"name":"Shop","item":"https:\/\/academiaphilashes.com\/shop\/"},{"@type":"ListItem","position":3,"name":"Curso: PhiLashes | Ruso Principiante | Online"}]},{"@type":"WebSite","@id":"https:\/\/academiaphilashes.com\/en\/#website","url":"https:\/\/academiaphilashes.com\/en\/","name":"Academia Philashes | By Karina Gonz\u00e1lez","description":"Academia internacional de pesta\u00f1as con el mejor m\u00e9todo de ense\u00f1anza a nivel mundial.","potentialAction":[{"@type":"SearchAction","target":{"@type":"EntryPoint","urlTemplate":"https:\/\/academiaphilashes.com\/en\/?s={search_term_string}"},"query-input":{"@type":"PropertyValueSpecification","valueRequired":true,"valueName":"search_term_string"}}],"inLanguage":"en-US"}]}},"jetpack_sharing_enabled":true,"_links":{"self":[{"href":"https:\/\/academiaphilashes.com\/en\/wp-json\/wp\/v2\/product\/1458","targetHints":{"allow":["GET"]}}],"collection":[{"href":"https:\/\/academiaphilashes.com\/en\/wp-json\/wp\/v2\/product"}],"about":[{"href":"https:\/\/academiaphilashes.com\/en\/wp-json\/wp\/v2\/types\/product"}],"version-history":[{"count":0,"href":"https:\/\/academiaphilashes.com\/en\/wp-json\/wp\/v2\/product\/1458\/revisions"}],"wp:featuredmedia":[{"embeddable":true,"href":"https:\/\/academiaphilashes.com\/en\/wp-json\/wp\/v2\/media\/11883"}],"wp:attachment":[{"href":"https:\/\/academiaphilashes.com\/en\/wp-json\/wp\/v2\/media?parent=1458"}],"wp:term":[{"taxonomy":"product_brand","embeddable":true,"href":"https:\/\/academiaphilashes.com\/en\/wp-json\/wp\/v2\/product_brand?post=1458"},{"taxonomy":"product_cat","embeddable":true,"href":"https:\/\/academiaphilashes.com\/en\/wp-json\/wp\/v2\/product_cat?post=1458"},{"taxonomy":"product_tag","embeddable":true,"href":"https:\/\/academiaphilashes.com\/en\/wp-json\/wp\/v2\/product_tag?post=1458"}],"curies":[{"name":"wp","href":"https:\/\/api.w.org\/{rel}","templated":true}]}}