{"id":1462,"date":"2023-12-29T22:00:53","date_gmt":"2023-12-30T02:00:53","guid":{"rendered":"https:\/\/academiaphilashes.com\/?post_type=product&#038;p=1462"},"modified":"2026-03-20T15:23:50","modified_gmt":"2026-03-20T19:23:50","slug":"online-combo-volumen-ruso","status":"publish","type":"product","link":"https:\/\/academiaphilashes.com\/en\/product\/curso-philashes-combo-volumen-ruso-online\/","title":{"rendered":"Course: PhiLashes | Russian Volume Combo | Online"},"content":{"rendered":"<p><b>Important Note:<\/b><\/p>\n<p><span style=\"font-weight: 400;\">Proven experience in volume for at least 6 months.<\/span><\/p>\n<p><b>Benefits of taking the online course<\/b><\/p>\n<p><span style=\"font-weight: 400;\">If you cannot attend the face-to-face courses, we have the online option for you.<\/span><\/p>\n<p><span style=\"font-weight: 400;\">Both the Online and In-Person Courses have the only difference being the live class, the rest have the same benefits:<\/span><\/p>\n<p>&nbsp;<\/p>\n<ul>\n<li style=\"list-style-type: none;\">\n<ul>\n<li style=\"font-weight: 400;\"><span style=\"font-weight: 400;\">KIT + Certification.<\/span><\/li>\n<\/ul>\n<\/li>\n<\/ul>\n<ul>\n<li style=\"list-style-type: none;\">\n<ul>\n<li style=\"font-weight: 400;\"><span style=\"font-weight: 400;\">Access to the CRAFTMASTER App.<\/span><\/li>\n<\/ul>\n<\/li>\n<\/ul>\n<ul>\n<li style=\"list-style-type: none;\">\n<ul>\n<li style=\"font-weight: 400;\"><span style=\"font-weight: 400;\">PhiAcademy advice and certification once all levels of study have been successfully passed.<\/span><\/li>\n<\/ul>\n<\/li>\n<\/ul>\n<p>&nbsp;<\/p>\n<p><span style=\"font-weight: 400;\">Savings on travel and lodging expenses, flexibility, accessibility and greater control over study time are some advantages of receiving online training, thus offering you a great alternative to learn this wonderful technique.<\/span><\/p>\n<p><b>Table of Content (Beginner Russian)<\/b><\/p>\n<p>&nbsp;<\/p>\n<ul>\n<li style=\"list-style-type: none;\">\n<ul>\n<li style=\"font-weight: 400;\"><span style=\"font-weight: 400;\">Philashes Treatment Information<\/span><\/li>\n<\/ul>\n<\/li>\n<\/ul>\n<ul>\n<li style=\"list-style-type: none;\">\n<ul>\n<li style=\"font-weight: 400;\"><span style=\"font-weight: 400;\">Natural Eyelash Growth Cycle<\/span><\/li>\n<\/ul>\n<\/li>\n<\/ul>\n<ul>\n<li style=\"list-style-type: none;\">\n<ul>\n<li style=\"font-weight: 400;\"><span style=\"font-weight: 400;\">Classic Lashes vs. Volume Lashes<\/span><\/li>\n<\/ul>\n<\/li>\n<\/ul>\n<ul>\n<li style=\"list-style-type: none;\">\n<ul>\n<li style=\"font-weight: 400;\"><span style=\"font-weight: 400;\">Eyelash Adhesive<\/span><\/li>\n<\/ul>\n<\/li>\n<\/ul>\n<ul>\n<li style=\"list-style-type: none;\">\n<ul>\n<li style=\"font-weight: 400;\"><span style=\"font-weight: 400;\">Eye Analysis<\/span><\/li>\n<\/ul>\n<\/li>\n<\/ul>\n<ul>\n<li style=\"list-style-type: none;\">\n<ul>\n<li style=\"font-weight: 400;\"><span style=\"font-weight: 400;\">Room Temperature and Humidity<\/span><\/li>\n<\/ul>\n<\/li>\n<\/ul>\n<ul>\n<li style=\"list-style-type: none;\">\n<ul>\n<li style=\"font-weight: 400;\"><span style=\"font-weight: 400;\">Perfect Fan Techniques<\/span><\/li>\n<\/ul>\n<\/li>\n<\/ul>\n<ul>\n<li style=\"list-style-type: none;\">\n<ul>\n<li style=\"font-weight: 400;\"><span style=\"font-weight: 400;\">Retention Problems<\/span><\/li>\n<\/ul>\n<\/li>\n<\/ul>\n<ul>\n<li style=\"list-style-type: none;\">\n<ul>\n<li style=\"font-weight: 400;\"><span style=\"font-weight: 400;\">Step-by-Step Treatment<\/span><\/li>\n<\/ul>\n<\/li>\n<\/ul>\n<ul>\n<li style=\"list-style-type: none;\">\n<ul>\n<li style=\"font-weight: 400;\"><span style=\"font-weight: 400;\">Contraindications<\/span><\/li>\n<\/ul>\n<\/li>\n<\/ul>\n<ul>\n<li style=\"list-style-type: none;\">\n<ul>\n<li style=\"font-weight: 400;\"><span style=\"font-weight: 400;\">Allergic Reactions<\/span><\/li>\n<\/ul>\n<\/li>\n<\/ul>\n<ul>\n<li style=\"list-style-type: none;\">\n<ul>\n<li style=\"font-weight: 400;\"><span style=\"font-weight: 400;\">Photography and Editing<\/span><\/li>\n<\/ul>\n<\/li>\n<\/ul>\n<ul>\n<li style=\"list-style-type: none;\">\n<ul>\n<li style=\"font-weight: 400;\"><span style=\"font-weight: 400;\">And much more\u2026<\/span><\/li>\n<\/ul>\n<\/li>\n<\/ul>\n<p>&nbsp;<\/p>\n<p><b>Table of Content (Advanced Russian)<\/b><\/p>\n<p>&nbsp;<\/p>\n<ul>\n<li style=\"list-style-type: none;\">\n<ul>\n<li style=\"font-weight: 400;\"><span style=\"font-weight: 400;\">Vertical and horizontal asymmetries correction.<\/span><\/li>\n<\/ul>\n<\/li>\n<\/ul>\n<ul>\n<li style=\"list-style-type: none;\">\n<ul>\n<li style=\"font-weight: 400;\"><span style=\"font-weight: 400;\">Advanced colorimetry.<\/span><\/li>\n<\/ul>\n<\/li>\n<\/ul>\n<ul>\n<li style=\"list-style-type: none;\">\n<ul>\n<li style=\"font-weight: 400;\"><span style=\"font-weight: 400;\">Advanced effects such as fishtail, lightning bolt, foxy ombr\u00e9, wet hybrid, and rock star eyeliner.<\/span><\/li>\n<\/ul>\n<\/li>\n<\/ul>\n<ul>\n<li style=\"list-style-type: none;\">\n<ul>\n<li style=\"font-weight: 400;\"><span style=\"font-weight: 400;\">Working with advanced curls such as L and M and how to blend them with conventional curls.<\/span><\/li>\n<\/ul>\n<\/li>\n<\/ul>\n<ul>\n<li style=\"list-style-type: none;\">\n<ul>\n<li style=\"font-weight: 400;\"><span style=\"font-weight: 400;\">Information on the Philashes treatment.<\/span><\/li>\n<\/ul>\n<\/li>\n<\/ul>\n<ul>\n<li style=\"list-style-type: none;\">\n<ul>\n<li style=\"font-weight: 400;\"><span style=\"font-weight: 400;\">The difference between volume and mega volume.<\/span><\/li>\n<\/ul>\n<\/li>\n<\/ul>\n<ul>\n<li style=\"list-style-type: none;\">\n<ul>\n<li style=\"font-weight: 400;\"><span style=\"font-weight: 400;\">Eye analysis.<\/span><\/li>\n<\/ul>\n<\/li>\n<\/ul>\n<ul>\n<li style=\"list-style-type: none;\">\n<ul>\n<li style=\"font-weight: 400;\"><span style=\"font-weight: 400;\">Sapphire lash adhesive.<\/span><\/li>\n<\/ul>\n<\/li>\n<\/ul>\n<ul>\n<li style=\"list-style-type: none;\">\n<ul>\n<li style=\"font-weight: 400;\"><span style=\"font-weight: 400;\">Effects: KIM K, eyeliner, eyeshadow, lower lashes, wet, foxy, hybrid, lightning bolt, and fishtail. Room temperature and humidity.<\/span><\/li>\n<\/ul>\n<\/li>\n<\/ul>\n<ul>\n<li style=\"list-style-type: none;\">\n<ul>\n<li style=\"font-weight: 400;\"><span style=\"font-weight: 400;\">Advanced L and M curls.<\/span><\/li>\n<\/ul>\n<\/li>\n<\/ul>\n<ul>\n<li style=\"list-style-type: none;\">\n<ul>\n<li style=\"font-weight: 400;\"><span style=\"font-weight: 400;\">Step-by-step 6D treatment.<\/span><\/li>\n<\/ul>\n<\/li>\n<\/ul>\n<ul>\n<li style=\"list-style-type: none;\">\n<ul>\n<li style=\"font-weight: 400;\"><span style=\"font-weight: 400;\">Advanced technique.<\/span><\/li>\n<\/ul>\n<\/li>\n<\/ul>\n<ul>\n<li style=\"list-style-type: none;\">\n<ul>\n<li style=\"font-weight: 400;\"><span style=\"font-weight: 400;\">Photography and editing.<\/span><\/li>\n<\/ul>\n<\/li>\n<\/ul>\n<p>&nbsp;<\/p>\n<p><b>Advanced Russian Philashes Kit<\/b><\/p>\n<p><span style=\"font-weight: 400;\">2 x volume tweezer (1&amp;2)<br \/>\n<\/span><span style=\"font-weight: 400;\">1 x isolation tweezer<br \/>\n<\/span><span style=\"font-weight: 400;\">1 x adhesive sticker<br \/>\n<\/span><span style=\"font-weight: 400;\">1 x philashes foam 50ml<br \/>\n<\/span><span style=\"font-weight: 400;\">1 x Philashes premium faux mink mix C-0.10<br \/>\n<\/span><span style=\"font-weight: 400;\">1 x Philashes premium faux mink mix CC-0.7<br \/>\n<\/span><span style=\"font-weight: 400;\">1 x Philashes premium faux mink mix D-0.05<br \/>\n<\/span><span style=\"font-weight: 400;\">1 x beyond lash adhesive<br \/>\n<\/span><span style=\"font-weight: 400;\">1 x Crystal Stone<br \/>\n<\/span><span style=\"font-weight: 400;\">1 x Cream remover<br \/>\n<\/span><span style=\"font-weight: 400;\">1 x Philashes tape<br \/>\n<\/span><span style=\"font-weight: 400;\">5 x Gel free pads<br \/>\n<\/span><span style=\"font-weight: 400;\">5 x Hydrogel pads la20<br \/>\n<\/span><span style=\"font-weight: 400;\">1 x m\u00e1scara brush 80 pcs<br \/>\n<\/span><span style=\"font-weight: 400;\">1 x cleansing brush 3pcs<br \/>\n<\/span><span style=\"font-weight: 400;\">1 x lash palette<br \/>\n<\/span><span style=\"font-weight: 400;\">1 x micro applicator 100pcs<br \/>\n<\/span><span style=\"font-weight: 400;\">1 x flocked lint free applicator 100pcs<\/span><\/p>\n<p><a href=\"https:\/\/academiaphilashes.com\/wp-content\/uploads\/2024\/10\/06-kit_Russian-Combo.webp\"><img loading=\"lazy\" decoding=\"async\" class=\"alignnone wp-image-12182\" src=\"https:\/\/academiaphilashes.com\/wp-content\/uploads\/2024\/10\/06-kit_Russian-Combo-300x300.webp\" alt=\"\" width=\"600\" height=\"600\" srcset=\"https:\/\/academiaphilashes.com\/wp-content\/uploads\/2024\/10\/06-kit_Russian-Combo-300x300.webp 300w, https:\/\/academiaphilashes.com\/wp-content\/uploads\/2024\/10\/06-kit_Russian-Combo-1024x1024.webp 1024w, https:\/\/academiaphilashes.com\/wp-content\/uploads\/2024\/10\/06-kit_Russian-Combo-150x150.webp 150w, https:\/\/academiaphilashes.com\/wp-content\/uploads\/2024\/10\/06-kit_Russian-Combo-768x768.webp 768w, https:\/\/academiaphilashes.com\/wp-content\/uploads\/2024\/10\/06-kit_Russian-Combo-12x12.webp 12w, https:\/\/academiaphilashes.com\/wp-content\/uploads\/2024\/10\/06-kit_Russian-Combo-75x75.webp 75w, https:\/\/academiaphilashes.com\/wp-content\/uploads\/2024\/10\/06-kit_Russian-Combo-600x600.webp 600w, https:\/\/academiaphilashes.com\/wp-content\/uploads\/2024\/10\/06-kit_Russian-Combo-100x100.webp 100w, https:\/\/academiaphilashes.com\/wp-content\/uploads\/2024\/10\/06-kit_Russian-Combo.webp 1080w\" sizes=\"auto, (max-width: 600px) 100vw, 600px\" \/><\/a><\/p>\n<p><b>At the end of your training<\/b><\/p>\n<p><span style=\"font-weight: 400;\">Upon completion of your training, the academy will award you an international certificate and a personalized logo certifying you as a Phiacademy Artist. You will appear on the world map and receive a physical certificate via DHL.<\/span><\/p>","protected":false},"excerpt":{"rendered":"<p>This training aims to perfect the Russian volume technique, teaching the student different advanced techniques to create Russian volume from 6 D to more than 10 D, as well as lower lashes, trendy effects such as WET, eyeshadow effect, eyeliner and more.<\/p>","protected":false},"featured_media":11907,"template":"","meta":[],"product_brand":[],"product_cat":[22],"product_tag":[],"class_list":{"0":"post-1462","1":"product","2":"type-product","3":"status-publish","4":"has-post-thumbnail","6":"product_cat-cursos-online","7":"product_shipping_class-online-courses","9":"first","10":"instock","11":"taxable","12":"shipping-taxable","13":"purchasable","14":"product-type-variable"},"yoast_head":"<!-- This site is optimized with the Yoast SEO Premium plugin v27.2 (Yoast SEO v27.2) - https:\/\/yoast.com\/product\/yoast-seo-premium-wordpress\/ -->\n<title>Curso: PhiLashes | Combo Volumen Ruso | Online - Academia Philashes | By Karina Gonz\u00e1lez<\/title>\n<meta name=\"robots\" content=\"index, follow, max-snippet:-1, max-image-preview:large, max-video-preview:-1\" \/>\n<link rel=\"canonical\" href=\"https:\/\/academiaphilashes.com\/en\/product\/curso-philashes-combo-volumen-ruso-online\/\" \/>\n<meta property=\"og:locale\" content=\"en_US\" \/>\n<meta property=\"og:type\" content=\"article\" \/>\n<meta property=\"og:title\" content=\"Curso: PhiLashes | Combo Volumen Ruso | Online\" \/>\n<meta property=\"og:description\" content=\"Este entrenamiento tiene la finalidad de perfeccionar la t\u00e9cnica volumen ruso, ense\u00f1ando al estudiante diferentes t\u00e9cnicas avanzadas para hacer volumen ruso de 6 a mas de 10 D, as\u00ed como pesta\u00f1as inferiores, efectos en tendencia como WET, efecto eyeshadow, eyeliner y mas.\" \/>\n<meta property=\"og:url\" content=\"https:\/\/academiaphilashes.com\/en\/product\/curso-philashes-combo-volumen-ruso-online\/\" \/>\n<meta property=\"og:site_name\" content=\"Academia Philashes | By Karina Gonz\u00e1lez\" \/>\n<meta property=\"article:modified_time\" content=\"2026-03-20T19:23:50+00:00\" \/>\n<meta property=\"og:image\" content=\"https:\/\/academiaphilashes.com\/wp-content\/uploads\/2023\/12\/07-thumb-poster_Online-RussianCombo.webp\" \/>\n\t<meta property=\"og:image:width\" content=\"1080\" \/>\n\t<meta property=\"og:image:height\" content=\"1080\" \/>\n\t<meta property=\"og:image:type\" content=\"image\/webp\" \/>\n<meta name=\"twitter:card\" content=\"summary_large_image\" \/>\n<meta name=\"twitter:label1\" content=\"Est. reading time\" \/>\n\t<meta name=\"twitter:data1\" content=\"3 minutes\" \/>\n<script type=\"application\/ld+json\" class=\"yoast-schema-graph\">{\"@context\":\"https:\/\/schema.org\",\"@graph\":[{\"@type\":\"WebPage\",\"@id\":\"https:\/\/academiaphilashes.com\/en\/product\/curso-philashes-combo-volumen-ruso-online\/\",\"url\":\"https:\/\/academiaphilashes.com\/en\/product\/curso-philashes-combo-volumen-ruso-online\/\",\"name\":\"Curso: PhiLashes | Combo Volumen Ruso | Online - Academia Philashes | By Karina Gonz\u00e1lez\",\"isPartOf\":{\"@id\":\"https:\/\/academiaphilashes.com\/en\/#website\"},\"primaryImageOfPage\":{\"@id\":\"https:\/\/academiaphilashes.com\/en\/product\/curso-philashes-combo-volumen-ruso-online\/#primaryimage\"},\"image\":{\"@id\":\"https:\/\/academiaphilashes.com\/en\/product\/curso-philashes-combo-volumen-ruso-online\/#primaryimage\"},\"thumbnailUrl\":\"https:\/\/academiaphilashes.com\/wp-content\/uploads\/2023\/12\/07-thumb-poster_Online-RussianCombo.webp\",\"datePublished\":\"2023-12-30T02:00:53+00:00\",\"dateModified\":\"2026-03-20T19:23:50+00:00\",\"breadcrumb\":{\"@id\":\"https:\/\/academiaphilashes.com\/en\/product\/curso-philashes-combo-volumen-ruso-online\/#breadcrumb\"},\"inLanguage\":\"en-US\",\"potentialAction\":[{\"@type\":\"ReadAction\",\"target\":[\"https:\/\/academiaphilashes.com\/en\/product\/curso-philashes-combo-volumen-ruso-online\/\"]}]},{\"@type\":\"ImageObject\",\"inLanguage\":\"en-US\",\"@id\":\"https:\/\/academiaphilashes.com\/en\/product\/curso-philashes-combo-volumen-ruso-online\/#primaryimage\",\"url\":\"https:\/\/academiaphilashes.com\/wp-content\/uploads\/2023\/12\/07-thumb-poster_Online-RussianCombo.webp\",\"contentUrl\":\"https:\/\/academiaphilashes.com\/wp-content\/uploads\/2023\/12\/07-thumb-poster_Online-RussianCombo.webp\",\"width\":1080,\"height\":1080},{\"@type\":\"BreadcrumbList\",\"@id\":\"https:\/\/academiaphilashes.com\/en\/product\/curso-philashes-combo-volumen-ruso-online\/#breadcrumb\",\"itemListElement\":[{\"@type\":\"ListItem\",\"position\":1,\"name\":\"Home\",\"item\":\"https:\/\/academiaphilashes.com\/\"},{\"@type\":\"ListItem\",\"position\":2,\"name\":\"Shop\",\"item\":\"https:\/\/academiaphilashes.com\/shop\/\"},{\"@type\":\"ListItem\",\"position\":3,\"name\":\"Curso: PhiLashes | Combo Volumen Ruso | Online\"}]},{\"@type\":\"WebSite\",\"@id\":\"https:\/\/academiaphilashes.com\/en\/#website\",\"url\":\"https:\/\/academiaphilashes.com\/en\/\",\"name\":\"Academia Philashes | By Karina Gonz\u00e1lez\",\"description\":\"Academia internacional de pesta\u00f1as con el mejor m\u00e9todo de ense\u00f1anza a nivel mundial.\",\"potentialAction\":[{\"@type\":\"SearchAction\",\"target\":{\"@type\":\"EntryPoint\",\"urlTemplate\":\"https:\/\/academiaphilashes.com\/en\/?s={search_term_string}\"},\"query-input\":{\"@type\":\"PropertyValueSpecification\",\"valueRequired\":true,\"valueName\":\"search_term_string\"}}],\"inLanguage\":\"en-US\"}]}<\/script>\n<!-- \/ Yoast SEO Premium plugin. -->","yoast_head_json":{"title":"Curso: PhiLashes | Combo Volumen Ruso | Online - Academia Philashes | By Karina Gonz\u00e1lez","robots":{"index":"index","follow":"follow","max-snippet":"max-snippet:-1","max-image-preview":"max-image-preview:large","max-video-preview":"max-video-preview:-1"},"canonical":"https:\/\/academiaphilashes.com\/en\/product\/curso-philashes-combo-volumen-ruso-online\/","og_locale":"en_US","og_type":"article","og_title":"Curso: PhiLashes | Combo Volumen Ruso | Online","og_description":"Este entrenamiento tiene la finalidad de perfeccionar la t\u00e9cnica volumen ruso, ense\u00f1ando al estudiante diferentes t\u00e9cnicas avanzadas para hacer volumen ruso de 6 a mas de 10 D, as\u00ed como pesta\u00f1as inferiores, efectos en tendencia como WET, efecto eyeshadow, eyeliner y mas.","og_url":"https:\/\/academiaphilashes.com\/en\/product\/curso-philashes-combo-volumen-ruso-online\/","og_site_name":"Academia Philashes | By Karina Gonz\u00e1lez","article_modified_time":"2026-03-20T19:23:50+00:00","og_image":[{"width":1080,"height":1080,"url":"https:\/\/academiaphilashes.com\/wp-content\/uploads\/2023\/12\/07-thumb-poster_Online-RussianCombo.webp","type":"image\/webp"}],"twitter_card":"summary_large_image","twitter_misc":{"Est. reading time":"3 minutes"},"schema":{"@context":"https:\/\/schema.org","@graph":[{"@type":"WebPage","@id":"https:\/\/academiaphilashes.com\/en\/product\/curso-philashes-combo-volumen-ruso-online\/","url":"https:\/\/academiaphilashes.com\/en\/product\/curso-philashes-combo-volumen-ruso-online\/","name":"Curso: PhiLashes | Combo Volumen Ruso | Online - Academia Philashes | By Karina Gonz\u00e1lez","isPartOf":{"@id":"https:\/\/academiaphilashes.com\/en\/#website"},"primaryImageOfPage":{"@id":"https:\/\/academiaphilashes.com\/en\/product\/curso-philashes-combo-volumen-ruso-online\/#primaryimage"},"image":{"@id":"https:\/\/academiaphilashes.com\/en\/product\/curso-philashes-combo-volumen-ruso-online\/#primaryimage"},"thumbnailUrl":"https:\/\/academiaphilashes.com\/wp-content\/uploads\/2023\/12\/07-thumb-poster_Online-RussianCombo.webp","datePublished":"2023-12-30T02:00:53+00:00","dateModified":"2026-03-20T19:23:50+00:00","breadcrumb":{"@id":"https:\/\/academiaphilashes.com\/en\/product\/curso-philashes-combo-volumen-ruso-online\/#breadcrumb"},"inLanguage":"en-US","potentialAction":[{"@type":"ReadAction","target":["https:\/\/academiaphilashes.com\/en\/product\/curso-philashes-combo-volumen-ruso-online\/"]}]},{"@type":"ImageObject","inLanguage":"en-US","@id":"https:\/\/academiaphilashes.com\/en\/product\/curso-philashes-combo-volumen-ruso-online\/#primaryimage","url":"https:\/\/academiaphilashes.com\/wp-content\/uploads\/2023\/12\/07-thumb-poster_Online-RussianCombo.webp","contentUrl":"https:\/\/academiaphilashes.com\/wp-content\/uploads\/2023\/12\/07-thumb-poster_Online-RussianCombo.webp","width":1080,"height":1080},{"@type":"BreadcrumbList","@id":"https:\/\/academiaphilashes.com\/en\/product\/curso-philashes-combo-volumen-ruso-online\/#breadcrumb","itemListElement":[{"@type":"ListItem","position":1,"name":"Home","item":"https:\/\/academiaphilashes.com\/"},{"@type":"ListItem","position":2,"name":"Shop","item":"https:\/\/academiaphilashes.com\/shop\/"},{"@type":"ListItem","position":3,"name":"Curso: PhiLashes | Combo Volumen Ruso | Online"}]},{"@type":"WebSite","@id":"https:\/\/academiaphilashes.com\/en\/#website","url":"https:\/\/academiaphilashes.com\/en\/","name":"Academia Philashes | By Karina Gonz\u00e1lez","description":"Academia internacional de pesta\u00f1as con el mejor m\u00e9todo de ense\u00f1anza a nivel mundial.","potentialAction":[{"@type":"SearchAction","target":{"@type":"EntryPoint","urlTemplate":"https:\/\/academiaphilashes.com\/en\/?s={search_term_string}"},"query-input":{"@type":"PropertyValueSpecification","valueRequired":true,"valueName":"search_term_string"}}],"inLanguage":"en-US"}]}},"jetpack_sharing_enabled":true,"_links":{"self":[{"href":"https:\/\/academiaphilashes.com\/en\/wp-json\/wp\/v2\/product\/1462","targetHints":{"allow":["GET"]}}],"collection":[{"href":"https:\/\/academiaphilashes.com\/en\/wp-json\/wp\/v2\/product"}],"about":[{"href":"https:\/\/academiaphilashes.com\/en\/wp-json\/wp\/v2\/types\/product"}],"version-history":[{"count":0,"href":"https:\/\/academiaphilashes.com\/en\/wp-json\/wp\/v2\/product\/1462\/revisions"}],"wp:featuredmedia":[{"embeddable":true,"href":"https:\/\/academiaphilashes.com\/en\/wp-json\/wp\/v2\/media\/11907"}],"wp:attachment":[{"href":"https:\/\/academiaphilashes.com\/en\/wp-json\/wp\/v2\/media?parent=1462"}],"wp:term":[{"taxonomy":"product_brand","embeddable":true,"href":"https:\/\/academiaphilashes.com\/en\/wp-json\/wp\/v2\/product_brand?post=1462"},{"taxonomy":"product_cat","embeddable":true,"href":"https:\/\/academiaphilashes.com\/en\/wp-json\/wp\/v2\/product_cat?post=1462"},{"taxonomy":"product_tag","embeddable":true,"href":"https:\/\/academiaphilashes.com\/en\/wp-json\/wp\/v2\/product_tag?post=1462"}],"curies":[{"name":"wp","href":"https:\/\/api.w.org\/{rel}","templated":true}]}}