{"id":1464,"date":"2023-12-29T22:05:44","date_gmt":"2023-12-30T02:05:44","guid":{"rendered":"https:\/\/academiaphilashes.com\/?post_type=product&#038;p=1464"},"modified":"2026-03-20T14:46:26","modified_gmt":"2026-03-20T18:46:26","slug":"online-curso-lashes-brows-lifting","status":"publish","type":"product","link":"https:\/\/academiaphilashes.com\/en\/product\/curso-lifting-lashes-brows-online\/","title":{"rendered":"Course: Lifting | Lashes\/Brows | Online"},"content":{"rendered":"<p><b>About Lashes &amp; Brows Lifting Training<\/b><\/p>\n<p><span style=\"font-weight: 400;\">The Lifting and Brow Lifting training is a special course endorsed by Phiacademy that includes two of the most in-demand techniques in the beauty industry in a single training program, allowing students to learn about high-tech products and cutting-edge education on safe chemical processes to lift, curl, and nourish eyebrows and eyelashes.<\/span><\/p>\n<p><span style=\"font-weight: 400;\">El curso de Lashes Lifting y Brows Lifting no requiere experiencia previa en el sector de la belleza y tambi\u00e9n es ideal para aquellos artistas que desean reforzar y actualizarse en este tipo de tratamientos para lograr la acreditaci\u00f3n internacional avalada por Phiacademy.<\/span><\/p>\n<p><b>Benefits of taking the online course<\/b><\/p>\n<p><span style=\"font-weight: 400;\">If you cannot attend the face-to-face courses, we have the online option for you.<\/span><\/p>\n<p><span style=\"font-weight: 400;\">Both the Online and In-Person Courses have the only difference being the live class, the rest have the same benefits:<\/span><\/p>\n<p>&nbsp;<\/p>\n<ul>\n<li style=\"list-style-type: none;\">\n<ul>\n<li style=\"font-weight: 400;\"><span style=\"font-weight: 400;\">KIT + Certification.<\/span><\/li>\n<\/ul>\n<\/li>\n<\/ul>\n<ul>\n<li style=\"list-style-type: none;\">\n<ul>\n<li style=\"font-weight: 400;\"><span style=\"font-weight: 400;\">Access to the CRAFTMASTER App.<\/span><\/li>\n<\/ul>\n<\/li>\n<\/ul>\n<ul>\n<li style=\"list-style-type: none;\">\n<ul>\n<li style=\"font-weight: 400;\"><span style=\"font-weight: 400;\">PhiAcademy advice and certification once all levels of study have been successfully passed.<\/span><\/li>\n<\/ul>\n<\/li>\n<\/ul>\n<p>&nbsp;<\/p>\n<p><span style=\"font-weight: 400;\">Savings on travel and lodging expenses, flexibility, accessibility and greater control over study time are some advantages of receiving online training, thus offering you a great alternative to learn this wonderful technique.<\/span><\/p>\n<p><b>Table of Content<\/b><\/p>\n<p>&nbsp;<\/p>\n<ul>\n<li style=\"list-style-type: none;\">\n<ul>\n<li style=\"font-weight: 400;\"><span style=\"font-weight: 400;\">Eyelash Anatomy and<\/span><\/li>\n<\/ul>\n<\/li>\n<\/ul>\n<ul>\n<li style=\"list-style-type: none;\">\n<ul>\n<li style=\"font-weight: 400;\"><span style=\"font-weight: 400;\">Who is the treatment for?<\/span><\/li>\n<\/ul>\n<\/li>\n<\/ul>\n<ul>\n<li style=\"list-style-type: none;\">\n<ul>\n<li style=\"font-weight: 400;\"><span style=\"font-weight: 400;\">Contraindications<\/span><\/li>\n<\/ul>\n<\/li>\n<\/ul>\n<ul>\n<li style=\"list-style-type: none;\">\n<ul>\n<li style=\"font-weight: 400;\"><span style=\"font-weight: 400;\">Eye types, eyelashes, and eyelids<\/span><\/li>\n<\/ul>\n<\/li>\n<\/ul>\n<ul>\n<li style=\"list-style-type: none;\">\n<ul>\n<li style=\"font-weight: 400;\"><span style=\"font-weight: 400;\">Aftercare procedure<\/span><\/li>\n<\/ul>\n<\/li>\n<\/ul>\n<ul>\n<li style=\"list-style-type: none;\">\n<ul>\n<li style=\"font-weight: 400;\"><span style=\"font-weight: 400;\">How to choose the right mold based on the anatomy of your natural eyelashes, your eye type, and the desired projection<\/span><\/li>\n<\/ul>\n<\/li>\n<\/ul>\n<ul>\n<li style=\"list-style-type: none;\">\n<ul>\n<li style=\"font-weight: 400;\"><span style=\"font-weight: 400;\">Standards and Hygiene<\/span><\/li>\n<\/ul>\n<\/li>\n<\/ul>\n<ul>\n<li style=\"list-style-type: none;\">\n<ul>\n<li style=\"font-weight: 400;\"><span style=\"font-weight: 400;\">Solutions and their application<\/span><\/li>\n<\/ul>\n<\/li>\n<\/ul>\n<ul>\n<li style=\"list-style-type: none;\">\n<ul>\n<li style=\"font-weight: 400;\"><span style=\"font-weight: 400;\">Proper fitting<\/span><\/li>\n<\/ul>\n<\/li>\n<\/ul>\n<ul>\n<li style=\"list-style-type: none;\">\n<ul>\n<li style=\"font-weight: 400;\"><span style=\"font-weight: 400;\">Lash rotation and alignment<\/span><\/li>\n<\/ul>\n<\/li>\n<\/ul>\n<ul>\n<li style=\"list-style-type: none;\">\n<ul>\n<li style=\"font-weight: 400;\"><span style=\"font-weight: 400;\">Proper client preparation<\/span><\/li>\n<\/ul>\n<\/li>\n<\/ul>\n<ul>\n<li style=\"list-style-type: none;\">\n<ul>\n<li style=\"font-weight: 400;\"><span style=\"font-weight: 400;\">Eyelash tinting<\/span><\/li>\n<\/ul>\n<\/li>\n<\/ul>\n<ul>\n<li style=\"list-style-type: none;\">\n<ul>\n<li style=\"font-weight: 400;\"><span style=\"font-weight: 400;\">Aftercare<\/span><\/li>\n<\/ul>\n<\/li>\n<\/ul>\n<ul>\n<li style=\"list-style-type: none;\">\n<ul>\n<li style=\"font-weight: 400;\"><span style=\"font-weight: 400;\">Tips and advice for students<\/span><\/li>\n<\/ul>\n<\/li>\n<\/ul>\n<ul>\n<li style=\"list-style-type: none;\">\n<ul>\n<li style=\"font-weight: 400;\"><span style=\"font-weight: 400;\">Photography and editing with your phone for social media<\/span><\/li>\n<\/ul>\n<\/li>\n<\/ul>\n<ul>\n<li style=\"list-style-type: none;\">\n<ul>\n<li style=\"font-weight: 400;\"><span style=\"font-weight: 400;\">How to use the CraftMaster app and pass the 7 levels for certification.<\/span><\/li>\n<\/ul>\n<\/li>\n<\/ul>\n<p><b>Advanced Russian Philashes Kit<\/b><\/p>\n<p><span style=\"font-weight: 400;\">Crema Reafirmante 1,5 ml 10\/1 (1 unidad)<br \/>\n<\/span><span style=\"font-weight: 400;\">S\u00e9rum hidratante 1,5 ml 10\/1 (1 unidad)<br \/>\n<\/span><span style=\"font-weight: 400;\">Loci\u00f3n neutralizante 1,5 ml 10\/1 (1 unidad)<br \/>\n<\/span><span style=\"font-weight: 400;\">1 bonder de levantamiento de pesta\u00f1as (1 pieza)<br \/>\n<\/span><span style=\"font-weight: 400;\">1 herramienta para levantar pesta\u00f1as (1 pieza)<br \/>\n<\/span><span style=\"font-weight: 400;\">Escudo de silicona peque\u00f1o 10\/1 (1 pieza)<br \/>\n<\/span><span style=\"font-weight: 400;\">Escudo de silicona medio 10\/1 (1 pieza)<br \/>\n<\/span><span style=\"font-weight: 400;\">Escudo de silicona medio 10\/1 (1 pieza)<br \/>\n<\/span><span style=\"font-weight: 400;\">Escudo de silicona grande 10\/1 (1 pieza)<br \/>\n<\/span><span style=\"font-weight: 400;\">Escudo de silicona superpeque\u00f1o 10\/1 (1 pieza)<br \/>\n<\/span><span style=\"font-weight: 400;\">Escudo de silicona extragrande 10\/1 (1 pieza)<br \/>\n<\/span><span style=\"font-weight: 400;\">Parches para los ojos (10 piezas)<br \/>\n<\/span><span style=\"font-weight: 400;\">Limpiador espumoso para pesta\u00f1as (1 pieza)<br \/>\n<\/span><span style=\"font-weight: 400;\">Plato Dappen (1 pieza)<br \/>\n<\/span><span style=\"font-weight: 400;\">Varitas de r\u00edmel (1 pieza)<br \/>\n<\/span><span style=\"font-weight: 400;\">Microcepillo (1 pieza)<br \/>\n<\/span><span style=\"font-weight: 400;\">Cinta Philashes (1 pieza)<br \/>\n<\/span><span style=\"font-weight: 400;\">Anillos de pegamento (1 pieza)<\/span><\/p>\n<p><a href=\"https:\/\/academiaphilashes.com\/wp-content\/uploads\/2024\/10\/02-kit_Lifting.webp\"><img loading=\"lazy\" decoding=\"async\" class=\"alignnone wp-image-12178\" src=\"https:\/\/academiaphilashes.com\/wp-content\/uploads\/2024\/10\/02-kit_Lifting-300x300.webp\" alt=\"\" width=\"600\" height=\"600\" srcset=\"https:\/\/academiaphilashes.com\/wp-content\/uploads\/2024\/10\/02-kit_Lifting-300x300.webp 300w, https:\/\/academiaphilashes.com\/wp-content\/uploads\/2024\/10\/02-kit_Lifting-1024x1024.webp 1024w, https:\/\/academiaphilashes.com\/wp-content\/uploads\/2024\/10\/02-kit_Lifting-150x150.webp 150w, https:\/\/academiaphilashes.com\/wp-content\/uploads\/2024\/10\/02-kit_Lifting-768x768.webp 768w, https:\/\/academiaphilashes.com\/wp-content\/uploads\/2024\/10\/02-kit_Lifting-12x12.webp 12w, https:\/\/academiaphilashes.com\/wp-content\/uploads\/2024\/10\/02-kit_Lifting-75x75.webp 75w, https:\/\/academiaphilashes.com\/wp-content\/uploads\/2024\/10\/02-kit_Lifting-600x600.webp 600w, https:\/\/academiaphilashes.com\/wp-content\/uploads\/2024\/10\/02-kit_Lifting-100x100.webp 100w, https:\/\/academiaphilashes.com\/wp-content\/uploads\/2024\/10\/02-kit_Lifting.webp 1080w\" sizes=\"auto, (max-width: 600px) 100vw, 600px\" \/><\/a><\/p>\n<p><b>At the end of your training<\/b><\/p>\n<p><span style=\"font-weight: 400;\">Upon completion of your training, the academy will award you an international certificate and a personalized logo certifying you as a Phiacademy Artist. You will appear on the world map and receive a physical certificate via DHL.<\/span><\/p>","protected":false},"excerpt":{"rendered":"<p><b>Lashes Lifting:<\/b><span style=\"font-weight: 400;\"> It's a treatment that lengthens eyelashes using the highest quality, painless chemicals, with very natural effects, stretching and nourishing your eyebrows and eyelashes for approximately six weeks.<\/span><\/p>\n<p><b>Brows Lifting:<\/b><span style=\"font-weight: 400;\"> It allows eyebrow hair to be lifted and redirected, creating an effect of increased density and organized hair, just as with eyelash lifting, it nourishes and beautifies in a significantly shorter time.<\/span><\/p>","protected":false},"featured_media":12469,"template":"","meta":[],"product_brand":[],"product_cat":[22],"product_tag":[],"class_list":{"0":"post-1464","1":"product","2":"type-product","3":"status-publish","4":"has-post-thumbnail","6":"product_cat-cursos-online","7":"product_shipping_class-online-courses","9":"first","10":"instock","11":"taxable","12":"shipping-taxable","13":"purchasable","14":"product-type-variable"},"yoast_head":"<!-- This site is optimized with the Yoast SEO Premium plugin v27.2 (Yoast SEO v27.2) - https:\/\/yoast.com\/product\/yoast-seo-premium-wordpress\/ -->\n<title>Curso: Lifting | Lashes\/Brows | Online - Academia Philashes | By Karina Gonz\u00e1lez<\/title>\n<meta name=\"robots\" content=\"index, follow, max-snippet:-1, max-image-preview:large, max-video-preview:-1\" \/>\n<link rel=\"canonical\" href=\"https:\/\/academiaphilashes.com\/en\/product\/curso-lifting-lashes-brows-online\/\" \/>\n<meta property=\"og:locale\" content=\"en_US\" \/>\n<meta property=\"og:type\" content=\"article\" \/>\n<meta property=\"og:title\" content=\"Curso: Lifting | Lashes\/Brows | Online\" \/>\n<meta property=\"og:description\" content=\"Lashes Lifting: Es un tratamiento que alarga las pesta\u00f1as a trav\u00e9s del productos qu\u00edmicos de la m\u00e1s alta calidad, indoloro, cuyos efectos son muy naturales, estirando y a su vez nutriendo tus cejas y pesta\u00f1as con una duraci\u00f3n aproximadamente de seis semanas.  Brows Lifting: Permite elevar y redireccionar el pelo de la ceja creando un efecto de aumento de la densidad y vello ordenado, al igual que con el lifting de pesta\u00f1as nutre y embellece en un tiempo significativamente r\u00e1pido.\" \/>\n<meta property=\"og:url\" content=\"https:\/\/academiaphilashes.com\/en\/product\/curso-lifting-lashes-brows-online\/\" \/>\n<meta property=\"og:site_name\" content=\"Academia Philashes | By Karina Gonz\u00e1lez\" \/>\n<meta property=\"article:modified_time\" content=\"2026-03-20T18:46:26+00:00\" \/>\n<meta property=\"og:image\" content=\"https:\/\/academiaphilashes.com\/wp-content\/uploads\/2023\/12\/05-thumb-poster_Online-Lifting_v02.webp\" \/>\n\t<meta property=\"og:image:width\" content=\"1080\" \/>\n\t<meta property=\"og:image:height\" content=\"1080\" \/>\n\t<meta property=\"og:image:type\" content=\"image\/webp\" \/>\n<meta name=\"twitter:card\" content=\"summary_large_image\" \/>\n<meta name=\"twitter:label1\" content=\"Est. reading time\" \/>\n\t<meta name=\"twitter:data1\" content=\"3 minutes\" \/>\n<script type=\"application\/ld+json\" class=\"yoast-schema-graph\">{\"@context\":\"https:\/\/schema.org\",\"@graph\":[{\"@type\":\"WebPage\",\"@id\":\"https:\/\/academiaphilashes.com\/en\/product\/curso-lifting-lashes-brows-online\/\",\"url\":\"https:\/\/academiaphilashes.com\/en\/product\/curso-lifting-lashes-brows-online\/\",\"name\":\"Curso: Lifting | Lashes\/Brows | Online - Academia Philashes | By Karina Gonz\u00e1lez\",\"isPartOf\":{\"@id\":\"https:\/\/academiaphilashes.com\/en\/#website\"},\"primaryImageOfPage\":{\"@id\":\"https:\/\/academiaphilashes.com\/en\/product\/curso-lifting-lashes-brows-online\/#primaryimage\"},\"image\":{\"@id\":\"https:\/\/academiaphilashes.com\/en\/product\/curso-lifting-lashes-brows-online\/#primaryimage\"},\"thumbnailUrl\":\"https:\/\/academiaphilashes.com\/wp-content\/uploads\/2023\/12\/05-thumb-poster_Online-Lifting_v02.webp\",\"datePublished\":\"2023-12-30T02:05:44+00:00\",\"dateModified\":\"2026-03-20T18:46:26+00:00\",\"breadcrumb\":{\"@id\":\"https:\/\/academiaphilashes.com\/en\/product\/curso-lifting-lashes-brows-online\/#breadcrumb\"},\"inLanguage\":\"en-US\",\"potentialAction\":[{\"@type\":\"ReadAction\",\"target\":[\"https:\/\/academiaphilashes.com\/en\/product\/curso-lifting-lashes-brows-online\/\"]}]},{\"@type\":\"ImageObject\",\"inLanguage\":\"en-US\",\"@id\":\"https:\/\/academiaphilashes.com\/en\/product\/curso-lifting-lashes-brows-online\/#primaryimage\",\"url\":\"https:\/\/academiaphilashes.com\/wp-content\/uploads\/2023\/12\/05-thumb-poster_Online-Lifting_v02.webp\",\"contentUrl\":\"https:\/\/academiaphilashes.com\/wp-content\/uploads\/2023\/12\/05-thumb-poster_Online-Lifting_v02.webp\",\"width\":1080,\"height\":1080},{\"@type\":\"BreadcrumbList\",\"@id\":\"https:\/\/academiaphilashes.com\/en\/product\/curso-lifting-lashes-brows-online\/#breadcrumb\",\"itemListElement\":[{\"@type\":\"ListItem\",\"position\":1,\"name\":\"Home\",\"item\":\"https:\/\/academiaphilashes.com\/\"},{\"@type\":\"ListItem\",\"position\":2,\"name\":\"Shop\",\"item\":\"https:\/\/academiaphilashes.com\/shop\/\"},{\"@type\":\"ListItem\",\"position\":3,\"name\":\"Curso: Lifting | Lashes\/Brows | Online\"}]},{\"@type\":\"WebSite\",\"@id\":\"https:\/\/academiaphilashes.com\/en\/#website\",\"url\":\"https:\/\/academiaphilashes.com\/en\/\",\"name\":\"Academia Philashes | By Karina Gonz\u00e1lez\",\"description\":\"Academia internacional de pesta\u00f1as con el mejor m\u00e9todo de ense\u00f1anza a nivel mundial.\",\"potentialAction\":[{\"@type\":\"SearchAction\",\"target\":{\"@type\":\"EntryPoint\",\"urlTemplate\":\"https:\/\/academiaphilashes.com\/en\/?s={search_term_string}\"},\"query-input\":{\"@type\":\"PropertyValueSpecification\",\"valueRequired\":true,\"valueName\":\"search_term_string\"}}],\"inLanguage\":\"en-US\"}]}<\/script>\n<!-- \/ Yoast SEO Premium plugin. -->","yoast_head_json":{"title":"Curso: Lifting | Lashes\/Brows | Online - Academia Philashes | By Karina Gonz\u00e1lez","robots":{"index":"index","follow":"follow","max-snippet":"max-snippet:-1","max-image-preview":"max-image-preview:large","max-video-preview":"max-video-preview:-1"},"canonical":"https:\/\/academiaphilashes.com\/en\/product\/curso-lifting-lashes-brows-online\/","og_locale":"en_US","og_type":"article","og_title":"Curso: Lifting | Lashes\/Brows | Online","og_description":"Lashes Lifting: Es un tratamiento que alarga las pesta\u00f1as a trav\u00e9s del productos qu\u00edmicos de la m\u00e1s alta calidad, indoloro, cuyos efectos son muy naturales, estirando y a su vez nutriendo tus cejas y pesta\u00f1as con una duraci\u00f3n aproximadamente de seis semanas.  Brows Lifting: Permite elevar y redireccionar el pelo de la ceja creando un efecto de aumento de la densidad y vello ordenado, al igual que con el lifting de pesta\u00f1as nutre y embellece en un tiempo significativamente r\u00e1pido.","og_url":"https:\/\/academiaphilashes.com\/en\/product\/curso-lifting-lashes-brows-online\/","og_site_name":"Academia Philashes | By Karina Gonz\u00e1lez","article_modified_time":"2026-03-20T18:46:26+00:00","og_image":[{"width":1080,"height":1080,"url":"https:\/\/academiaphilashes.com\/wp-content\/uploads\/2023\/12\/05-thumb-poster_Online-Lifting_v02.webp","type":"image\/webp"}],"twitter_card":"summary_large_image","twitter_misc":{"Est. reading time":"3 minutes"},"schema":{"@context":"https:\/\/schema.org","@graph":[{"@type":"WebPage","@id":"https:\/\/academiaphilashes.com\/en\/product\/curso-lifting-lashes-brows-online\/","url":"https:\/\/academiaphilashes.com\/en\/product\/curso-lifting-lashes-brows-online\/","name":"Curso: Lifting | Lashes\/Brows | Online - Academia Philashes | By Karina Gonz\u00e1lez","isPartOf":{"@id":"https:\/\/academiaphilashes.com\/en\/#website"},"primaryImageOfPage":{"@id":"https:\/\/academiaphilashes.com\/en\/product\/curso-lifting-lashes-brows-online\/#primaryimage"},"image":{"@id":"https:\/\/academiaphilashes.com\/en\/product\/curso-lifting-lashes-brows-online\/#primaryimage"},"thumbnailUrl":"https:\/\/academiaphilashes.com\/wp-content\/uploads\/2023\/12\/05-thumb-poster_Online-Lifting_v02.webp","datePublished":"2023-12-30T02:05:44+00:00","dateModified":"2026-03-20T18:46:26+00:00","breadcrumb":{"@id":"https:\/\/academiaphilashes.com\/en\/product\/curso-lifting-lashes-brows-online\/#breadcrumb"},"inLanguage":"en-US","potentialAction":[{"@type":"ReadAction","target":["https:\/\/academiaphilashes.com\/en\/product\/curso-lifting-lashes-brows-online\/"]}]},{"@type":"ImageObject","inLanguage":"en-US","@id":"https:\/\/academiaphilashes.com\/en\/product\/curso-lifting-lashes-brows-online\/#primaryimage","url":"https:\/\/academiaphilashes.com\/wp-content\/uploads\/2023\/12\/05-thumb-poster_Online-Lifting_v02.webp","contentUrl":"https:\/\/academiaphilashes.com\/wp-content\/uploads\/2023\/12\/05-thumb-poster_Online-Lifting_v02.webp","width":1080,"height":1080},{"@type":"BreadcrumbList","@id":"https:\/\/academiaphilashes.com\/en\/product\/curso-lifting-lashes-brows-online\/#breadcrumb","itemListElement":[{"@type":"ListItem","position":1,"name":"Home","item":"https:\/\/academiaphilashes.com\/"},{"@type":"ListItem","position":2,"name":"Shop","item":"https:\/\/academiaphilashes.com\/shop\/"},{"@type":"ListItem","position":3,"name":"Curso: Lifting | Lashes\/Brows | Online"}]},{"@type":"WebSite","@id":"https:\/\/academiaphilashes.com\/en\/#website","url":"https:\/\/academiaphilashes.com\/en\/","name":"Academia Philashes | By Karina Gonz\u00e1lez","description":"Academia internacional de pesta\u00f1as con el mejor m\u00e9todo de ense\u00f1anza a nivel mundial.","potentialAction":[{"@type":"SearchAction","target":{"@type":"EntryPoint","urlTemplate":"https:\/\/academiaphilashes.com\/en\/?s={search_term_string}"},"query-input":{"@type":"PropertyValueSpecification","valueRequired":true,"valueName":"search_term_string"}}],"inLanguage":"en-US"}]}},"jetpack_sharing_enabled":true,"_links":{"self":[{"href":"https:\/\/academiaphilashes.com\/en\/wp-json\/wp\/v2\/product\/1464","targetHints":{"allow":["GET"]}}],"collection":[{"href":"https:\/\/academiaphilashes.com\/en\/wp-json\/wp\/v2\/product"}],"about":[{"href":"https:\/\/academiaphilashes.com\/en\/wp-json\/wp\/v2\/types\/product"}],"version-history":[{"count":0,"href":"https:\/\/academiaphilashes.com\/en\/wp-json\/wp\/v2\/product\/1464\/revisions"}],"wp:featuredmedia":[{"embeddable":true,"href":"https:\/\/academiaphilashes.com\/en\/wp-json\/wp\/v2\/media\/12469"}],"wp:attachment":[{"href":"https:\/\/academiaphilashes.com\/en\/wp-json\/wp\/v2\/media?parent=1464"}],"wp:term":[{"taxonomy":"product_brand","embeddable":true,"href":"https:\/\/academiaphilashes.com\/en\/wp-json\/wp\/v2\/product_brand?post=1464"},{"taxonomy":"product_cat","embeddable":true,"href":"https:\/\/academiaphilashes.com\/en\/wp-json\/wp\/v2\/product_cat?post=1464"},{"taxonomy":"product_tag","embeddable":true,"href":"https:\/\/academiaphilashes.com\/en\/wp-json\/wp\/v2\/product_tag?post=1464"}],"curies":[{"name":"wp","href":"https:\/\/api.w.org\/{rel}","templated":true}]}}