{"id":1466,"date":"2023-12-29T22:30:06","date_gmt":"2023-12-30T02:30:06","guid":{"rendered":"https:\/\/academiaphilashes.com\/?post_type=product&#038;p=1466"},"modified":"2026-03-20T15:24:49","modified_gmt":"2026-03-20T19:24:49","slug":"online-curso-powderbrows-cejas","status":"publish","type":"product","link":"https:\/\/academiaphilashes.com\/en\/product\/curso-powderbrows-micropigmentacion-online\/","title":{"rendered":"Course: PowderBrows | Micropigmentation | Online"},"content":{"rendered":"<p><b>About Powder Brows Training<\/b><\/p>\n<p><span style=\"font-weight: 400;\">You don't need to have previous experience or be an artist or know how to draw an eyebrow. This comprehensive course is designed to give you the knowledge, skills and confidence to build a rewarding career in this industry.<\/span><\/p>\n<p><b>Benefits of taking the online course<\/b><\/p>\n<p><span style=\"font-weight: 400;\">If you cannot attend the face-to-face courses, we have the online option for you.<\/span><\/p>\n<p><span style=\"font-weight: 400;\">Both the Online and In-Person Courses have the only difference being the live class, the rest have the same benefits:<\/span><\/p>\n<p>&nbsp;<\/p>\n<ul>\n<li style=\"list-style-type: none;\">\n<ul>\n<li style=\"font-weight: 400;\"><span style=\"font-weight: 400;\">KIT + Certification.<\/span><\/li>\n<\/ul>\n<\/li>\n<\/ul>\n<ul>\n<li style=\"list-style-type: none;\">\n<ul>\n<li style=\"font-weight: 400;\"><span style=\"font-weight: 400;\">Access to the CRAFTMASTER App.<\/span><\/li>\n<\/ul>\n<\/li>\n<\/ul>\n<ul>\n<li style=\"list-style-type: none;\">\n<ul>\n<li style=\"font-weight: 400;\"><span style=\"font-weight: 400;\">PhiAcademy advice and certification once all levels of study have been successfully passed.<\/span><\/li>\n<\/ul>\n<\/li>\n<\/ul>\n<p>&nbsp;<\/p>\n<p><span style=\"font-weight: 400;\">Savings on travel and lodging expenses, flexibility, accessibility and greater control over study time are some advantages of receiving online training, thus offering you a great alternative to learn this wonderful technique.<\/span><\/p>\n<p><b>Table of Content<\/b><\/p>\n<p>&nbsp;<\/p>\n<ul>\n<li style=\"list-style-type: none;\">\n<ul>\n<li style=\"font-weight: 400;\"><span style=\"font-weight: 400;\">All about the golden ratio 1.618 and perfect eyebrow symmetry.<\/span><\/li>\n<\/ul>\n<\/li>\n<\/ul>\n<ul>\n<li style=\"list-style-type: none;\">\n<ul>\n<li style=\"font-weight: 400;\"><span style=\"font-weight: 400;\">Dermatology<\/span><\/li>\n<\/ul>\n<\/li>\n<\/ul>\n<ul>\n<li style=\"list-style-type: none;\">\n<ul>\n<li style=\"font-weight: 400;\"><span style=\"font-weight: 400;\">How to work under the highest hygiene standards.<\/span><\/li>\n<\/ul>\n<\/li>\n<\/ul>\n<ul>\n<li style=\"list-style-type: none;\">\n<ul>\n<li style=\"font-weight: 400;\"><span style=\"font-weight: 400;\">Pigment theory<\/span><\/li>\n<\/ul>\n<\/li>\n<\/ul>\n<ul>\n<li style=\"list-style-type: none;\">\n<ul>\n<li style=\"font-weight: 400;\"><span style=\"font-weight: 400;\">Products and how to use them.<\/span><\/li>\n<\/ul>\n<\/li>\n<\/ul>\n<ul>\n<li style=\"list-style-type: none;\">\n<ul>\n<li style=\"font-weight: 400;\"><span style=\"font-weight: 400;\">How to work with latex: from shaping to shading<\/span><\/li>\n<\/ul>\n<\/li>\n<\/ul>\n<ul>\n<li style=\"list-style-type: none;\">\n<ul>\n<li style=\"font-weight: 400;\"><span style=\"font-weight: 400;\">How to draw the shape on the client.<\/span><\/li>\n<\/ul>\n<\/li>\n<\/ul>\n<ul>\n<li style=\"list-style-type: none;\">\n<ul>\n<li style=\"font-weight: 400;\"><span style=\"font-weight: 400;\">How to calculate correct symmetry.<\/span><\/li>\n<\/ul>\n<\/li>\n<\/ul>\n<ul>\n<li style=\"list-style-type: none;\">\n<ul>\n<li style=\"font-weight: 400;\"><span style=\"font-weight: 400;\">How to prepare your client for treatment.<\/span><\/li>\n<\/ul>\n<\/li>\n<\/ul>\n<ul>\n<li style=\"list-style-type: none;\">\n<ul>\n<li style=\"font-weight: 400;\"><span style=\"font-weight: 400;\">Aftercare instructions for your client.<\/span><\/li>\n<\/ul>\n<\/li>\n<\/ul>\n<ul>\n<li style=\"list-style-type: none;\">\n<ul>\n<li style=\"font-weight: 400;\"><span style=\"font-weight: 400;\">Video and demonstrations of performing the treatment on a model, and much more.<\/span><\/li>\n<\/ul>\n<\/li>\n<\/ul>\n<p>&nbsp;<\/p>\n<p><b>PowderBrows Kit<\/b><\/p>\n<p><span style=\"font-weight: 400;\">1 pigmento PhiContour SUPE Brown 1 de 10 ml<br \/>\n<\/span><span style=\"font-weight: 400;\">1 pigmento PhiContour SUPE Brown 2 de 10 ml<br \/>\n<\/span><span style=\"font-weight: 400;\">1 pigmento PhiContour SUPE Brown 3 de 10 ml<br \/>\n<\/span><span style=\"font-weight: 400;\">1 Diluyente de l\u00edquido Phi Tinner de 10 ml<br \/>\n<\/span><span style=\"font-weight: 400;\">1 Pigmento Phibrows SUPE Amarillo de 5 ml<br \/>\n<\/span><span style=\"font-weight: 400;\">1 Pigmento Phibrows SUPE Rojo de 5 ml<br \/>\n<\/span><span style=\"font-weight: 400;\">1 Phi wipes Asept (5 pcs)<br \/>\n<\/span><span style=\"font-weight: 400;\">1 Phi wipes removedor de maquillaje (5pcs)<br \/>\n<\/span><span style=\"font-weight: 400;\">1 Comp\u00e1s Golden Ratio<br \/>\n<\/span><span style=\"font-weight: 400;\">1 Tijera y pinza de cejas<br \/>\n<\/span><span style=\"font-weight: 400;\">1 l\u00e1tex en blanco (3 pcs)<br \/>\n<\/span><span style=\"font-weight: 400;\">1 l\u00e1piz de dibujo (3 pcs)<br \/>\n<\/span><span style=\"font-weight: 400;\">1 Skin Candy ( 50 pcs)<br \/>\n<\/span><span style=\"font-weight: 400;\">1 Phi Foam 150 ml<br \/>\n<\/span><span style=\"font-weight: 400;\">1 Contenedor de pigmento autoadhesivo (50 PCs)<br \/>\n<\/span><span style=\"font-weight: 400;\">1 Phi mezclador\u00a0<\/span><\/p>\n<p><a href=\"https:\/\/academiaphilashes.com\/wp-content\/uploads\/2024\/10\/07-kit_Powder-Brows.webp\"><img loading=\"lazy\" decoding=\"async\" class=\"alignnone wp-image-12183\" src=\"https:\/\/academiaphilashes.com\/wp-content\/uploads\/2024\/10\/07-kit_Powder-Brows-300x300.webp\" alt=\"\" width=\"600\" height=\"600\" srcset=\"https:\/\/academiaphilashes.com\/wp-content\/uploads\/2024\/10\/07-kit_Powder-Brows-300x300.webp 300w, https:\/\/academiaphilashes.com\/wp-content\/uploads\/2024\/10\/07-kit_Powder-Brows-1024x1024.webp 1024w, https:\/\/academiaphilashes.com\/wp-content\/uploads\/2024\/10\/07-kit_Powder-Brows-150x150.webp 150w, https:\/\/academiaphilashes.com\/wp-content\/uploads\/2024\/10\/07-kit_Powder-Brows-768x768.webp 768w, https:\/\/academiaphilashes.com\/wp-content\/uploads\/2024\/10\/07-kit_Powder-Brows-12x12.webp 12w, https:\/\/academiaphilashes.com\/wp-content\/uploads\/2024\/10\/07-kit_Powder-Brows-75x75.webp 75w, https:\/\/academiaphilashes.com\/wp-content\/uploads\/2024\/10\/07-kit_Powder-Brows-600x600.webp 600w, https:\/\/academiaphilashes.com\/wp-content\/uploads\/2024\/10\/07-kit_Powder-Brows-100x100.webp 100w, https:\/\/academiaphilashes.com\/wp-content\/uploads\/2024\/10\/07-kit_Powder-Brows.webp 1080w\" sizes=\"auto, (max-width: 600px) 100vw, 600px\" \/><\/a><\/p>\n<p><b>At the end of your training<\/b><\/p>\n<p><span style=\"font-weight: 400;\">Upon completion of your training, the academy will award you an international certificate and a personalized logo certifying you as a Phiacademy Artist. You will appear on the world map and receive a physical certificate via DHL.<\/span><\/p>","protected":false},"excerpt":{"rendered":"<p>The evolution of permanent eyebrow makeup. It is a modern powder brow effect that uses specific needles and various shades to create the illusion of sleek or bold brows, depth of color and dimension.<\/p>\n<p>This technique has been around for decades, but has gradually improved over the years. This method consists of the application of thousands of tiny dots of pigment, which are inserted into the skin and little by little acquire a color and a beautiful defined shape.<\/p>","protected":false},"featured_media":11920,"template":"","meta":[],"product_brand":[],"product_cat":[22],"product_tag":[],"class_list":{"0":"post-1466","1":"product","2":"type-product","3":"status-publish","4":"has-post-thumbnail","6":"product_cat-cursos-online","7":"product_shipping_class-online-courses","9":"first","10":"instock","11":"taxable","12":"shipping-taxable","13":"purchasable","14":"product-type-variable"},"yoast_head":"<!-- This site is optimized with the Yoast SEO Premium plugin v27.2 (Yoast SEO v27.2) - https:\/\/yoast.com\/product\/yoast-seo-premium-wordpress\/ -->\n<title>Curso: PowderBrows | Micropigmentaci\u00f3n | Online - Academia Philashes | By Karina Gonz\u00e1lez<\/title>\n<meta name=\"robots\" content=\"index, follow, max-snippet:-1, max-image-preview:large, max-video-preview:-1\" \/>\n<link rel=\"canonical\" href=\"https:\/\/academiaphilashes.com\/en\/product\/curso-powderbrows-micropigmentacion-online\/\" \/>\n<meta property=\"og:locale\" content=\"en_US\" \/>\n<meta property=\"og:type\" content=\"article\" \/>\n<meta property=\"og:title\" content=\"Curso: PowderBrows | Micropigmentaci\u00f3n | Online\" \/>\n<meta property=\"og:description\" content=\"La evoluci\u00f3n del maquillaje permanente de cejas. Es un moderno efecto de cejas en polvo que utiliza agujas espec\u00edficas y varios tonos para crear la ilusi\u00f3n de cejas elegantes o llamativas, profundidad de color y dimensi\u00f3n.  Esta t\u00e9cnica ha existido durante d\u00e9cadas, pero ha ido mejorando gradualmente con los a\u00f1os. Este m\u00e9todo consiste en la aplicaci\u00f3n de miles de puntos diminutos de pigmento, que se insertan en la piel y que poco a poco adquieren un color y una hermosa forma definida.\" \/>\n<meta property=\"og:url\" content=\"https:\/\/academiaphilashes.com\/en\/product\/curso-powderbrows-micropigmentacion-online\/\" \/>\n<meta property=\"og:site_name\" content=\"Academia Philashes | By Karina Gonz\u00e1lez\" \/>\n<meta property=\"article:modified_time\" content=\"2026-03-20T19:24:49+00:00\" \/>\n<meta property=\"og:image\" content=\"https:\/\/academiaphilashes.com\/wp-content\/uploads\/2023\/12\/04-thumb-poster_Online-PowderBrows.webp\" \/>\n\t<meta property=\"og:image:width\" content=\"1080\" \/>\n\t<meta property=\"og:image:height\" content=\"1080\" \/>\n\t<meta property=\"og:image:type\" content=\"image\/webp\" \/>\n<meta name=\"twitter:card\" content=\"summary_large_image\" \/>\n<meta name=\"twitter:label1\" content=\"Est. reading time\" \/>\n\t<meta name=\"twitter:data1\" content=\"3 minutes\" \/>\n<script type=\"application\/ld+json\" class=\"yoast-schema-graph\">{\"@context\":\"https:\/\/schema.org\",\"@graph\":[{\"@type\":\"WebPage\",\"@id\":\"https:\/\/academiaphilashes.com\/en\/product\/curso-powderbrows-micropigmentacion-online\/\",\"url\":\"https:\/\/academiaphilashes.com\/en\/product\/curso-powderbrows-micropigmentacion-online\/\",\"name\":\"Curso: PowderBrows | Micropigmentaci\u00f3n | Online - Academia Philashes | By Karina Gonz\u00e1lez\",\"isPartOf\":{\"@id\":\"https:\/\/academiaphilashes.com\/en\/#website\"},\"primaryImageOfPage\":{\"@id\":\"https:\/\/academiaphilashes.com\/en\/product\/curso-powderbrows-micropigmentacion-online\/#primaryimage\"},\"image\":{\"@id\":\"https:\/\/academiaphilashes.com\/en\/product\/curso-powderbrows-micropigmentacion-online\/#primaryimage\"},\"thumbnailUrl\":\"https:\/\/academiaphilashes.com\/wp-content\/uploads\/2023\/12\/04-thumb-poster_Online-PowderBrows.webp\",\"datePublished\":\"2023-12-30T02:30:06+00:00\",\"dateModified\":\"2026-03-20T19:24:49+00:00\",\"breadcrumb\":{\"@id\":\"https:\/\/academiaphilashes.com\/en\/product\/curso-powderbrows-micropigmentacion-online\/#breadcrumb\"},\"inLanguage\":\"en-US\",\"potentialAction\":[{\"@type\":\"ReadAction\",\"target\":[\"https:\/\/academiaphilashes.com\/en\/product\/curso-powderbrows-micropigmentacion-online\/\"]}]},{\"@type\":\"ImageObject\",\"inLanguage\":\"en-US\",\"@id\":\"https:\/\/academiaphilashes.com\/en\/product\/curso-powderbrows-micropigmentacion-online\/#primaryimage\",\"url\":\"https:\/\/academiaphilashes.com\/wp-content\/uploads\/2023\/12\/04-thumb-poster_Online-PowderBrows.webp\",\"contentUrl\":\"https:\/\/academiaphilashes.com\/wp-content\/uploads\/2023\/12\/04-thumb-poster_Online-PowderBrows.webp\",\"width\":1080,\"height\":1080},{\"@type\":\"BreadcrumbList\",\"@id\":\"https:\/\/academiaphilashes.com\/en\/product\/curso-powderbrows-micropigmentacion-online\/#breadcrumb\",\"itemListElement\":[{\"@type\":\"ListItem\",\"position\":1,\"name\":\"Home\",\"item\":\"https:\/\/academiaphilashes.com\/\"},{\"@type\":\"ListItem\",\"position\":2,\"name\":\"Shop\",\"item\":\"https:\/\/academiaphilashes.com\/shop\/\"},{\"@type\":\"ListItem\",\"position\":3,\"name\":\"Curso: PowderBrows | Micropigmentaci\u00f3n | Online\"}]},{\"@type\":\"WebSite\",\"@id\":\"https:\/\/academiaphilashes.com\/en\/#website\",\"url\":\"https:\/\/academiaphilashes.com\/en\/\",\"name\":\"Academia Philashes | By Karina Gonz\u00e1lez\",\"description\":\"Academia internacional de pesta\u00f1as con el mejor m\u00e9todo de ense\u00f1anza a nivel mundial.\",\"potentialAction\":[{\"@type\":\"SearchAction\",\"target\":{\"@type\":\"EntryPoint\",\"urlTemplate\":\"https:\/\/academiaphilashes.com\/en\/?s={search_term_string}\"},\"query-input\":{\"@type\":\"PropertyValueSpecification\",\"valueRequired\":true,\"valueName\":\"search_term_string\"}}],\"inLanguage\":\"en-US\"}]}<\/script>\n<!-- \/ Yoast SEO Premium plugin. -->","yoast_head_json":{"title":"Curso: PowderBrows | Micropigmentaci\u00f3n | Online - Academia Philashes | By Karina Gonz\u00e1lez","robots":{"index":"index","follow":"follow","max-snippet":"max-snippet:-1","max-image-preview":"max-image-preview:large","max-video-preview":"max-video-preview:-1"},"canonical":"https:\/\/academiaphilashes.com\/en\/product\/curso-powderbrows-micropigmentacion-online\/","og_locale":"en_US","og_type":"article","og_title":"Curso: PowderBrows | Micropigmentaci\u00f3n | Online","og_description":"La evoluci\u00f3n del maquillaje permanente de cejas. Es un moderno efecto de cejas en polvo que utiliza agujas espec\u00edficas y varios tonos para crear la ilusi\u00f3n de cejas elegantes o llamativas, profundidad de color y dimensi\u00f3n.  Esta t\u00e9cnica ha existido durante d\u00e9cadas, pero ha ido mejorando gradualmente con los a\u00f1os. Este m\u00e9todo consiste en la aplicaci\u00f3n de miles de puntos diminutos de pigmento, que se insertan en la piel y que poco a poco adquieren un color y una hermosa forma definida.","og_url":"https:\/\/academiaphilashes.com\/en\/product\/curso-powderbrows-micropigmentacion-online\/","og_site_name":"Academia Philashes | By Karina Gonz\u00e1lez","article_modified_time":"2026-03-20T19:24:49+00:00","og_image":[{"width":1080,"height":1080,"url":"https:\/\/academiaphilashes.com\/wp-content\/uploads\/2023\/12\/04-thumb-poster_Online-PowderBrows.webp","type":"image\/webp"}],"twitter_card":"summary_large_image","twitter_misc":{"Est. reading time":"3 minutes"},"schema":{"@context":"https:\/\/schema.org","@graph":[{"@type":"WebPage","@id":"https:\/\/academiaphilashes.com\/en\/product\/curso-powderbrows-micropigmentacion-online\/","url":"https:\/\/academiaphilashes.com\/en\/product\/curso-powderbrows-micropigmentacion-online\/","name":"Curso: PowderBrows | Micropigmentaci\u00f3n | Online - Academia Philashes | By Karina Gonz\u00e1lez","isPartOf":{"@id":"https:\/\/academiaphilashes.com\/en\/#website"},"primaryImageOfPage":{"@id":"https:\/\/academiaphilashes.com\/en\/product\/curso-powderbrows-micropigmentacion-online\/#primaryimage"},"image":{"@id":"https:\/\/academiaphilashes.com\/en\/product\/curso-powderbrows-micropigmentacion-online\/#primaryimage"},"thumbnailUrl":"https:\/\/academiaphilashes.com\/wp-content\/uploads\/2023\/12\/04-thumb-poster_Online-PowderBrows.webp","datePublished":"2023-12-30T02:30:06+00:00","dateModified":"2026-03-20T19:24:49+00:00","breadcrumb":{"@id":"https:\/\/academiaphilashes.com\/en\/product\/curso-powderbrows-micropigmentacion-online\/#breadcrumb"},"inLanguage":"en-US","potentialAction":[{"@type":"ReadAction","target":["https:\/\/academiaphilashes.com\/en\/product\/curso-powderbrows-micropigmentacion-online\/"]}]},{"@type":"ImageObject","inLanguage":"en-US","@id":"https:\/\/academiaphilashes.com\/en\/product\/curso-powderbrows-micropigmentacion-online\/#primaryimage","url":"https:\/\/academiaphilashes.com\/wp-content\/uploads\/2023\/12\/04-thumb-poster_Online-PowderBrows.webp","contentUrl":"https:\/\/academiaphilashes.com\/wp-content\/uploads\/2023\/12\/04-thumb-poster_Online-PowderBrows.webp","width":1080,"height":1080},{"@type":"BreadcrumbList","@id":"https:\/\/academiaphilashes.com\/en\/product\/curso-powderbrows-micropigmentacion-online\/#breadcrumb","itemListElement":[{"@type":"ListItem","position":1,"name":"Home","item":"https:\/\/academiaphilashes.com\/"},{"@type":"ListItem","position":2,"name":"Shop","item":"https:\/\/academiaphilashes.com\/shop\/"},{"@type":"ListItem","position":3,"name":"Curso: PowderBrows | Micropigmentaci\u00f3n | Online"}]},{"@type":"WebSite","@id":"https:\/\/academiaphilashes.com\/en\/#website","url":"https:\/\/academiaphilashes.com\/en\/","name":"Academia Philashes | By Karina Gonz\u00e1lez","description":"Academia internacional de pesta\u00f1as con el mejor m\u00e9todo de ense\u00f1anza a nivel mundial.","potentialAction":[{"@type":"SearchAction","target":{"@type":"EntryPoint","urlTemplate":"https:\/\/academiaphilashes.com\/en\/?s={search_term_string}"},"query-input":{"@type":"PropertyValueSpecification","valueRequired":true,"valueName":"search_term_string"}}],"inLanguage":"en-US"}]}},"jetpack_sharing_enabled":true,"_links":{"self":[{"href":"https:\/\/academiaphilashes.com\/en\/wp-json\/wp\/v2\/product\/1466","targetHints":{"allow":["GET"]}}],"collection":[{"href":"https:\/\/academiaphilashes.com\/en\/wp-json\/wp\/v2\/product"}],"about":[{"href":"https:\/\/academiaphilashes.com\/en\/wp-json\/wp\/v2\/types\/product"}],"version-history":[{"count":0,"href":"https:\/\/academiaphilashes.com\/en\/wp-json\/wp\/v2\/product\/1466\/revisions"}],"wp:featuredmedia":[{"embeddable":true,"href":"https:\/\/academiaphilashes.com\/en\/wp-json\/wp\/v2\/media\/11920"}],"wp:attachment":[{"href":"https:\/\/academiaphilashes.com\/en\/wp-json\/wp\/v2\/media?parent=1466"}],"wp:term":[{"taxonomy":"product_brand","embeddable":true,"href":"https:\/\/academiaphilashes.com\/en\/wp-json\/wp\/v2\/product_brand?post=1466"},{"taxonomy":"product_cat","embeddable":true,"href":"https:\/\/academiaphilashes.com\/en\/wp-json\/wp\/v2\/product_cat?post=1466"},{"taxonomy":"product_tag","embeddable":true,"href":"https:\/\/academiaphilashes.com\/en\/wp-json\/wp\/v2\/product_tag?post=1466"}],"curies":[{"name":"wp","href":"https:\/\/api.w.org\/{rel}","templated":true}]}}